{"id":2351,"date":"2024-03-07T15:24:47","date_gmt":"2024-03-07T12:24:47","guid":{"rendered":"https:\/\/palmiyesusleme.com\/index.php\/urun\/12mm-compact-tablali-cafe-masasi\/"},"modified":"2024-03-07T15:25:01","modified_gmt":"2024-03-07T12:25:01","slug":"12mm-compact-tablali-cafe-masasi","status":"publish","type":"product","link":"https:\/\/palmiyesusleme.com\/index.php\/urun\/12mm-compact-tablali-cafe-masasi\/","title":{"rendered":"12mm Compact Tablal\u0131 Cafe Masas\u0131"},"content":{"rendered":"<p>&lt;p&gt;12mm Compact Tablal\u0131 Cafe Masas\u0131&lt;br&gt;&lt;\/p&gt;<\/p>\n","protected":false},"excerpt":{"rendered":"<p>&lt;p&gt;12mm Compact Tablal\u0131 Cafe Masas\u0131&lt;br&gt;&lt;\/p&gt;<\/p>\n","protected":false},"featured_media":2352,"comment_status":"closed","ping_status":"open","template":"","meta":{"_joinchat":[]},"product_cat":[111,64,112],"product_tag":[],"class_list":{"0":"post-2351","1":"product","2":"type-product","3":"status-publish","4":"has-post-thumbnail","6":"product_cat-compact-masa","7":"product_cat-masa-sandalye-modelleri","8":"product_cat-metal-ayakli-kare-masa","10":"first","11":"instock","12":"product-type-simple"},"_links":{"self":[{"href":"https:\/\/palmiyesusleme.com\/index.php\/wp-json\/wp\/v2\/product\/2351","targetHints":{"allow":["GET"]}}],"collection":[{"href":"https:\/\/palmiyesusleme.com\/index.php\/wp-json\/wp\/v2\/product"}],"about":[{"href":"https:\/\/palmiyesusleme.com\/index.php\/wp-json\/wp\/v2\/types\/product"}],"replies":[{"embeddable":true,"href":"https:\/\/palmiyesusleme.com\/index.php\/wp-json\/wp\/v2\/comments?post=2351"}],"wp:featuredmedia":[{"embeddable":true,"href":"https:\/\/palmiyesusleme.com\/index.php\/wp-json\/wp\/v2\/media\/2352"}],"wp:attachment":[{"href":"https:\/\/palmiyesusleme.com\/index.php\/wp-json\/wp\/v2\/media?parent=2351"}],"wp:term":[{"taxonomy":"product_cat","embeddable":true,"href":"https:\/\/palmiyesusleme.com\/index.php\/wp-json\/wp\/v2\/product_cat?post=2351"},{"taxonomy":"product_tag","embeddable":true,"href":"https:\/\/palmiyesusleme.com\/index.php\/wp-json\/wp\/v2\/product_tag?post=2351"}],"curies":[{"name":"wp","href":"https:\/\/api.w.org\/{rel}","templated":true}]}}