{"id":33,"date":"2024-03-07T14:56:15","date_gmt":"2024-03-07T11:56:15","guid":{"rendered":"https:\/\/palmiyesusleme.com\/index.php\/urun\/napolyon-sandalye-tfs4071h\/"},"modified":"2024-03-07T14:56:26","modified_gmt":"2024-03-07T11:56:26","slug":"napolyon-sandalye-tfs4071h","status":"publish","type":"product","link":"http:\/\/palmiyesusleme.com\/index.php\/urun\/napolyon-sandalye-tfs4071h\/","title":{"rendered":"Napolyon Sandalye tfs4071h"},"content":{"rendered":"<p>&lt;p&gt;&lt;font color=&quot;#262626&quot; face=&quot;Arial, sans-serif&quot;&gt;&lt;span style=&quot;font-size: 17.3333px; background-color: rgb(243, 243, 243);&quot;&gt;ELITE, hem i\u00e7 hem de d\u0131\u015f mekan etkinlikleri i\u00e7in kullan\u0131labilen, hafif, pratik ve istiflenebilir bir etkinlik sandalyesidir. \u015e\u0131kl\u0131\u011f\u0131 ve zarif tasar\u0131m\u0131 ile dikkat \u00e7eken Elite sandalye, kullan\u0131lan her mekana uyum sa\u011flayacak bir tasar\u0131ma sahiptir.&lt;\/span&gt;&lt;\/font&gt;&lt;\/p&gt;&lt;p&gt;&lt;font color=&quot;#262626&quot; face=&quot;Arial, sans-serif&quot;&gt;&lt;span style=&quot;font-size: 17.3333px; background-color: rgb(243, 243, 243);&quot;&gt;&lt;br&gt;&lt;\/span&gt;&lt;\/font&gt;&lt;\/p&gt;&lt;p&gt;&lt;font color=&quot;#262626&quot; face=&quot;Arial, sans-serif&quot;&gt;&lt;span style=&quot;font-size: 17.3333px; background-color: rgb(243, 243, 243);&quot;&gt;&lt;br&gt;&lt;\/span&gt;&lt;\/font&gt;&lt;\/p&gt;&lt;hr&gt;&lt;p&gt;&lt;img src=&quot;https:\/\/www.palmiyekocak.com\/image\/urun-olculeri\/ahsap-klasik-kollu-sandalye-olculer.png&quot;&gt;&lt;br&gt;&lt;\/p&gt;&lt;p&gt;&lt;br&gt;&lt;\/p&gt;&lt;table class=&quot;table table-bordered&quot; style=&quot;background-color: rgb(255, 255, 255); width: 867.309px;&quot;&gt;&lt;tbody&gt;&lt;tr&gt;&lt;td style=&quot;line-height: 1.42857;&quot;&gt;Geni\u015flik&lt;\/td&gt;&lt;td style=&quot;line-height: 1.42857;&quot;&gt;&lt;\/td&gt;&lt;\/tr&gt;&lt;tr&gt;&lt;td style=&quot;line-height: 1.42857;&quot;&gt;Oturum Y\u00fckseli\u011fi&lt;\/td&gt;&lt;td style=&quot;line-height: 1.42857;&quot;&gt;&lt;\/td&gt;&lt;\/tr&gt;&lt;tr&gt;&lt;td style=&quot;line-height: 1.42857;&quot;&gt;Derinlik&lt;\/td&gt;&lt;td style=&quot;line-height: 1.42857;&quot;&gt;&lt;\/td&gt;&lt;\/tr&gt;&lt;tr&gt;&lt;td style=&quot;line-height: 1.42857;&quot;&gt;Y\u00fckseklik&lt;br&gt;&lt;\/td&gt;&lt;td style=&quot;line-height: 1.42857;&quot;&gt;&lt;\/td&gt;&lt;\/tr&gt;&lt;\/tbody&gt;&lt;\/table&gt;&lt;p&gt;\u0130ste\u011fe \u00f6zel olarak malzeme cinsinde ( metal elektrostatik ral boyal\u0131 kataforezli ve portatif minderlidir.) ve \u00fcr\u00fcn \u00f6l\u00e7\u00fclerinde de\u011fi\u015fiklik yap\u0131labilir.&lt;\/p&gt;&lt;table class=&quot;table table-bordered&quot; style=&quot;background-color: rgb(255, 255, 255); width: 867.309px;&quot;&gt;&lt;tbody&gt;&lt;tr&gt;&lt;td colspan=&quot;4&quot; class=&quot;text-center&quot; style=&quot;line-height: 1.42857;&quot;&gt;&lt;img src=&quot;https:\/\/www.palmiyekocak.com\/image\/urun-olculeri\/ahsap-klasik-kollu-sandalye-olculer.png&quot; alt=&quot;\u00d6l\u00e7\u00fc&quot;&gt;&lt;\/td&gt;&lt;\/tr&gt;&lt;tr&gt;&lt;td class=&quot;text-center&quot; style=&quot;line-height: 1.42857;&quot;&gt;&lt;span class=&quot;text-center&quot; style=&quot;vertical-align: middle;&quot;&gt;&lt;strong&gt;Geni\u015flik&lt;\/strong&gt;&lt;\/span&gt;&lt;\/td&gt;&lt;td class=&quot;text-center&quot; style=&quot;line-height: 1.42857;&quot;&gt;&lt;span class=&quot;text-center&quot; style=&quot;vertical-align: middle;&quot;&gt;&lt;strong&gt;Oturum Y\u00fcksekli\u011fi&lt;\/strong&gt;&lt;\/span&gt;&lt;\/td&gt;&lt;td class=&quot;text-center&quot; style=&quot;line-height: 1.42857;&quot;&gt;&lt;span class=&quot;text-center&quot; style=&quot;vertical-align: middle;&quot;&gt;&lt;strong&gt;Derinlik&lt;\/strong&gt;&lt;\/span&gt;&lt;\/td&gt;&lt;td class=&quot;text-center&quot; style=&quot;line-height: 1.42857;&quot;&gt;&lt;span class=&quot;text-center&quot; style=&quot;vertical-align: middle;&quot;&gt;&lt;strong&gt;Y\u00fckseklik&lt;\/strong&gt;&lt;\/span&gt;&lt;\/td&gt;&lt;\/tr&gt;&lt;tr&gt;&lt;td class=&quot;text-center&quot; style=&quot;line-height: 1.42857;&quot;&gt;&lt;br&gt;&lt;\/td&gt;&lt;td class=&quot;text-center&quot; style=&quot;line-height: 1.42857;&quot;&gt;&lt;br&gt;&lt;\/td&gt;&lt;td class=&quot;text-center&quot; style=&quot;line-height: 1.42857;&quot;&gt;&lt;br&gt;&lt;\/td&gt;&lt;td class=&quot;text-center&quot; style=&quot;line-height: 1.42857;&quot;&gt;&lt;br&gt;&lt;\/td&gt;&lt;\/tr&gt;&lt;tr&gt;&lt;td class=&quot;text-center&quot; colspan=&quot;4&quot; style=&quot;line-height: 1.42857;&quot;&gt;\u0130ste\u011fe \u00f6zel olarak malzeme cinsinde (&lt;span style=&quot;text-align: start;&quot;&gt;&amp;nbsp;&lt;\/span&gt;metal elektrostatik ral boyal\u0131 kataforezli ve portatif minderlidir&lt;span style=&quot;text-align: start;&quot;&gt;.&lt;\/span&gt;) ve \u00fcr\u00fcn \u00f6l\u00e7\u00fclerinde de\u011fi\u015fiklik yap\u0131labilir.&lt;\/td&gt;&lt;\/tr&gt;&lt;\/tbody&gt;&lt;\/table&gt;&lt;p&gt;&lt;br&gt;&lt;\/p&gt;<\/p>\n","protected":false},"excerpt":{"rendered":"<p>&lt;p&gt;&lt;font color=&quot;#262626&quot; face=&quot;Arial, sans-serif&quot;&gt;&lt;span style=&quot;font-size: 17.3333px; background-color: rgb(243, 243, 243);&quot;&gt;ELITE, hem i\u00e7 hem de d\u0131\u015f mekan etkinlikleri i\u00e7in kullan\u0131labilen, hafif, pratik ve istiflenebilir bir etkinlik sandalyesidir. \u015e\u0131kl\u0131\u011f\u0131 ve zarif tasar\u0131m\u0131 ile dikkat \u00e7eken Elite sandalye, kullan\u0131lan her mekana uyum sa\u011flayacak bir tasar\u0131ma sahiptir.&lt;\/span&gt;&lt;\/font&gt;&lt;\/p&gt;&lt;p&gt;&lt;font color=&quot;#262626&quot; face=&quot;Arial, sans-serif&quot;&gt;&lt;span style=&quot;font-size: 17.3333px; background-color: rgb(243, 243, 243);&quot;&gt;&lt;br&gt;&lt;\/span&gt;&lt;\/font&gt;&lt;\/p&gt;&lt;p&gt;&lt;font color=&quot;#262626&quot; face=&quot;Arial, sans-serif&quot;&gt;&lt;span [&hellip;]<\/p>\n","protected":false},"featured_media":34,"comment_status":"closed","ping_status":"open","template":"","meta":{"_joinchat":[]},"product_cat":[26],"product_tag":[],"class_list":{"0":"post-33","1":"product","2":"type-product","3":"status-publish","4":"has-post-thumbnail","6":"product_cat-napolyon-sandalye","8":"first","9":"instock","10":"product-type-simple"},"_links":{"self":[{"href":"http:\/\/palmiyesusleme.com\/index.php\/wp-json\/wp\/v2\/product\/33","targetHints":{"allow":["GET"]}}],"collection":[{"href":"http:\/\/palmiyesusleme.com\/index.php\/wp-json\/wp\/v2\/product"}],"about":[{"href":"http:\/\/palmiyesusleme.com\/index.php\/wp-json\/wp\/v2\/types\/product"}],"replies":[{"embeddable":true,"href":"http:\/\/palmiyesusleme.com\/index.php\/wp-json\/wp\/v2\/comments?post=33"}],"wp:featuredmedia":[{"embeddable":true,"href":"http:\/\/palmiyesusleme.com\/index.php\/wp-json\/wp\/v2\/media\/34"}],"wp:attachment":[{"href":"http:\/\/palmiyesusleme.com\/index.php\/wp-json\/wp\/v2\/media?parent=33"}],"wp:term":[{"taxonomy":"product_cat","embeddable":true,"href":"http:\/\/palmiyesusleme.com\/index.php\/wp-json\/wp\/v2\/product_cat?post=33"},{"taxonomy":"product_tag","embeddable":true,"href":"http:\/\/palmiyesusleme.com\/index.php\/wp-json\/wp\/v2\/product_tag?post=33"}],"curies":[{"name":"wp","href":"https:\/\/api.w.org\/{rel}","templated":true}]}}