{"id":658,"date":"2024-03-07T15:04:00","date_gmt":"2024-03-07T12:04:00","guid":{"rendered":"https:\/\/palmiyesusleme.com\/index.php\/urun\/2020-ahsap-kutuk-masa\/"},"modified":"2024-03-07T15:04:05","modified_gmt":"2024-03-07T12:04:05","slug":"2020-ahsap-kutuk-masa","status":"publish","type":"product","link":"https:\/\/palmiyesusleme.com\/index.php\/urun\/2020-ahsap-kutuk-masa\/","title":{"rendered":"2020 Ah\u015fap K\u00fct\u00fck Masa"},"content":{"rendered":"<p>&lt;p&gt;2020 Ah\u015fap K\u00fct\u00fck Masa&lt;br&gt;&lt;\/p&gt;<\/p>\n","protected":false},"excerpt":{"rendered":"<p>&lt;p&gt;2020 Ah\u015fap K\u00fct\u00fck Masa&lt;br&gt;&lt;\/p&gt;<\/p>\n","protected":false},"featured_media":659,"comment_status":"closed","ping_status":"open","template":"","meta":{"_joinchat":[]},"product_cat":[74],"product_tag":[],"class_list":{"0":"post-658","1":"product","2":"type-product","3":"status-publish","4":"has-post-thumbnail","6":"product_cat-kutuk-masa-tablasi","8":"first","9":"instock","10":"product-type-simple"},"_links":{"self":[{"href":"https:\/\/palmiyesusleme.com\/index.php\/wp-json\/wp\/v2\/product\/658","targetHints":{"allow":["GET"]}}],"collection":[{"href":"https:\/\/palmiyesusleme.com\/index.php\/wp-json\/wp\/v2\/product"}],"about":[{"href":"https:\/\/palmiyesusleme.com\/index.php\/wp-json\/wp\/v2\/types\/product"}],"replies":[{"embeddable":true,"href":"https:\/\/palmiyesusleme.com\/index.php\/wp-json\/wp\/v2\/comments?post=658"}],"wp:featuredmedia":[{"embeddable":true,"href":"https:\/\/palmiyesusleme.com\/index.php\/wp-json\/wp\/v2\/media\/659"}],"wp:attachment":[{"href":"https:\/\/palmiyesusleme.com\/index.php\/wp-json\/wp\/v2\/media?parent=658"}],"wp:term":[{"taxonomy":"product_cat","embeddable":true,"href":"https:\/\/palmiyesusleme.com\/index.php\/wp-json\/wp\/v2\/product_cat?post=658"},{"taxonomy":"product_tag","embeddable":true,"href":"https:\/\/palmiyesusleme.com\/index.php\/wp-json\/wp\/v2\/product_tag?post=658"}],"curies":[{"name":"wp","href":"https:\/\/api.w.org\/{rel}","templated":true}]}}