{"id":8032,"date":"2024-03-07T16:20:21","date_gmt":"2024-03-07T13:20:21","guid":{"rendered":"https:\/\/palmiyesusleme.com\/index.php\/urun\/beyaz-kollu-bahce-kollu-bahce-sandalyesi\/"},"modified":"2024-03-07T16:20:31","modified_gmt":"2024-03-07T13:20:31","slug":"beyaz-kollu-bahce-kollu-bahce-sandalyesi","status":"publish","type":"product","link":"http:\/\/palmiyesusleme.com\/index.php\/urun\/beyaz-kollu-bahce-kollu-bahce-sandalyesi\/","title":{"rendered":"Beyaz Kollu Bah\u00e7e Kollu Bah\u00e7e Sandalyesi"},"content":{"rendered":"<p>&lt;p&gt;&lt;b&gt;Beyaz Kollu Bah\u00e7e Kollu Bah\u00e7e Sandalyesi&lt;\/b&gt;&lt;br&gt;&lt;\/p&gt;&lt;p&gt;&lt;img src=&quot;https:\/\/www.palmiyekocak.com\/image\/catalog\/update\/beyaz-kollu-bahce-kollu-bahce-sandalyesi.jpg&quot; style=&quot;width: 520.262px; height: 158.503px;&quot;&gt;&lt;\/p&gt;&lt;p&gt;&lt;b&gt;\u00dcr\u00fcn \u00d6zellikleri:&lt;\/b&gt;&lt;\/p&gt;&lt;ul&gt;&lt;li&gt;Plastiktir, beyaz kollar\u0131 vard\u0131r.&lt;\/li&gt;&lt;li&gt;S\u0131rtl\u0131d\u0131r.&lt;\/li&gt;&lt;li&gt;Bak\u0131m\u0131 kolayd\u0131r.&lt;\/li&gt;&lt;li&gt;Dayan\u0131kl\u0131 malzemeden \u00fcretilmi\u015ftir.&lt;\/li&gt;&lt;li&gt;Perakende sat\u0131\u015f\u0131 yoktur, toptan sipari\u015f al\u0131n\u0131r.&lt;\/li&gt;&lt;\/ul&gt;&lt;p&gt;\u0130ste\u011fe \u00f6zel olarak malzeme cinsinde (ah\u015fap,boya,kuma\u015f,deri) ve \u00fcr\u00fcn \u00f6l\u00e7\u00fclerinde de\u011fi\u015fiklik yap\u0131labilir.&lt;\/p&gt;&lt;p&gt;\u00dcr\u00fcn hakk\u0131nda bilgi ve fiyat almak i\u00e7in \u00fcr\u00fcn kodunu ve adetini bize E-posta, Whatsapp veya Telefon yoluyla iletiniz. Sat\u0131\u015f ekibimiz en k\u0131sa s\u00fcrede size d\u00f6necektir.&lt;\/p&gt;&lt;p&gt;&lt;br&gt;&lt;\/p&gt;&lt;p&gt;&lt;b&gt;&lt;a href=&quot;https:\/\/www.palmiyekocak.com\/iletisim&quot; target=&quot;_blank&quot;&gt;ileti\u015fim bilgilerimiz i\u00e7in t\u0131klay\u0131n\u0131z.&lt;\/a&gt;&lt;\/b&gt;&lt;\/p&gt;<\/p>\n","protected":false},"excerpt":{"rendered":"<p>&lt;p&gt;&lt;b&gt;Beyaz Kollu Bah\u00e7e Kollu Bah\u00e7e Sandalyesi&lt;\/b&gt;&lt;br&gt;&lt;\/p&gt;&lt;p&gt;&lt;img src=&quot;https:\/\/www.palmiyekocak.com\/image\/catalog\/update\/beyaz-kollu-bahce-kollu-bahce-sandalyesi.jpg&quot; style=&quot;width: 520.262px; height: 158.503px;&quot;&gt;&lt;\/p&gt;&lt;p&gt;&lt;b&gt;\u00dcr\u00fcn \u00d6zellikleri:&lt;\/b&gt;&lt;\/p&gt;&lt;ul&gt;&lt;li&gt;Plastiktir, beyaz kollar\u0131 vard\u0131r.&lt;\/li&gt;&lt;li&gt;S\u0131rtl\u0131d\u0131r.&lt;\/li&gt;&lt;li&gt;Bak\u0131m\u0131 kolayd\u0131r.&lt;\/li&gt;&lt;li&gt;Dayan\u0131kl\u0131 malzemeden \u00fcretilmi\u015ftir.&lt;\/li&gt;&lt;li&gt;Perakende sat\u0131\u015f\u0131 yoktur, toptan sipari\u015f al\u0131n\u0131r.&lt;\/li&gt;&lt;\/ul&gt;&lt;p&gt;\u0130ste\u011fe \u00f6zel olarak malzeme cinsinde (ah\u015fap,boya,kuma\u015f,deri) ve \u00fcr\u00fcn \u00f6l\u00e7\u00fclerinde de\u011fi\u015fiklik yap\u0131labilir.&lt;\/p&gt;&lt;p&gt;\u00dcr\u00fcn hakk\u0131nda bilgi ve fiyat almak i\u00e7in \u00fcr\u00fcn kodunu ve adetini bize E-posta, Whatsapp veya Telefon yoluyla iletiniz. Sat\u0131\u015f ekibimiz en k\u0131sa s\u00fcrede [&hellip;]<\/p>\n","protected":false},"featured_media":8033,"comment_status":"closed","ping_status":"open","template":"","meta":{"_joinchat":[]},"product_cat":[155,153,201],"product_tag":[],"class_list":{"0":"post-8032","1":"product","2":"type-product","3":"status-publish","4":"has-post-thumbnail","6":"product_cat-plastik-bahce-sandalyesi","7":"product_cat-plastik-sandalye","8":"product_cat-plastik-sandalye-fiyatlari","10":"first","11":"instock","12":"product-type-simple"},"_links":{"self":[{"href":"http:\/\/palmiyesusleme.com\/index.php\/wp-json\/wp\/v2\/product\/8032","targetHints":{"allow":["GET"]}}],"collection":[{"href":"http:\/\/palmiyesusleme.com\/index.php\/wp-json\/wp\/v2\/product"}],"about":[{"href":"http:\/\/palmiyesusleme.com\/index.php\/wp-json\/wp\/v2\/types\/product"}],"replies":[{"embeddable":true,"href":"http:\/\/palmiyesusleme.com\/index.php\/wp-json\/wp\/v2\/comments?post=8032"}],"wp:featuredmedia":[{"embeddable":true,"href":"http:\/\/palmiyesusleme.com\/index.php\/wp-json\/wp\/v2\/media\/8033"}],"wp:attachment":[{"href":"http:\/\/palmiyesusleme.com\/index.php\/wp-json\/wp\/v2\/media?parent=8032"}],"wp:term":[{"taxonomy":"product_cat","embeddable":true,"href":"http:\/\/palmiyesusleme.com\/index.php\/wp-json\/wp\/v2\/product_cat?post=8032"},{"taxonomy":"product_tag","embeddable":true,"href":"http:\/\/palmiyesusleme.com\/index.php\/wp-json\/wp\/v2\/product_tag?post=8032"}],"curies":[{"name":"wp","href":"https:\/\/api.w.org\/{rel}","templated":true}]}}