{"id":823,"date":"2024-03-07T15:05:56","date_gmt":"2024-03-07T12:05:56","guid":{"rendered":"https:\/\/palmiyesusleme.com\/index.php\/urun\/luken-eskitme-cilali-masa\/"},"modified":"2024-03-07T15:06:04","modified_gmt":"2024-03-07T12:06:04","slug":"luken-eskitme-cilali-masa","status":"publish","type":"product","link":"http:\/\/palmiyesusleme.com\/index.php\/urun\/luken-eskitme-cilali-masa\/","title":{"rendered":"Luken Eskitme Cilal\u0131 Masa"},"content":{"rendered":"<p>\u00dcr\u00fcn hakk\u0131nda bilgi ve fiyat almak i\u00e7in \u00fcr\u00fcn kodunu ve adetini bize E-posta, Whatsapp veya Telefon yoluyla iletiniz. Sat\u0131\u015f ekibimiz en k\u0131sa s\u00fcrede size d\u00f6necektir.&lt;hr&gt;&lt;p&gt;&lt;b&gt;\u00d6l\u00e7\u00fcler&lt;br&gt;&lt;\/b&gt;&lt;img src=&quot;\/image\/urun-olculeri\/ahsap-klasik-masa.png&quot;&gt;&lt;\/p&gt;&lt;table class=&quot;table table-bordered&quot;&gt;&lt;tbody&gt;&lt;tr&gt;&lt;td&gt;En \/ Derinlik&lt;\/td&gt;&lt;td&gt;70 cm&lt;\/td&gt;&lt;td&gt;85 cm&lt;\/td&gt;&lt;td&gt;100 cm&lt;\/td&gt;&lt;\/tr&gt;&lt;tr&gt;&lt;td&gt;Geni\u015flik&lt;\/td&gt;&lt;td&gt;120 cm&lt;\/td&gt;&lt;td&gt;160 cm&lt;\/td&gt;&lt;td&gt;190 cm&lt;\/td&gt;&lt;\/tr&gt;&lt;tr&gt;&lt;td&gt;Y\u00fckseklik&lt;\/td&gt;&lt;td&gt;77 cm&lt;\/td&gt;&lt;td&gt;77 cm&lt;\/td&gt;&lt;td&gt;77 cm&lt;\/td&gt;&lt;\/tr&gt;&lt;\/tbody&gt;&lt;\/table&gt;&lt;p&gt;\u0130ste\u011fe \u00f6zel olarak malzeme cinsinde (ah\u015fap,boya,kuma\u015f,deri) ve \u00fcr\u00fcn \u00f6l\u00e7\u00fclerinde de\u011fi\u015fiklik yap\u0131labilir.&lt;\/p&gt;&lt;table class=&quot;table table-bordered&quot;&gt;<br \/>\n&lt;tbody&gt;<br \/>\n&lt;tr&gt;<br \/>\n&lt;td colspan=&quot;4&quot; class=&quot;text-center&quot; style=&quot;vertical-align:middle&quot;&gt;&lt;img src=&quot;\/image\/urun-olculeri\/ahsap-klasik-kollu-sandalye-olculer.png&quot; alt=&quot;\u00d6l\u00e7\u00fc&quot;&gt;&lt;\/td&gt;<br \/>\n&lt;\/tr&gt;<br \/>\n&lt;tr&gt;<br \/>\n&lt;td class=&quot;text-center&quot; style=&quot;vertical-align:middle&quot;&gt;&lt;span class=&quot;text-center&quot; style=&quot;vertical-align:middle&quot;&gt;&lt;strong&gt;Geni\u015flik&lt;\/strong&gt;&lt;\/span&gt;&lt;\/td&gt;<br \/>\n&lt;td class=&quot;text-center&quot; style=&quot;vertical-align:middle&quot;&gt;&lt;span class=&quot;text-center&quot; style=&quot;vertical-align:middle&quot;&gt;&lt;strong&gt;Oturum Y\u00fcksekli\u011fi&lt;\/strong&gt;&lt;\/span&gt;&lt;\/td&gt;<br \/>\n&lt;td class=&quot;text-center&quot; style=&quot;vertical-align:middle&quot;&gt;&lt;span class=&quot;text-center&quot; style=&quot;vertical-align:middle&quot;&gt;&lt;strong&gt;Derinlik&lt;\/strong&gt;&lt;\/span&gt;&lt;\/td&gt;<br \/>\n&lt;td class=&quot;text-center&quot; style=&quot;vertical-align:middle&quot;&gt;&lt;span class=&quot;text-center&quot; style=&quot;vertical-align:middle&quot;&gt;&lt;strong&gt;Y\u00fckseklik&lt;\/strong&gt;&lt;\/span&gt;&lt;\/td&gt;<br \/>\n&lt;\/tr&gt;<br \/>\n&lt;tr&gt;<br \/>\n&lt;td class=&quot;text-center&quot; style=&quot;vertical-align:middle&quot;&gt;\u00a0&lt;\/td&gt;<br \/>\n&lt;td class=&quot;text-center&quot; style=&quot;vertical-align:middle&quot;&gt;\u00a0&lt;\/td&gt;<br \/>\n&lt;td class=&quot;text-center&quot; style=&quot;vertical-align:middle&quot;&gt;\u00a0&lt;\/td&gt;<br \/>\n&lt;td class=&quot;text-center&quot; style=&quot;vertical-align:middle&quot;&gt;\u00a0&lt;\/td&gt;<br \/>\n&lt;\/tr&gt;<br \/>\n&lt;tr&gt;<br \/>\n&lt;td class=&quot;text-center&quot; style=&quot;vertical-align:middle&quot; colspan=&quot;4&quot;&gt;\u0130ste\u011fe \u00f6zel olarak malzeme cinsinde (ah\u015fap,boya,kuma\u015f,deri) ve \u00fcr\u00fcn \u00f6l\u00e7\u00fclerinde de\u011fi\u015fiklik yap\u0131labilir.&lt;\/td&gt;<br \/>\n&lt;\/tr&gt;<br \/>\n&lt;\/tbody&gt;<br \/>\n&lt;\/table&gt;<br \/>\n&lt;hr&gt;<\/p>\n","protected":false},"excerpt":{"rendered":"<p>\u00dcr\u00fcn hakk\u0131nda bilgi ve fiyat almak i\u00e7in \u00fcr\u00fcn kodunu ve adetini bize E-posta, Whatsapp veya Telefon yoluyla iletiniz. Sat\u0131\u015f ekibimiz en k\u0131sa s\u00fcrede size d\u00f6necektir.&lt;hr&gt;&lt;p&gt;&lt;b&gt;\u00d6l\u00e7\u00fcler&lt;br&gt;&lt;\/b&gt;&lt;img src=&quot;\/image\/urun-olculeri\/ahsap-klasik-masa.png&quot;&gt;&lt;\/p&gt;&lt;table class=&quot;table table-bordered&quot;&gt;&lt;tbody&gt;&lt;tr&gt;&lt;td&gt;En \/ Derinlik&lt;\/td&gt;&lt;td&gt;70 cm&lt;\/td&gt;&lt;td&gt;85 cm&lt;\/td&gt;&lt;td&gt;100 cm&lt;\/td&gt;&lt;\/tr&gt;&lt;tr&gt;&lt;td&gt;Geni\u015flik&lt;\/td&gt;&lt;td&gt;120 cm&lt;\/td&gt;&lt;td&gt;160 cm&lt;\/td&gt;&lt;td&gt;190 cm&lt;\/td&gt;&lt;\/tr&gt;&lt;tr&gt;&lt;td&gt;Y\u00fckseklik&lt;\/td&gt;&lt;td&gt;77 cm&lt;\/td&gt;&lt;td&gt;77 cm&lt;\/td&gt;&lt;td&gt;77 cm&lt;\/td&gt;&lt;\/tr&gt;&lt;\/tbody&gt;&lt;\/table&gt;&lt;p&gt;\u0130ste\u011fe \u00f6zel olarak malzeme cinsinde (ah\u015fap,boya,kuma\u015f,deri) ve \u00fcr\u00fcn \u00f6l\u00e7\u00fclerinde de\u011fi\u015fiklik yap\u0131labilir.&lt;\/p&gt;&lt;table class=&quot;table table-bordered&quot;&gt; &lt;tbody&gt; &lt;tr&gt; &lt;td colspan=&quot;4&quot; [&hellip;]<\/p>\n","protected":false},"featured_media":824,"comment_status":"closed","ping_status":"open","template":"","meta":{"_joinchat":[]},"product_cat":[81,80],"product_tag":[],"class_list":{"0":"post-823","1":"product","2":"type-product","3":"status-publish","4":"has-post-thumbnail","6":"product_cat-avangard-masa","7":"product_cat-yemek-masasi","9":"first","10":"instock","11":"product-type-simple"},"_links":{"self":[{"href":"http:\/\/palmiyesusleme.com\/index.php\/wp-json\/wp\/v2\/product\/823","targetHints":{"allow":["GET"]}}],"collection":[{"href":"http:\/\/palmiyesusleme.com\/index.php\/wp-json\/wp\/v2\/product"}],"about":[{"href":"http:\/\/palmiyesusleme.com\/index.php\/wp-json\/wp\/v2\/types\/product"}],"replies":[{"embeddable":true,"href":"http:\/\/palmiyesusleme.com\/index.php\/wp-json\/wp\/v2\/comments?post=823"}],"wp:featuredmedia":[{"embeddable":true,"href":"http:\/\/palmiyesusleme.com\/index.php\/wp-json\/wp\/v2\/media\/824"}],"wp:attachment":[{"href":"http:\/\/palmiyesusleme.com\/index.php\/wp-json\/wp\/v2\/media?parent=823"}],"wp:term":[{"taxonomy":"product_cat","embeddable":true,"href":"http:\/\/palmiyesusleme.com\/index.php\/wp-json\/wp\/v2\/product_cat?post=823"},{"taxonomy":"product_tag","embeddable":true,"href":"http:\/\/palmiyesusleme.com\/index.php\/wp-json\/wp\/v2\/product_tag?post=823"}],"curies":[{"name":"wp","href":"https:\/\/api.w.org\/{rel}","templated":true}]}}