{"id":10098,"date":"2024-03-07T16:38:23","date_gmt":"2024-03-07T13:38:23","guid":{"rendered":"https:\/\/palmiyesusleme.com\/index.php\/urun\/ahsap-kaplamali-kumas-dosemeli-loca\/"},"modified":"2024-03-07T16:38:33","modified_gmt":"2024-03-07T13:38:33","slug":"ahsap-kaplamali-kumas-dosemeli-loca","status":"publish","type":"product","link":"https:\/\/palmiyesusleme.com\/index.php\/urun\/ahsap-kaplamali-kumas-dosemeli-loca\/","title":{"rendered":"Ah\u015fap Kaplamal\u0131 Kuma\u015f D\u00f6\u015femeli Loca"},"content":{"rendered":"<p>&lt;p&gt;Ah\u015fap kaplamal\u0131 &lt;b&gt;&lt;u&gt;kuma\u015f d\u00f6\u015femeli loca koltu\u011fu&lt;\/u&gt;&lt;\/b&gt; tasar\u0131m\u0131n\u0131n farkl\u0131 olmas\u0131 sebebiyle misafirlere kendini \u00f6zel hissettirmektir. S\u0131radan bir tasar\u0131m olmamas\u0131n\u0131n yan\u0131 s\u0131ra kullan\u0131c\u0131lar\u0131n memnuniyetini art\u0131rmaya y\u00f6nelik olduk\u00e7a da konforlu bir sedirdir. Mekan\u0131n yap\u0131s\u0131na ba\u011fl\u0131 olarak istenilen \u00f6l\u00e7\u00fclerde \u00fcretimi yap\u0131lmaktad\u0131r.&lt;br&gt;&lt;\/p&gt;&lt;table class=&quot;table table-bordered&quot;&gt;<br \/>\n&lt;tbody&gt;<br \/>\n&lt;tr&gt;<br \/>\n&lt;td colspan=&quot;4&quot; class=&quot;text-center&quot; style=&quot;vertical-align:middle&quot;&gt;&lt;img src=&quot;\/image\/olcuresimsablon\/sedir-olcu-sablon.png&quot; alt=&quot;\u00d6l\u00e7\u00fc&quot;&gt;&lt;\/td&gt;<br \/>\n&lt;\/tr&gt;<br \/>\n&lt;tr&gt;<br \/>\n&lt;td class=&quot;text-center&quot; style=&quot;vertical-align:middle&quot;&gt;&lt;span class=&quot;text-center&quot; style=&quot;vertical-align:middle&quot;&gt;&lt;strong&gt;Geni\u015flik&lt;\/strong&gt;&lt;\/span&gt;&lt;\/td&gt;<br \/>\n&lt;td class=&quot;text-center&quot; style=&quot;vertical-align:middle&quot;&gt;&lt;span class=&quot;text-center&quot; style=&quot;vertical-align:middle&quot;&gt;&lt;strong&gt;Oturum Y\u00fcksekli\u011fi&lt;\/strong&gt;&lt;\/span&gt;&lt;\/td&gt;<br \/>\n&lt;td class=&quot;text-center&quot; style=&quot;vertical-align:middle&quot;&gt;&lt;span class=&quot;text-center&quot; style=&quot;vertical-align:middle&quot;&gt;&lt;strong&gt;Derinlik&lt;\/strong&gt;&lt;\/span&gt;&lt;\/td&gt;<br \/>\n&lt;td class=&quot;text-center&quot; style=&quot;vertical-align:middle&quot;&gt;&lt;span class=&quot;text-center&quot; style=&quot;vertical-align:middle&quot;&gt;&lt;strong&gt;Y\u00fckseklik&lt;\/strong&gt;&lt;\/span&gt;&lt;\/td&gt;<br \/>\n&lt;\/tr&gt;<br \/>\n&lt;tr&gt;<br \/>\n&lt;td class=&quot;text-center&quot; style=&quot;vertical-align:middle&quot;&gt;400 cm&lt;\/td&gt;<br \/>\n&lt;td class=&quot;text-center&quot; style=&quot;vertical-align:middle&quot;&gt;&lt;p&gt;46&lt;span style=&quot;background-color: transparent;&quot;&gt;&amp;nbsp;cm&lt;\/span&gt;&lt;\/p&gt;&lt;\/td&gt;<br \/>\n&lt;td class=&quot;text-center&quot; style=&quot;vertical-align:middle&quot;&gt;45 cm&amp;nbsp;&lt;\/td&gt;<br \/>\n&lt;td class=&quot;text-center&quot; style=&quot;vertical-align:middle&quot;&gt;90 cm&amp;nbsp;&lt;\/td&gt;<br \/>\n&lt;\/tr&gt;<br \/>\n&lt;tr&gt;<br \/>\n&lt;td class=&quot;text-center&quot; style=&quot;vertical-align:middle&quot; colspan=&quot;4&quot;&gt;\u0130ste\u011fe \u00f6zel olarak malzeme cinsinde (ah\u015fap,boya,kuma\u015f,deri) ve \u00fcr\u00fcn \u00f6l\u00e7\u00fclerinde de\u011fi\u015fiklik yap\u0131labilir.&lt;\/td&gt;<br \/>\n&lt;\/tr&gt;<br \/>\n&lt;\/tbody&gt;<br \/>\n&lt;\/table&gt;\u00dcr\u00fcn hakk\u0131nda bilgi ve fiyat almak i\u00e7in \u00fcr\u00fcn kodunu ve adetini bize E-posta, Whatsapp veya Telefon yoluyla iletiniz. Sat\u0131\u015f ekibimiz en k\u0131sa s\u00fcrede size d\u00f6necektir.&amp;nbsp;<\/p>\n","protected":false},"excerpt":{"rendered":"<p>&lt;p&gt;Ah\u015fap kaplamal\u0131 &lt;b&gt;&lt;u&gt;kuma\u015f d\u00f6\u015femeli loca koltu\u011fu&lt;\/u&gt;&lt;\/b&gt; tasar\u0131m\u0131n\u0131n farkl\u0131 olmas\u0131 sebebiyle misafirlere kendini \u00f6zel hissettirmektir. S\u0131radan bir tasar\u0131m olmamas\u0131n\u0131n yan\u0131 s\u0131ra kullan\u0131c\u0131lar\u0131n memnuniyetini art\u0131rmaya y\u00f6nelik olduk\u00e7a da konforlu bir sedirdir. Mekan\u0131n yap\u0131s\u0131na ba\u011fl\u0131 olarak istenilen \u00f6l\u00e7\u00fclerde \u00fcretimi yap\u0131lmaktad\u0131r.&lt;br&gt;&lt;\/p&gt;&lt;table class=&quot;table table-bordered&quot;&gt; &lt;tbody&gt; &lt;tr&gt; &lt;td colspan=&quot;4&quot; class=&quot;text-center&quot; style=&quot;vertical-align:middle&quot;&gt;&lt;img src=&quot;\/image\/olcuresimsablon\/sedir-olcu-sablon.png&quot; alt=&quot;\u00d6l\u00e7\u00fc&quot;&gt;&lt;\/td&gt; &lt;\/tr&gt; &lt;tr&gt; &lt;td class=&quot;text-center&quot; style=&quot;vertical-align:middle&quot;&gt;&lt;span class=&quot;text-center&quot; style=&quot;vertical-align:middle&quot;&gt;&lt;strong&gt;Geni\u015flik&lt;\/strong&gt;&lt;\/span&gt;&lt;\/td&gt; &lt;td [&hellip;]<\/p>\n","protected":false},"featured_media":10099,"comment_status":"closed","ping_status":"open","template":"","meta":{"_joinchat":[]},"product_cat":[24,23,22],"product_tag":[],"class_list":{"0":"post-10098","1":"product","2":"type-product","3":"status-publish","4":"has-post-thumbnail","6":"product_cat-cafe-koltuklari","7":"product_cat-loca","8":"product_cat-sedir-koltuk","10":"first","11":"instock","12":"product-type-simple"},"_links":{"self":[{"href":"https:\/\/palmiyesusleme.com\/index.php\/wp-json\/wp\/v2\/product\/10098","targetHints":{"allow":["GET"]}}],"collection":[{"href":"https:\/\/palmiyesusleme.com\/index.php\/wp-json\/wp\/v2\/product"}],"about":[{"href":"https:\/\/palmiyesusleme.com\/index.php\/wp-json\/wp\/v2\/types\/product"}],"replies":[{"embeddable":true,"href":"https:\/\/palmiyesusleme.com\/index.php\/wp-json\/wp\/v2\/comments?post=10098"}],"wp:featuredmedia":[{"embeddable":true,"href":"https:\/\/palmiyesusleme.com\/index.php\/wp-json\/wp\/v2\/media\/10099"}],"wp:attachment":[{"href":"https:\/\/palmiyesusleme.com\/index.php\/wp-json\/wp\/v2\/media?parent=10098"}],"wp:term":[{"taxonomy":"product_cat","embeddable":true,"href":"https:\/\/palmiyesusleme.com\/index.php\/wp-json\/wp\/v2\/product_cat?post=10098"},{"taxonomy":"product_tag","embeddable":true,"href":"https:\/\/palmiyesusleme.com\/index.php\/wp-json\/wp\/v2\/product_tag?post=10098"}],"curies":[{"name":"wp","href":"https:\/\/api.w.org\/{rel}","templated":true}]}}