{"id":10164,"date":"2024-03-07T16:39:03","date_gmt":"2024-03-07T13:39:03","guid":{"rendered":"https:\/\/palmiyesusleme.com\/index.php\/urun\/mavi-deri-dosemeli-kapitoneli-cift-yonlu-sedir\/"},"modified":"2024-03-07T16:39:08","modified_gmt":"2024-03-07T13:39:08","slug":"mavi-deri-dosemeli-kapitoneli-cift-yonlu-sedir","status":"publish","type":"product","link":"https:\/\/palmiyesusleme.com\/index.php\/urun\/mavi-deri-dosemeli-kapitoneli-cift-yonlu-sedir\/","title":{"rendered":"Mavi Deri D\u00f6\u015femeli Kapitoneli \u00c7ift Y\u00f6nl\u00fc Sedir"},"content":{"rendered":"<p>&lt;p&gt;<br \/>\nMavi deri d\u00f6\u015femeli &lt;b&gt;&lt;u&gt;kapitoneli \u00e7ift y\u00f6nl\u00fc sedir&lt;\/u&gt;&lt;\/b&gt; cafelerde restoranlarda ve di\u011fer e\u011flenme\/dinlenme mekanlar\u0131nda kullan\u0131lan modeldir. \u0130ki rengin uyumu ve derinin \u015f\u0131k g\u00f6r\u00fcn\u00fcm\u00fc bir araya getirilerek ho\u015f bir g\u00f6r\u00fcn\u00fcm kazand\u0131r\u0131lan sedir kullan\u0131laca\u011f\u0131 alana \u00f6zel olarak tasarlanmaktad\u0131r. T\u00fcm \u00fcr\u00fcnlerin yap\u0131m\u0131nda \u00fcst kalite malzemeler kullan\u0131lmaktad\u0131r.&lt;\/p&gt;&lt;table class=&quot;table table-bordered&quot;&gt;<br \/>\n&lt;tbody&gt;<br \/>\n&lt;tr&gt;<br \/>\n&lt;td colspan=&quot;4&quot; class=&quot;text-center&quot; style=&quot;vertical-align:middle&quot;&gt;&lt;img src=&quot;\/image\/olcuresimsablon\/sedir-olcu-sablon.png&quot; alt=&quot;\u00d6l\u00e7\u00fc&quot;&gt;&lt;\/td&gt;<br \/>\n&lt;\/tr&gt;<br \/>\n&lt;tr&gt;<br \/>\n&lt;td class=&quot;text-center&quot; style=&quot;vertical-align:middle&quot;&gt;&lt;span class=&quot;text-center&quot; style=&quot;vertical-align:middle&quot;&gt;&lt;strong&gt;Geni\u015flik&lt;\/strong&gt;&lt;\/span&gt;&lt;\/td&gt;<br \/>\n&lt;td class=&quot;text-center&quot; style=&quot;vertical-align:middle&quot;&gt;&lt;span class=&quot;text-center&quot; style=&quot;vertical-align:middle&quot;&gt;&lt;strong&gt;Oturum Y\u00fcksekli\u011fi&lt;\/strong&gt;&lt;\/span&gt;&lt;\/td&gt;<br \/>\n&lt;td class=&quot;text-center&quot; style=&quot;vertical-align:middle&quot;&gt;&lt;span class=&quot;text-center&quot; style=&quot;vertical-align:middle&quot;&gt;&lt;strong&gt;Derinlik&lt;\/strong&gt;&lt;\/span&gt;&lt;\/td&gt;<br \/>\n&lt;td class=&quot;text-center&quot; style=&quot;vertical-align:middle&quot;&gt;&lt;span class=&quot;text-center&quot; style=&quot;vertical-align:middle&quot;&gt;&lt;strong&gt;Y\u00fckseklik&lt;\/strong&gt;&lt;\/span&gt;&lt;\/td&gt;<br \/>\n&lt;\/tr&gt;<br \/>\n&lt;tr&gt;<br \/>\n&lt;td class=&quot;text-center&quot; style=&quot;vertical-align:middle&quot;&gt;110 cm&lt;\/td&gt;<br \/>\n&lt;td class=&quot;text-center&quot; style=&quot;vertical-align:middle&quot;&gt;&lt;p&gt;45&lt;span style=&quot;background-color: transparent;&quot;&gt;&amp;nbsp;cm&lt;\/span&gt;&lt;\/p&gt;&lt;\/td&gt;<br \/>\n&lt;td class=&quot;text-center&quot; style=&quot;vertical-align:middle&quot;&gt;65 cm&amp;nbsp;&lt;\/td&gt;<br \/>\n&lt;td class=&quot;text-center&quot; style=&quot;vertical-align:middle&quot;&gt;85 cm&amp;nbsp;&lt;\/td&gt;<br \/>\n&lt;\/tr&gt;<br \/>\n&lt;tr&gt;<br \/>\n&lt;td class=&quot;text-center&quot; style=&quot;vertical-align:middle&quot; colspan=&quot;4&quot;&gt;\u0130ste\u011fe \u00f6zel olarak malzeme cinsinde (ah\u015fap,boya,kuma\u015f,deri) ve \u00fcr\u00fcn \u00f6l\u00e7\u00fclerinde de\u011fi\u015fiklik yap\u0131labilir.&lt;\/td&gt;<br \/>\n&lt;\/tr&gt;<br \/>\n&lt;\/tbody&gt;<br \/>\n&lt;\/table&gt;<\/p>\n","protected":false},"excerpt":{"rendered":"<p>&lt;p&gt; Mavi deri d\u00f6\u015femeli &lt;b&gt;&lt;u&gt;kapitoneli \u00e7ift y\u00f6nl\u00fc sedir&lt;\/u&gt;&lt;\/b&gt; cafelerde restoranlarda ve di\u011fer e\u011flenme\/dinlenme mekanlar\u0131nda kullan\u0131lan modeldir. \u0130ki rengin uyumu ve derinin \u015f\u0131k g\u00f6r\u00fcn\u00fcm\u00fc bir araya getirilerek ho\u015f bir g\u00f6r\u00fcn\u00fcm kazand\u0131r\u0131lan sedir kullan\u0131laca\u011f\u0131 alana \u00f6zel olarak tasarlanmaktad\u0131r. T\u00fcm \u00fcr\u00fcnlerin yap\u0131m\u0131nda \u00fcst kalite malzemeler kullan\u0131lmaktad\u0131r.&lt;\/p&gt;&lt;table class=&quot;table table-bordered&quot;&gt; &lt;tbody&gt; &lt;tr&gt; &lt;td colspan=&quot;4&quot; class=&quot;text-center&quot; style=&quot;vertical-align:middle&quot;&gt;&lt;img src=&quot;\/image\/olcuresimsablon\/sedir-olcu-sablon.png&quot; alt=&quot;\u00d6l\u00e7\u00fc&quot;&gt;&lt;\/td&gt; &lt;\/tr&gt; &lt;tr&gt; [&hellip;]<\/p>\n","protected":false},"featured_media":10165,"comment_status":"closed","ping_status":"open","template":"","meta":{"_joinchat":[]},"product_cat":[24,23,22,76],"product_tag":[],"class_list":{"0":"post-10164","1":"product","2":"type-product","3":"status-publish","4":"has-post-thumbnail","6":"product_cat-cafe-koltuklari","7":"product_cat-loca","8":"product_cat-sedir-koltuk","9":"product_cat-sizin-icin-sectiklerimiz","11":"first","12":"instock","13":"product-type-simple"},"_links":{"self":[{"href":"https:\/\/palmiyesusleme.com\/index.php\/wp-json\/wp\/v2\/product\/10164","targetHints":{"allow":["GET"]}}],"collection":[{"href":"https:\/\/palmiyesusleme.com\/index.php\/wp-json\/wp\/v2\/product"}],"about":[{"href":"https:\/\/palmiyesusleme.com\/index.php\/wp-json\/wp\/v2\/types\/product"}],"replies":[{"embeddable":true,"href":"https:\/\/palmiyesusleme.com\/index.php\/wp-json\/wp\/v2\/comments?post=10164"}],"wp:featuredmedia":[{"embeddable":true,"href":"https:\/\/palmiyesusleme.com\/index.php\/wp-json\/wp\/v2\/media\/10165"}],"wp:attachment":[{"href":"https:\/\/palmiyesusleme.com\/index.php\/wp-json\/wp\/v2\/media?parent=10164"}],"wp:term":[{"taxonomy":"product_cat","embeddable":true,"href":"https:\/\/palmiyesusleme.com\/index.php\/wp-json\/wp\/v2\/product_cat?post=10164"},{"taxonomy":"product_tag","embeddable":true,"href":"https:\/\/palmiyesusleme.com\/index.php\/wp-json\/wp\/v2\/product_tag?post=10164"}],"curies":[{"name":"wp","href":"https:\/\/api.w.org\/{rel}","templated":true}]}}