{"id":10192,"date":"2024-03-07T16:39:20","date_gmt":"2024-03-07T13:39:20","guid":{"rendered":"https:\/\/palmiyesusleme.com\/index.php\/urun\/ahsap-cift-yonlu-sedir\/"},"modified":"2024-03-07T16:39:21","modified_gmt":"2024-03-07T13:39:21","slug":"ahsap-cift-yonlu-sedir","status":"publish","type":"product","link":"https:\/\/palmiyesusleme.com\/index.php\/urun\/ahsap-cift-yonlu-sedir\/","title":{"rendered":"Ah\u015fap \u00c7ift Y\u00f6nl\u00fc Sedir"},"content":{"rendered":"<p>&lt;p&gt;Ah\u015fap &lt;b&gt;\u00e7ift y\u00f6nl\u00fc sedir cafe&lt;\/b&gt;, restoran, otel gibi bir \u00e7ok mekan\u0131n dekorasyonlar\u0131n\u0131 tamamlamaktad\u0131r. Kullan\u0131laca\u011f\u0131 alan\u0131n \u00f6l\u00e7\u00fclerine g\u00f6re ve kullan\u0131c\u0131n\u0131n istekleri do\u011frultusunda ki\u015fiye \u00f6zel olarak \u00fcretilmektedir. \u00c7ift y\u00f6nl\u00fc kullan\u0131m\u0131 olan sedirler kullan\u0131m bak\u0131m\u0131ndan da olduk\u00e7a konforludur. T\u00fcm \u00fcr\u00fcnlerin yap\u0131m\u0131nda birinci s\u0131n\u0131f malzemeler kullan\u0131larak uzun \u00f6m\u00fcrl\u00fc olmalar\u0131 sa\u011flanmaktad\u0131r.&lt;\/p&gt;&lt;p&gt;&lt;table class=&quot;table table-bordered&quot;&gt;&lt;tbody&gt;&lt;tr&gt;&lt;td colspan=&quot;4&quot; class=&quot;text-center&quot;&gt;&lt;img src=&quot;\/image\/olcuresimsablon\/sedir-olcu-sablon.png&quot; alt=&quot;\u00d6l\u00e7\u00fc&quot;&gt;&lt;\/td&gt;&lt;\/tr&gt;&lt;tr&gt;&lt;td class=&quot;text-center&quot;&gt;&lt;span class=&quot;text-center&quot; style=&quot;vertical-align:middle&quot;&gt;&lt;strong&gt;Geni\u015flik&lt;\/strong&gt;&lt;\/span&gt;&lt;\/td&gt;&lt;td class=&quot;text-center&quot;&gt;&lt;span class=&quot;text-center&quot; style=&quot;vertical-align:middle&quot;&gt;&lt;strong&gt;Oturum Y\u00fcksekli\u011fi&lt;\/strong&gt;&lt;\/span&gt;&lt;\/td&gt;&lt;td class=&quot;text-center&quot;&gt;&lt;span class=&quot;text-center&quot; style=&quot;vertical-align:middle&quot;&gt;&lt;strong&gt;Derinlik&lt;\/strong&gt;&lt;\/span&gt;&lt;\/td&gt;&lt;td class=&quot;text-center&quot;&gt;&lt;span class=&quot;text-center&quot; style=&quot;vertical-align:middle&quot;&gt;&lt;strong&gt;Y\u00fckseklik&lt;\/strong&gt;&lt;\/span&gt;&lt;\/td&gt;&lt;\/tr&gt;&lt;tr&gt;&lt;td class=&quot;text-center&quot;&gt;110 cm&lt;\/td&gt;&lt;td class=&quot;text-center&quot;&gt;&lt;p&gt;&lt;span style=&quot;background-color: transparent;&quot;&gt;45 cm&lt;\/span&gt;&lt;\/p&gt;&lt;\/td&gt;&lt;td class=&quot;text-center&quot;&gt;120 cm&amp;nbsp;&lt;\/td&gt;&lt;td class=&quot;text-center&quot;&gt;85 cm&amp;nbsp;&lt;\/td&gt;&lt;\/tr&gt;&lt;tr&gt;&lt;td class=&quot;text-center&quot; colspan=&quot;4&quot;&gt;\u0130ste\u011fe \u00f6zel olarak malzeme cinsinde (ah\u015fap,boya,kuma\u015f,deri) ve \u00fcr\u00fcn \u00f6l\u00e7\u00fclerinde de\u011fi\u015fiklik yap\u0131labilir.&lt;\/td&gt;&lt;\/tr&gt;&lt;\/tbody&gt;&lt;\/table&gt;&lt;\/p&gt;<\/p>\n","protected":false},"excerpt":{"rendered":"<p>&lt;p&gt;Ah\u015fap &lt;b&gt;\u00e7ift y\u00f6nl\u00fc sedir cafe&lt;\/b&gt;, restoran, otel gibi bir \u00e7ok mekan\u0131n dekorasyonlar\u0131n\u0131 tamamlamaktad\u0131r. Kullan\u0131laca\u011f\u0131 alan\u0131n \u00f6l\u00e7\u00fclerine g\u00f6re ve kullan\u0131c\u0131n\u0131n istekleri do\u011frultusunda ki\u015fiye \u00f6zel olarak \u00fcretilmektedir. \u00c7ift y\u00f6nl\u00fc kullan\u0131m\u0131 olan sedirler kullan\u0131m bak\u0131m\u0131ndan da olduk\u00e7a konforludur. T\u00fcm \u00fcr\u00fcnlerin yap\u0131m\u0131nda birinci s\u0131n\u0131f malzemeler kullan\u0131larak uzun \u00f6m\u00fcrl\u00fc olmalar\u0131 sa\u011flanmaktad\u0131r.&lt;\/p&gt;&lt;p&gt;&lt;table class=&quot;table table-bordered&quot;&gt;&lt;tbody&gt;&lt;tr&gt;&lt;td colspan=&quot;4&quot; class=&quot;text-center&quot;&gt;&lt;img src=&quot;\/image\/olcuresimsablon\/sedir-olcu-sablon.png&quot; alt=&quot;\u00d6l\u00e7\u00fc&quot;&gt;&lt;\/td&gt;&lt;\/tr&gt;&lt;tr&gt;&lt;td class=&quot;text-center&quot;&gt;&lt;span class=&quot;text-center&quot; style=&quot;vertical-align:middle&quot;&gt;&lt;strong&gt;Geni\u015flik&lt;\/strong&gt;&lt;\/span&gt;&lt;\/td&gt;&lt;td [&hellip;]<\/p>\n","protected":false},"featured_media":10193,"comment_status":"closed","ping_status":"open","template":"","meta":{"_joinchat":[]},"product_cat":[24,23,22],"product_tag":[],"class_list":{"0":"post-10192","1":"product","2":"type-product","3":"status-publish","4":"has-post-thumbnail","6":"product_cat-cafe-koltuklari","7":"product_cat-loca","8":"product_cat-sedir-koltuk","10":"first","11":"instock","12":"product-type-simple"},"_links":{"self":[{"href":"https:\/\/palmiyesusleme.com\/index.php\/wp-json\/wp\/v2\/product\/10192","targetHints":{"allow":["GET"]}}],"collection":[{"href":"https:\/\/palmiyesusleme.com\/index.php\/wp-json\/wp\/v2\/product"}],"about":[{"href":"https:\/\/palmiyesusleme.com\/index.php\/wp-json\/wp\/v2\/types\/product"}],"replies":[{"embeddable":true,"href":"https:\/\/palmiyesusleme.com\/index.php\/wp-json\/wp\/v2\/comments?post=10192"}],"wp:featuredmedia":[{"embeddable":true,"href":"https:\/\/palmiyesusleme.com\/index.php\/wp-json\/wp\/v2\/media\/10193"}],"wp:attachment":[{"href":"https:\/\/palmiyesusleme.com\/index.php\/wp-json\/wp\/v2\/media?parent=10192"}],"wp:term":[{"taxonomy":"product_cat","embeddable":true,"href":"https:\/\/palmiyesusleme.com\/index.php\/wp-json\/wp\/v2\/product_cat?post=10192"},{"taxonomy":"product_tag","embeddable":true,"href":"https:\/\/palmiyesusleme.com\/index.php\/wp-json\/wp\/v2\/product_tag?post=10192"}],"curies":[{"name":"wp","href":"https:\/\/api.w.org\/{rel}","templated":true}]}}