{"id":10212,"date":"2024-03-07T16:39:20","date_gmt":"2024-03-07T13:39:20","guid":{"rendered":"https:\/\/palmiyesusleme.com\/index.php\/urun\/ahsap-sedir-bej-deri-dosemeli\/"},"modified":"2024-03-07T16:39:28","modified_gmt":"2024-03-07T13:39:28","slug":"ahsap-sedir-bej-deri-dosemeli","status":"publish","type":"product","link":"https:\/\/palmiyesusleme.com\/index.php\/urun\/ahsap-sedir-bej-deri-dosemeli\/","title":{"rendered":"Ah\u015fap Sedir Bej Deri D\u00f6\u015femeli"},"content":{"rendered":"<p>&lt;p&gt;Bej deri d\u00f6\u015femeli &lt;b&gt;&lt;u&gt;ah\u015fap sedir&lt;\/u&gt;&lt;\/b&gt; renk ve model olarak klasik \u00fcr\u00fcnlerdendir. Bir\u00e7ok alanda (cafe, restoran, otel, lobi, loca vs gibi)sadeli\u011fi ve zarafeti yans\u0131tmak i\u00e7in kullan\u0131lmaktad\u0131r. Mekan\u0131n dekorasyon \u00f6zelliklerine uygun olarak imal edilen \u00fcr\u00fcn misafirlerine konforlu hizmet sunmak isteyenlerin tercihleri aras\u0131ndad\u0131r. T\u00fcm \u00fcr\u00fcnlerin yap\u0131m\u0131nda birinci s\u0131n\u0131f malzemeler kullan\u0131larak kaliteli i\u015f\u00e7ilikle dayan\u0131kl\u0131l\u0131k derecesi art\u0131r\u0131lmaktad\u0131r.&lt;br&gt;&lt;\/p&gt;&lt;p&gt;&lt;\/p&gt;&lt;table class=&quot;table table-bordered&quot;&gt;&lt;tbody&gt;&lt;tr&gt;&lt;td colspan=&quot;4&quot; class=&quot;text-center&quot;&gt;&lt;img src=&quot;\/image\/olcuresimsablon\/sedir-olcu-sablon.png&quot; alt=&quot;\u00d6l\u00e7\u00fc&quot;&gt;&lt;\/td&gt;&lt;\/tr&gt;&lt;tr&gt;&lt;td class=&quot;text-center&quot;&gt;&lt;span class=&quot;text-center&quot; style=&quot;vertical-align:middle&quot;&gt;&lt;strong&gt;Geni\u015flik&lt;\/strong&gt;&lt;\/span&gt;&lt;\/td&gt;&lt;td class=&quot;text-center&quot;&gt;&lt;span class=&quot;text-center&quot; style=&quot;vertical-align:middle&quot;&gt;&lt;strong&gt;Oturum Y\u00fcksekli\u011fi&lt;\/strong&gt;&lt;\/span&gt;&lt;\/td&gt;&lt;td class=&quot;text-center&quot;&gt;&lt;span class=&quot;text-center&quot; style=&quot;vertical-align:middle&quot;&gt;&lt;strong&gt;Derinlik&lt;\/strong&gt;&lt;\/span&gt;&lt;\/td&gt;&lt;td class=&quot;text-center&quot;&gt;&lt;span class=&quot;text-center&quot; style=&quot;vertical-align:middle&quot;&gt;&lt;strong&gt;Y\u00fckseklik&lt;\/strong&gt;&lt;\/span&gt;&lt;\/td&gt;&lt;\/tr&gt;&lt;tr&gt;&lt;td class=&quot;text-center&quot;&gt;120 cm&lt;\/td&gt;&lt;td class=&quot;text-center&quot;&gt;&lt;p&gt;&lt;span style=&quot;background-color: transparent;&quot;&gt;50 cm&lt;\/span&gt;&lt;\/p&gt;&lt;\/td&gt;&lt;td class=&quot;text-center&quot;&gt;60 cm&amp;nbsp;&lt;\/td&gt;&lt;td class=&quot;text-center&quot;&gt;90 cm&amp;nbsp;&lt;\/td&gt;&lt;\/tr&gt;&lt;tr&gt;&lt;td class=&quot;text-center&quot; colspan=&quot;4&quot;&gt;\u0130ste\u011fe \u00f6zel olarak malzeme cinsinde (ah\u015fap,boya,kuma\u015f,deri) ve \u00fcr\u00fcn \u00f6l\u00e7\u00fclerinde de\u011fi\u015fiklik yap\u0131labilir.&lt;\/td&gt;&lt;\/tr&gt;&lt;\/tbody&gt;&lt;\/table&gt;&lt;p&gt;&lt;\/p&gt;<\/p>\n","protected":false},"excerpt":{"rendered":"<p>&lt;p&gt;Bej deri d\u00f6\u015femeli &lt;b&gt;&lt;u&gt;ah\u015fap sedir&lt;\/u&gt;&lt;\/b&gt; renk ve model olarak klasik \u00fcr\u00fcnlerdendir. Bir\u00e7ok alanda (cafe, restoran, otel, lobi, loca vs gibi)sadeli\u011fi ve zarafeti yans\u0131tmak i\u00e7in kullan\u0131lmaktad\u0131r. Mekan\u0131n dekorasyon \u00f6zelliklerine uygun olarak imal edilen \u00fcr\u00fcn misafirlerine konforlu hizmet sunmak isteyenlerin tercihleri aras\u0131ndad\u0131r. T\u00fcm \u00fcr\u00fcnlerin yap\u0131m\u0131nda birinci s\u0131n\u0131f malzemeler kullan\u0131larak kaliteli i\u015f\u00e7ilikle dayan\u0131kl\u0131l\u0131k derecesi art\u0131r\u0131lmaktad\u0131r.&lt;br&gt;&lt;\/p&gt;&lt;p&gt;&lt;\/p&gt;&lt;table class=&quot;table table-bordered&quot;&gt;&lt;tbody&gt;&lt;tr&gt;&lt;td colspan=&quot;4&quot; [&hellip;]<\/p>\n","protected":false},"featured_media":10213,"comment_status":"closed","ping_status":"open","template":"","meta":{"_joinchat":[]},"product_cat":[24,23,22],"product_tag":[],"class_list":{"0":"post-10212","1":"product","2":"type-product","3":"status-publish","4":"has-post-thumbnail","6":"product_cat-cafe-koltuklari","7":"product_cat-loca","8":"product_cat-sedir-koltuk","10":"first","11":"instock","12":"product-type-simple"},"_links":{"self":[{"href":"https:\/\/palmiyesusleme.com\/index.php\/wp-json\/wp\/v2\/product\/10212","targetHints":{"allow":["GET"]}}],"collection":[{"href":"https:\/\/palmiyesusleme.com\/index.php\/wp-json\/wp\/v2\/product"}],"about":[{"href":"https:\/\/palmiyesusleme.com\/index.php\/wp-json\/wp\/v2\/types\/product"}],"replies":[{"embeddable":true,"href":"https:\/\/palmiyesusleme.com\/index.php\/wp-json\/wp\/v2\/comments?post=10212"}],"wp:featuredmedia":[{"embeddable":true,"href":"https:\/\/palmiyesusleme.com\/index.php\/wp-json\/wp\/v2\/media\/10213"}],"wp:attachment":[{"href":"https:\/\/palmiyesusleme.com\/index.php\/wp-json\/wp\/v2\/media?parent=10212"}],"wp:term":[{"taxonomy":"product_cat","embeddable":true,"href":"https:\/\/palmiyesusleme.com\/index.php\/wp-json\/wp\/v2\/product_cat?post=10212"},{"taxonomy":"product_tag","embeddable":true,"href":"https:\/\/palmiyesusleme.com\/index.php\/wp-json\/wp\/v2\/product_tag?post=10212"}],"curies":[{"name":"wp","href":"https:\/\/api.w.org\/{rel}","templated":true}]}}