{"id":10260,"date":"2024-03-07T16:39:39","date_gmt":"2024-03-07T13:39:39","guid":{"rendered":"https:\/\/palmiyesusleme.com\/index.php\/urun\/desenli-kumas-dosemeli-otel-restorani-sediri\/"},"modified":"2024-03-07T16:39:53","modified_gmt":"2024-03-07T13:39:53","slug":"desenli-kumas-dosemeli-otel-restorani-sediri","status":"publish","type":"product","link":"https:\/\/palmiyesusleme.com\/index.php\/urun\/desenli-kumas-dosemeli-otel-restorani-sediri\/","title":{"rendered":"Desenli Kuma\u015f D\u00f6\u015femeli Otel Restoran\u0131 Sediri"},"content":{"rendered":"<p>&lt;p&gt;Desenli kuma\u015f d\u00f6\u015femeli &lt;b&gt;&lt;u&gt;otel restoran\u0131 sediri&lt;\/u&gt;&lt;\/b&gt; kendinden desenli kuma\u015f\u0131 sayesinde d\u00fcz modellerden farkl\u0131 olarak daha canl\u0131 bir g\u00f6r\u00fcn\u00fcm sa\u011flamaktad\u0131r. Model sade ama \u015f\u0131k mekanlara yaratmak isteyenlerin tercih ettikleri aras\u0131ndad\u0131r. Kullan\u0131laca\u011f\u0131 alan\u0131n yap\u0131s\u0131na dekorasyon \u00f6zelliklerine ba\u011fl\u0131 olarak istenilen \u00f6l\u00e7\u00fclerde tasarlanmaktad\u0131r. Kaliteli malzemeler kullan\u0131larak \u00fcr\u00fcnlerin kullan\u0131m s\u00fcrelerinin uzat\u0131lmas\u0131 hedeflenmektedir.&lt;br&gt;&lt;\/p&gt;&lt;p&gt;&lt;\/p&gt;&lt;table class=&quot;table table-bordered&quot;&gt;&lt;tbody&gt;&lt;tr&gt;&lt;td colspan=&quot;4&quot; class=&quot;text-center&quot;&gt;&lt;img src=&quot;\/image\/olcuresimsablon\/sedir-olcu-sablon.png&quot; alt=&quot;\u00d6l\u00e7\u00fc&quot;&gt;&lt;\/td&gt;&lt;\/tr&gt;&lt;tr&gt;&lt;td class=&quot;text-center&quot;&gt;&lt;span class=&quot;text-center&quot; style=&quot;vertical-align:middle&quot;&gt;&lt;strong&gt;Geni\u015flik&lt;\/strong&gt;&lt;\/span&gt;&lt;\/td&gt;&lt;td class=&quot;text-center&quot;&gt;&lt;span class=&quot;text-center&quot; style=&quot;vertical-align:middle&quot;&gt;&lt;strong&gt;Oturum Y\u00fcksekli\u011fi&lt;\/strong&gt;&lt;\/span&gt;&lt;\/td&gt;&lt;td class=&quot;text-center&quot;&gt;&lt;span class=&quot;text-center&quot; style=&quot;vertical-align:middle&quot;&gt;&lt;strong&gt;Derinlik&lt;\/strong&gt;&lt;\/span&gt;&lt;\/td&gt;&lt;td class=&quot;text-center&quot;&gt;&lt;span class=&quot;text-center&quot; style=&quot;vertical-align:middle&quot;&gt;&lt;strong&gt;Y\u00fckseklik&lt;\/strong&gt;&lt;\/span&gt;&lt;\/td&gt;&lt;\/tr&gt;&lt;tr&gt;&lt;td class=&quot;text-center&quot;&gt;120 cm&lt;\/td&gt;&lt;td class=&quot;text-center&quot;&gt;&lt;p&gt;&lt;span style=&quot;background-color: transparent;&quot;&gt;47 cm&lt;\/span&gt;&lt;\/p&gt;&lt;\/td&gt;&lt;td class=&quot;text-center&quot;&gt;64 cm&amp;nbsp;&lt;\/td&gt;&lt;td class=&quot;text-center&quot;&gt;90 cm&amp;nbsp;&lt;\/td&gt;&lt;\/tr&gt;&lt;tr&gt;&lt;td class=&quot;text-center&quot; colspan=&quot;4&quot;&gt;\u0130ste\u011fe \u00f6zel olarak malzeme cinsinde (ah\u015fap,boya,kuma\u015f,deri) ve \u00fcr\u00fcn \u00f6l\u00e7\u00fclerinde de\u011fi\u015fiklik yap\u0131labilir.&lt;\/td&gt;&lt;\/tr&gt;&lt;\/tbody&gt;&lt;\/table&gt;&lt;p&gt;&lt;\/p&gt;<\/p>\n","protected":false},"excerpt":{"rendered":"<p>&lt;p&gt;Desenli kuma\u015f d\u00f6\u015femeli &lt;b&gt;&lt;u&gt;otel restoran\u0131 sediri&lt;\/u&gt;&lt;\/b&gt; kendinden desenli kuma\u015f\u0131 sayesinde d\u00fcz modellerden farkl\u0131 olarak daha canl\u0131 bir g\u00f6r\u00fcn\u00fcm sa\u011flamaktad\u0131r. Model sade ama \u015f\u0131k mekanlara yaratmak isteyenlerin tercih ettikleri aras\u0131ndad\u0131r. Kullan\u0131laca\u011f\u0131 alan\u0131n yap\u0131s\u0131na dekorasyon \u00f6zelliklerine ba\u011fl\u0131 olarak istenilen \u00f6l\u00e7\u00fclerde tasarlanmaktad\u0131r. Kaliteli malzemeler kullan\u0131larak \u00fcr\u00fcnlerin kullan\u0131m s\u00fcrelerinin uzat\u0131lmas\u0131 hedeflenmektedir.&lt;br&gt;&lt;\/p&gt;&lt;p&gt;&lt;\/p&gt;&lt;table class=&quot;table table-bordered&quot;&gt;&lt;tbody&gt;&lt;tr&gt;&lt;td colspan=&quot;4&quot; class=&quot;text-center&quot;&gt;&lt;img src=&quot;\/image\/olcuresimsablon\/sedir-olcu-sablon.png&quot; alt=&quot;\u00d6l\u00e7\u00fc&quot;&gt;&lt;\/td&gt;&lt;\/tr&gt;&lt;tr&gt;&lt;td class=&quot;text-center&quot;&gt;&lt;span class=&quot;text-center&quot; [&hellip;]<\/p>\n","protected":false},"featured_media":10261,"comment_status":"closed","ping_status":"open","template":"","meta":{"_joinchat":[]},"product_cat":[24,173,23,22],"product_tag":[],"class_list":{"0":"post-10260","1":"product","2":"type-product","3":"status-publish","4":"has-post-thumbnail","6":"product_cat-cafe-koltuklari","7":"product_cat-cafe-koltuklari-fiyatlari","8":"product_cat-loca","9":"product_cat-sedir-koltuk","11":"first","12":"instock","13":"product-type-simple"},"_links":{"self":[{"href":"https:\/\/palmiyesusleme.com\/index.php\/wp-json\/wp\/v2\/product\/10260","targetHints":{"allow":["GET"]}}],"collection":[{"href":"https:\/\/palmiyesusleme.com\/index.php\/wp-json\/wp\/v2\/product"}],"about":[{"href":"https:\/\/palmiyesusleme.com\/index.php\/wp-json\/wp\/v2\/types\/product"}],"replies":[{"embeddable":true,"href":"https:\/\/palmiyesusleme.com\/index.php\/wp-json\/wp\/v2\/comments?post=10260"}],"wp:featuredmedia":[{"embeddable":true,"href":"https:\/\/palmiyesusleme.com\/index.php\/wp-json\/wp\/v2\/media\/10261"}],"wp:attachment":[{"href":"https:\/\/palmiyesusleme.com\/index.php\/wp-json\/wp\/v2\/media?parent=10260"}],"wp:term":[{"taxonomy":"product_cat","embeddable":true,"href":"https:\/\/palmiyesusleme.com\/index.php\/wp-json\/wp\/v2\/product_cat?post=10260"},{"taxonomy":"product_tag","embeddable":true,"href":"https:\/\/palmiyesusleme.com\/index.php\/wp-json\/wp\/v2\/product_tag?post=10260"}],"curies":[{"name":"wp","href":"https:\/\/api.w.org\/{rel}","templated":true}]}}