{"id":10296,"date":"2024-03-07T16:39:58","date_gmt":"2024-03-07T13:39:58","guid":{"rendered":"https:\/\/palmiyesusleme.com\/index.php\/urun\/sari-beyaz-deri-dosemeli-kafeterya-sediri\/"},"modified":"2024-03-07T16:40:09","modified_gmt":"2024-03-07T13:40:09","slug":"sari-beyaz-deri-dosemeli-kafeterya-sediri","status":"publish","type":"product","link":"https:\/\/palmiyesusleme.com\/index.php\/urun\/sari-beyaz-deri-dosemeli-kafeterya-sediri\/","title":{"rendered":"Sar\u0131 Beyaz Deri D\u00f6\u015femeli Kafeterya Sediri"},"content":{"rendered":"<p>&lt;p&gt;Sar\u0131 beyaz deri d\u00f6\u015femeli &lt;u&gt;&lt;b&gt;kafeterya sediri&lt;\/b&gt;&lt;\/u&gt; rengi bak\u0131m\u0131ndan olduk\u00e7a canl\u0131 bir g\u00f6r\u00fcn\u00fcme sahiptir. Derinin \u015f\u0131kl\u0131\u011f\u0131 rengin canl\u0131l\u0131\u011f\u0131yla ortama hareketlilik katmaktad\u0131r. Her mekana \u00f6zel \u00f6l\u00e7\u00fclerde tasarlanabilen sedir modelinin yap\u0131m\u0131nda birinci kalitede \u00fcr\u00fcnler kullan\u0131larak kullan\u0131m s\u00fcresi uzat\u0131lm\u0131\u015ft\u0131r. Klasik renklerin d\u0131\u015f\u0131nda a\u00e7\u0131k renk sevenler i\u00e7in uygun tercihler aras\u0131ndad\u0131r.&lt;br&gt;&lt;\/p&gt;&lt;p&gt;&lt;\/p&gt;&lt;table class=&quot;table table-bordered&quot;&gt;&lt;tbody&gt;&lt;tr&gt;&lt;td colspan=&quot;4&quot; class=&quot;text-center&quot;&gt;&lt;img src=&quot;\/image\/olcuresimsablon\/sedir-olcu-sablon.png&quot; alt=&quot;\u00d6l\u00e7\u00fc&quot;&gt;&lt;\/td&gt;&lt;\/tr&gt;&lt;tr&gt;&lt;td class=&quot;text-center&quot;&gt;&lt;span class=&quot;text-center&quot; style=&quot;vertical-align:middle&quot;&gt;&lt;strong&gt;Geni\u015flik&lt;\/strong&gt;&lt;\/span&gt;&lt;\/td&gt;&lt;td class=&quot;text-center&quot;&gt;&lt;span class=&quot;text-center&quot; style=&quot;vertical-align:middle&quot;&gt;&lt;strong&gt;Oturum Y\u00fcksekli\u011fi&lt;\/strong&gt;&lt;\/span&gt;&lt;\/td&gt;&lt;td class=&quot;text-center&quot;&gt;&lt;span class=&quot;text-center&quot; style=&quot;vertical-align:middle&quot;&gt;&lt;strong&gt;Derinlik&lt;\/strong&gt;&lt;\/span&gt;&lt;\/td&gt;&lt;td class=&quot;text-center&quot;&gt;&lt;span class=&quot;text-center&quot; style=&quot;vertical-align:middle&quot;&gt;&lt;strong&gt;Y\u00fckseklik&lt;\/strong&gt;&lt;\/span&gt;&lt;\/td&gt;&lt;\/tr&gt;&lt;tr&gt;&lt;td class=&quot;text-center&quot;&gt;120 cm&lt;\/td&gt;&lt;td class=&quot;text-center&quot;&gt;&lt;p&gt;&lt;span style=&quot;background-color: transparent;&quot;&gt;47 cm&lt;\/span&gt;&lt;\/p&gt;&lt;\/td&gt;&lt;td class=&quot;text-center&quot;&gt;66 cm&amp;nbsp;&lt;\/td&gt;&lt;td class=&quot;text-center&quot;&gt;85 cm&amp;nbsp;&lt;\/td&gt;&lt;\/tr&gt;&lt;tr&gt;&lt;td class=&quot;text-center&quot; colspan=&quot;4&quot;&gt;\u0130ste\u011fe \u00f6zel olarak malzeme cinsinde (ah\u015fap,boya,kuma\u015f,deri) ve \u00fcr\u00fcn \u00f6l\u00e7\u00fclerinde de\u011fi\u015fiklik yap\u0131labilir.&lt;\/td&gt;&lt;\/tr&gt;&lt;\/tbody&gt;&lt;\/table&gt;&lt;p&gt;&lt;\/p&gt;<\/p>\n","protected":false},"excerpt":{"rendered":"<p>&lt;p&gt;Sar\u0131 beyaz deri d\u00f6\u015femeli &lt;u&gt;&lt;b&gt;kafeterya sediri&lt;\/b&gt;&lt;\/u&gt; rengi bak\u0131m\u0131ndan olduk\u00e7a canl\u0131 bir g\u00f6r\u00fcn\u00fcme sahiptir. Derinin \u015f\u0131kl\u0131\u011f\u0131 rengin canl\u0131l\u0131\u011f\u0131yla ortama hareketlilik katmaktad\u0131r. Her mekana \u00f6zel \u00f6l\u00e7\u00fclerde tasarlanabilen sedir modelinin yap\u0131m\u0131nda birinci kalitede \u00fcr\u00fcnler kullan\u0131larak kullan\u0131m s\u00fcresi uzat\u0131lm\u0131\u015ft\u0131r. Klasik renklerin d\u0131\u015f\u0131nda a\u00e7\u0131k renk sevenler i\u00e7in uygun tercihler aras\u0131ndad\u0131r.&lt;br&gt;&lt;\/p&gt;&lt;p&gt;&lt;\/p&gt;&lt;table class=&quot;table table-bordered&quot;&gt;&lt;tbody&gt;&lt;tr&gt;&lt;td colspan=&quot;4&quot; class=&quot;text-center&quot;&gt;&lt;img src=&quot;\/image\/olcuresimsablon\/sedir-olcu-sablon.png&quot; alt=&quot;\u00d6l\u00e7\u00fc&quot;&gt;&lt;\/td&gt;&lt;\/tr&gt;&lt;tr&gt;&lt;td class=&quot;text-center&quot;&gt;&lt;span class=&quot;text-center&quot; style=&quot;vertical-align:middle&quot;&gt;&lt;strong&gt;Geni\u015flik&lt;\/strong&gt;&lt;\/span&gt;&lt;\/td&gt;&lt;td class=&quot;text-center&quot;&gt;&lt;span [&hellip;]<\/p>\n","protected":false},"featured_media":10297,"comment_status":"closed","ping_status":"open","template":"","meta":{"_joinchat":[]},"product_cat":[22],"product_tag":[],"class_list":{"0":"post-10296","1":"product","2":"type-product","3":"status-publish","4":"has-post-thumbnail","6":"product_cat-sedir-koltuk","8":"first","9":"instock","10":"product-type-simple"},"_links":{"self":[{"href":"https:\/\/palmiyesusleme.com\/index.php\/wp-json\/wp\/v2\/product\/10296","targetHints":{"allow":["GET"]}}],"collection":[{"href":"https:\/\/palmiyesusleme.com\/index.php\/wp-json\/wp\/v2\/product"}],"about":[{"href":"https:\/\/palmiyesusleme.com\/index.php\/wp-json\/wp\/v2\/types\/product"}],"replies":[{"embeddable":true,"href":"https:\/\/palmiyesusleme.com\/index.php\/wp-json\/wp\/v2\/comments?post=10296"}],"wp:featuredmedia":[{"embeddable":true,"href":"https:\/\/palmiyesusleme.com\/index.php\/wp-json\/wp\/v2\/media\/10297"}],"wp:attachment":[{"href":"https:\/\/palmiyesusleme.com\/index.php\/wp-json\/wp\/v2\/media?parent=10296"}],"wp:term":[{"taxonomy":"product_cat","embeddable":true,"href":"https:\/\/palmiyesusleme.com\/index.php\/wp-json\/wp\/v2\/product_cat?post=10296"},{"taxonomy":"product_tag","embeddable":true,"href":"https:\/\/palmiyesusleme.com\/index.php\/wp-json\/wp\/v2\/product_tag?post=10296"}],"curies":[{"name":"wp","href":"https:\/\/api.w.org\/{rel}","templated":true}]}}