{"id":10312,"date":"2024-03-07T16:40:16","date_gmt":"2024-03-07T13:40:16","guid":{"rendered":"https:\/\/palmiyesusleme.com\/index.php\/urun\/ahsap-kasli-kirmizi-deri-dosemeli-cafe-sediri\/"},"modified":"2024-03-07T16:40:17","modified_gmt":"2024-03-07T13:40:17","slug":"ahsap-kasli-kirmizi-deri-dosemeli-cafe-sediri","status":"publish","type":"product","link":"https:\/\/palmiyesusleme.com\/index.php\/urun\/ahsap-kasli-kirmizi-deri-dosemeli-cafe-sediri\/","title":{"rendered":"Ah\u015fap Kasl\u0131 K\u0131rm\u0131z\u0131 Deri D\u00f6\u015femeli Cafe Sediri"},"content":{"rendered":"<p>&lt;p&gt;Ah\u015fap kasal\u0131 &lt;b&gt;k\u0131rm\u0131z\u0131 deri d\u00f6\u015femeli cafe sediri&lt;\/b&gt; klasik g\u00f6r\u00fcn\u00fcml\u00fc sedirlerden farkl\u0131 olarak ah\u015fap kasa b\u00f6l\u00fcml\u00fc bir modeldir. Alt k\u0131sm\u0131 ah\u015fap olan sedir g\u00f6r\u00fcnt\u00fcs\u00fc mekan\u0131nda de\u011fi\u015fiklik arayanlar\u0131n tercihleri aras\u0131ndad\u0131r. Alan\u0131n kullan\u0131m ko\u015fullar\u0131na ba\u011fl\u0131 olarak istenilen \u00f6l\u00e7\u00fc ve renkte \u00fcretimi yap\u0131lmaktad\u0131r. \u00dcr\u00fcnlerin tamam\u0131nda birinci s\u0131n\u0131f malzeme kullan\u0131larak kaliteli i\u015f\u00e7ilik ortaya konmaktad\u0131r.&lt;br&gt;&lt;\/p&gt;&lt;p&gt;&lt;\/p&gt;&lt;table class=&quot;table table-bordered&quot;&gt;&lt;tbody&gt;&lt;tr&gt;&lt;td colspan=&quot;4&quot; class=&quot;text-center&quot;&gt;&lt;img src=&quot;\/image\/olcuresimsablon\/sedir-olcu-sablon.png&quot; alt=&quot;\u00d6l\u00e7\u00fc&quot;&gt;&lt;\/td&gt;&lt;\/tr&gt;&lt;tr&gt;&lt;td class=&quot;text-center&quot;&gt;&lt;span class=&quot;text-center&quot; style=&quot;vertical-align:middle&quot;&gt;&lt;strong&gt;Geni\u015flik&lt;\/strong&gt;&lt;\/span&gt;&lt;\/td&gt;&lt;td class=&quot;text-center&quot;&gt;&lt;span class=&quot;text-center&quot; style=&quot;vertical-align:middle&quot;&gt;&lt;strong&gt;Oturum Y\u00fcksekli\u011fi&lt;\/strong&gt;&lt;\/span&gt;&lt;\/td&gt;&lt;td class=&quot;text-center&quot;&gt;&lt;span class=&quot;text-center&quot; style=&quot;vertical-align:middle&quot;&gt;&lt;strong&gt;Derinlik&lt;\/strong&gt;&lt;\/span&gt;&lt;\/td&gt;&lt;td class=&quot;text-center&quot;&gt;&lt;span class=&quot;text-center&quot; style=&quot;vertical-align:middle&quot;&gt;&lt;strong&gt;Y\u00fckseklik&lt;\/strong&gt;&lt;\/span&gt;&lt;\/td&gt;&lt;\/tr&gt;&lt;tr&gt;&lt;td class=&quot;text-center&quot;&gt;120 cm&lt;\/td&gt;&lt;td class=&quot;text-center&quot;&gt;&lt;p&gt;&lt;span style=&quot;background-color: transparent;&quot;&gt;46 cm&lt;\/span&gt;&lt;\/p&gt;&lt;\/td&gt;&lt;td class=&quot;text-center&quot;&gt;65 cm&amp;nbsp;&lt;\/td&gt;&lt;td class=&quot;text-center&quot;&gt;85 cm&amp;nbsp;&lt;\/td&gt;&lt;\/tr&gt;&lt;tr&gt;&lt;td class=&quot;text-center&quot; colspan=&quot;4&quot;&gt;\u0130ste\u011fe \u00f6zel olarak malzeme cinsinde (ah\u015fap,boya,kuma\u015f,deri) ve \u00fcr\u00fcn \u00f6l\u00e7\u00fclerinde de\u011fi\u015fiklik yap\u0131labilir.&lt;\/td&gt;&lt;\/tr&gt;&lt;\/tbody&gt;&lt;\/table&gt;&lt;p&gt;&lt;\/p&gt;<\/p>\n","protected":false},"excerpt":{"rendered":"<p>&lt;p&gt;Ah\u015fap kasal\u0131 &lt;b&gt;k\u0131rm\u0131z\u0131 deri d\u00f6\u015femeli cafe sediri&lt;\/b&gt; klasik g\u00f6r\u00fcn\u00fcml\u00fc sedirlerden farkl\u0131 olarak ah\u015fap kasa b\u00f6l\u00fcml\u00fc bir modeldir. Alt k\u0131sm\u0131 ah\u015fap olan sedir g\u00f6r\u00fcnt\u00fcs\u00fc mekan\u0131nda de\u011fi\u015fiklik arayanlar\u0131n tercihleri aras\u0131ndad\u0131r. Alan\u0131n kullan\u0131m ko\u015fullar\u0131na ba\u011fl\u0131 olarak istenilen \u00f6l\u00e7\u00fc ve renkte \u00fcretimi yap\u0131lmaktad\u0131r. \u00dcr\u00fcnlerin tamam\u0131nda birinci s\u0131n\u0131f malzeme kullan\u0131larak kaliteli i\u015f\u00e7ilik ortaya konmaktad\u0131r.&lt;br&gt;&lt;\/p&gt;&lt;p&gt;&lt;\/p&gt;&lt;table class=&quot;table table-bordered&quot;&gt;&lt;tbody&gt;&lt;tr&gt;&lt;td colspan=&quot;4&quot; class=&quot;text-center&quot;&gt;&lt;img src=&quot;\/image\/olcuresimsablon\/sedir-olcu-sablon.png&quot; alt=&quot;\u00d6l\u00e7\u00fc&quot;&gt;&lt;\/td&gt;&lt;\/tr&gt;&lt;tr&gt;&lt;td [&hellip;]<\/p>\n","protected":false},"featured_media":10313,"comment_status":"closed","ping_status":"open","template":"","meta":{"_joinchat":[]},"product_cat":[24,23,22],"product_tag":[],"class_list":{"0":"post-10312","1":"product","2":"type-product","3":"status-publish","4":"has-post-thumbnail","6":"product_cat-cafe-koltuklari","7":"product_cat-loca","8":"product_cat-sedir-koltuk","10":"first","11":"instock","12":"product-type-simple"},"_links":{"self":[{"href":"https:\/\/palmiyesusleme.com\/index.php\/wp-json\/wp\/v2\/product\/10312","targetHints":{"allow":["GET"]}}],"collection":[{"href":"https:\/\/palmiyesusleme.com\/index.php\/wp-json\/wp\/v2\/product"}],"about":[{"href":"https:\/\/palmiyesusleme.com\/index.php\/wp-json\/wp\/v2\/types\/product"}],"replies":[{"embeddable":true,"href":"https:\/\/palmiyesusleme.com\/index.php\/wp-json\/wp\/v2\/comments?post=10312"}],"wp:featuredmedia":[{"embeddable":true,"href":"https:\/\/palmiyesusleme.com\/index.php\/wp-json\/wp\/v2\/media\/10313"}],"wp:attachment":[{"href":"https:\/\/palmiyesusleme.com\/index.php\/wp-json\/wp\/v2\/media?parent=10312"}],"wp:term":[{"taxonomy":"product_cat","embeddable":true,"href":"https:\/\/palmiyesusleme.com\/index.php\/wp-json\/wp\/v2\/product_cat?post=10312"},{"taxonomy":"product_tag","embeddable":true,"href":"https:\/\/palmiyesusleme.com\/index.php\/wp-json\/wp\/v2\/product_tag?post=10312"}],"curies":[{"name":"wp","href":"https:\/\/api.w.org\/{rel}","templated":true}]}}