{"id":10320,"date":"2024-03-07T16:40:16","date_gmt":"2024-03-07T13:40:16","guid":{"rendered":"https:\/\/palmiyesusleme.com\/index.php\/urun\/siyah-krem-deri-kapli-kafe-sediri\/"},"modified":"2024-03-07T16:40:21","modified_gmt":"2024-03-07T13:40:21","slug":"siyah-krem-deri-kapli-kafe-sediri","status":"publish","type":"product","link":"https:\/\/palmiyesusleme.com\/index.php\/urun\/siyah-krem-deri-kapli-kafe-sediri\/","title":{"rendered":"Siyah Krem Deri Kapl\u0131 Kafe Sediri"},"content":{"rendered":"<p>&lt;p&gt;Siyah Suni deri d\u00f6\u015femeli ekonomik fiyatl\u0131, dilimli s\u0131rt y\u00fczeyli cafe, restoran ve otel sediri.&lt;\/p&gt;&lt;p&gt;&lt;\/p&gt;&lt;table class=&quot;table table-bordered&quot;&gt;&lt;tbody&gt;&lt;tr&gt;&lt;td colspan=&quot;4&quot; class=&quot;text-center&quot;&gt;&lt;img src=&quot;\/image\/olcuresimsablon\/sedir-olcu-sablon.png&quot; alt=&quot;\u00d6l\u00e7\u00fc&quot;&gt;&lt;\/td&gt;&lt;\/tr&gt;&lt;tr&gt;&lt;td class=&quot;text-center&quot;&gt;&lt;span class=&quot;text-center&quot; style=&quot;vertical-align:middle&quot;&gt;&lt;strong&gt;Geni\u015flik&lt;\/strong&gt;&lt;\/span&gt;&lt;\/td&gt;&lt;td class=&quot;text-center&quot;&gt;&lt;span class=&quot;text-center&quot; style=&quot;vertical-align:middle&quot;&gt;&lt;strong&gt;Oturum Y\u00fcksekli\u011fi&lt;\/strong&gt;&lt;\/span&gt;&lt;\/td&gt;&lt;td class=&quot;text-center&quot;&gt;&lt;span class=&quot;text-center&quot; style=&quot;vertical-align:middle&quot;&gt;&lt;strong&gt;Derinlik&lt;\/strong&gt;&lt;\/span&gt;&lt;\/td&gt;&lt;td class=&quot;text-center&quot;&gt;&lt;span class=&quot;text-center&quot; style=&quot;vertical-align:middle&quot;&gt;&lt;strong&gt;Y\u00fckseklik&lt;\/strong&gt;&lt;\/span&gt;&lt;\/td&gt;&lt;\/tr&gt;&lt;tr&gt;&lt;td class=&quot;text-center&quot;&gt;120 cm&lt;\/td&gt;&lt;td class=&quot;text-center&quot;&gt;&lt;p&gt;&lt;span style=&quot;background-color: transparent;&quot;&gt;45 cm&lt;\/span&gt;&lt;\/p&gt;&lt;\/td&gt;&lt;td class=&quot;text-center&quot;&gt;65 cm&amp;nbsp;&lt;\/td&gt;&lt;td class=&quot;text-center&quot;&gt;90 cm&amp;nbsp;&lt;\/td&gt;&lt;\/tr&gt;&lt;tr&gt;&lt;td class=&quot;text-center&quot; colspan=&quot;4&quot;&gt;\u0130ste\u011fe \u00f6zel olarak malzeme cinsinde (ah\u015fap,boya,kuma\u015f,deri) ve \u00fcr\u00fcn \u00f6l\u00e7\u00fclerinde de\u011fi\u015fiklik yap\u0131labilir.&lt;\/td&gt;&lt;\/tr&gt;&lt;\/tbody&gt;&lt;\/table&gt;&lt;p&gt;&lt;\/p&gt;<\/p>\n","protected":false},"excerpt":{"rendered":"<p>&lt;p&gt;Siyah Suni deri d\u00f6\u015femeli ekonomik fiyatl\u0131, dilimli s\u0131rt y\u00fczeyli cafe, restoran ve otel sediri.&lt;\/p&gt;&lt;p&gt;&lt;\/p&gt;&lt;table class=&quot;table table-bordered&quot;&gt;&lt;tbody&gt;&lt;tr&gt;&lt;td colspan=&quot;4&quot; class=&quot;text-center&quot;&gt;&lt;img src=&quot;\/image\/olcuresimsablon\/sedir-olcu-sablon.png&quot; alt=&quot;\u00d6l\u00e7\u00fc&quot;&gt;&lt;\/td&gt;&lt;\/tr&gt;&lt;tr&gt;&lt;td class=&quot;text-center&quot;&gt;&lt;span class=&quot;text-center&quot; style=&quot;vertical-align:middle&quot;&gt;&lt;strong&gt;Geni\u015flik&lt;\/strong&gt;&lt;\/span&gt;&lt;\/td&gt;&lt;td class=&quot;text-center&quot;&gt;&lt;span class=&quot;text-center&quot; style=&quot;vertical-align:middle&quot;&gt;&lt;strong&gt;Oturum Y\u00fcksekli\u011fi&lt;\/strong&gt;&lt;\/span&gt;&lt;\/td&gt;&lt;td class=&quot;text-center&quot;&gt;&lt;span class=&quot;text-center&quot; style=&quot;vertical-align:middle&quot;&gt;&lt;strong&gt;Derinlik&lt;\/strong&gt;&lt;\/span&gt;&lt;\/td&gt;&lt;td class=&quot;text-center&quot;&gt;&lt;span class=&quot;text-center&quot; style=&quot;vertical-align:middle&quot;&gt;&lt;strong&gt;Y\u00fckseklik&lt;\/strong&gt;&lt;\/span&gt;&lt;\/td&gt;&lt;\/tr&gt;&lt;tr&gt;&lt;td class=&quot;text-center&quot;&gt;120 cm&lt;\/td&gt;&lt;td class=&quot;text-center&quot;&gt;&lt;p&gt;&lt;span style=&quot;background-color: transparent;&quot;&gt;45 cm&lt;\/span&gt;&lt;\/p&gt;&lt;\/td&gt;&lt;td class=&quot;text-center&quot;&gt;65 cm&amp;nbsp;&lt;\/td&gt;&lt;td class=&quot;text-center&quot;&gt;90 cm&amp;nbsp;&lt;\/td&gt;&lt;\/tr&gt;&lt;tr&gt;&lt;td class=&quot;text-center&quot; colspan=&quot;4&quot;&gt;\u0130ste\u011fe \u00f6zel olarak malzeme cinsinde (ah\u015fap,boya,kuma\u015f,deri) ve \u00fcr\u00fcn \u00f6l\u00e7\u00fclerinde de\u011fi\u015fiklik yap\u0131labilir.&lt;\/td&gt;&lt;\/tr&gt;&lt;\/tbody&gt;&lt;\/table&gt;&lt;p&gt;&lt;\/p&gt;<\/p>\n","protected":false},"featured_media":10321,"comment_status":"closed","ping_status":"open","template":"","meta":{"_joinchat":[]},"product_cat":[22],"product_tag":[],"class_list":{"0":"post-10320","1":"product","2":"type-product","3":"status-publish","4":"has-post-thumbnail","6":"product_cat-sedir-koltuk","8":"first","9":"instock","10":"product-type-simple"},"_links":{"self":[{"href":"https:\/\/palmiyesusleme.com\/index.php\/wp-json\/wp\/v2\/product\/10320","targetHints":{"allow":["GET"]}}],"collection":[{"href":"https:\/\/palmiyesusleme.com\/index.php\/wp-json\/wp\/v2\/product"}],"about":[{"href":"https:\/\/palmiyesusleme.com\/index.php\/wp-json\/wp\/v2\/types\/product"}],"replies":[{"embeddable":true,"href":"https:\/\/palmiyesusleme.com\/index.php\/wp-json\/wp\/v2\/comments?post=10320"}],"wp:featuredmedia":[{"embeddable":true,"href":"https:\/\/palmiyesusleme.com\/index.php\/wp-json\/wp\/v2\/media\/10321"}],"wp:attachment":[{"href":"https:\/\/palmiyesusleme.com\/index.php\/wp-json\/wp\/v2\/media?parent=10320"}],"wp:term":[{"taxonomy":"product_cat","embeddable":true,"href":"https:\/\/palmiyesusleme.com\/index.php\/wp-json\/wp\/v2\/product_cat?post=10320"},{"taxonomy":"product_tag","embeddable":true,"href":"https:\/\/palmiyesusleme.com\/index.php\/wp-json\/wp\/v2\/product_tag?post=10320"}],"curies":[{"name":"wp","href":"https:\/\/api.w.org\/{rel}","templated":true}]}}