{"id":10372,"date":"2024-03-07T16:40:36","date_gmt":"2024-03-07T13:40:36","guid":{"rendered":"https:\/\/palmiyesusleme.com\/index.php\/urun\/ahsap-boyali-deri-dosemeli-restoran-kanepesi\/"},"modified":"2024-03-07T16:40:45","modified_gmt":"2024-03-07T13:40:45","slug":"ahsap-boyali-deri-dosemeli-restoran-kanepesi","status":"publish","type":"product","link":"https:\/\/palmiyesusleme.com\/index.php\/urun\/ahsap-boyali-deri-dosemeli-restoran-kanepesi\/","title":{"rendered":"Ah\u015fap Boyal\u0131 Deri D\u00f6\u015femeli Restoran Kanepesi"},"content":{"rendered":"<p>&lt;p&gt;Krem deri kapl\u0131 ah\u015fap renkli &lt;b&gt;cafe locas\u0131&lt;\/b&gt; hem a\u00e7\u0131k renk olmas\u0131 hem de konforlu bir model olmas\u0131 sebebiyle olduk\u00e7a tercih edilen \u00fcr\u00fcnlerdendir. Misafirlerine kaliteli hizmet sunmak isteyen kullan\u0131c\u0131lar\u0131n zevklerine uygun olarak istenilen \u00f6l\u00e7\u00fclerde tasarlanan sedirin yap\u0131m\u0131nda kaliteli malzemeler kullan\u0131ld\u0131\u011f\u0131ndan dolay\u0131 kullan\u0131m s\u00fcreleri uzundur. Kaliteyi ekonomik fiyatlara mal edebilmenin bir \u00f6rne\u011fini olu\u015fturmaktad\u0131r.&lt;br&gt;&lt;\/p&gt;&lt;p&gt;&lt;\/p&gt;&lt;table class=&quot;table table-bordered&quot;&gt;&lt;tbody&gt;&lt;tr&gt;&lt;td colspan=&quot;4&quot; class=&quot;text-center&quot;&gt;&lt;img src=&quot;\/image\/olcuresimsablon\/sedir-olcu-sablon.png&quot; alt=&quot;\u00d6l\u00e7\u00fc&quot;&gt;&lt;\/td&gt;&lt;\/tr&gt;&lt;tr&gt;&lt;td class=&quot;text-center&quot;&gt;&lt;span class=&quot;text-center&quot; style=&quot;vertical-align:middle&quot;&gt;&lt;strong&gt;Geni\u015flik&lt;\/strong&gt;&lt;\/span&gt;&lt;\/td&gt;&lt;td class=&quot;text-center&quot;&gt;&lt;span class=&quot;text-center&quot; style=&quot;vertical-align:middle&quot;&gt;&lt;strong&gt;Oturum Y\u00fcksekli\u011fi&lt;\/strong&gt;&lt;\/span&gt;&lt;\/td&gt;&lt;td class=&quot;text-center&quot;&gt;&lt;span class=&quot;text-center&quot; style=&quot;vertical-align:middle&quot;&gt;&lt;strong&gt;Derinlik&lt;\/strong&gt;&lt;\/span&gt;&lt;\/td&gt;&lt;td class=&quot;text-center&quot;&gt;&lt;span class=&quot;text-center&quot; style=&quot;vertical-align:middle&quot;&gt;&lt;strong&gt;Y\u00fckseklik&lt;\/strong&gt;&lt;\/span&gt;&lt;\/td&gt;&lt;\/tr&gt;&lt;tr&gt;&lt;td class=&quot;text-center&quot;&gt;120 cm&lt;\/td&gt;&lt;td class=&quot;text-center&quot;&gt;&lt;p&gt;&lt;span style=&quot;background-color: transparent;&quot;&gt;47 cm&lt;\/span&gt;&lt;\/p&gt;&lt;\/td&gt;&lt;td class=&quot;text-center&quot;&gt;65 cm&amp;nbsp;&lt;\/td&gt;&lt;td class=&quot;text-center&quot;&gt;96 cm&amp;nbsp;&lt;\/td&gt;&lt;\/tr&gt;&lt;tr&gt;&lt;td class=&quot;text-center&quot; colspan=&quot;4&quot;&gt;\u0130ste\u011fe \u00f6zel olarak malzeme cinsinde (ah\u015fap,boya,kuma\u015f,deri) ve \u00fcr\u00fcn \u00f6l\u00e7\u00fclerinde de\u011fi\u015fiklik yap\u0131labilir.&lt;\/td&gt;&lt;\/tr&gt;&lt;\/tbody&gt;&lt;\/table&gt;&lt;p&gt;&lt;\/p&gt;<\/p>\n","protected":false},"excerpt":{"rendered":"<p>&lt;p&gt;Krem deri kapl\u0131 ah\u015fap renkli &lt;b&gt;cafe locas\u0131&lt;\/b&gt; hem a\u00e7\u0131k renk olmas\u0131 hem de konforlu bir model olmas\u0131 sebebiyle olduk\u00e7a tercih edilen \u00fcr\u00fcnlerdendir. Misafirlerine kaliteli hizmet sunmak isteyen kullan\u0131c\u0131lar\u0131n zevklerine uygun olarak istenilen \u00f6l\u00e7\u00fclerde tasarlanan sedirin yap\u0131m\u0131nda kaliteli malzemeler kullan\u0131ld\u0131\u011f\u0131ndan dolay\u0131 kullan\u0131m s\u00fcreleri uzundur. Kaliteyi ekonomik fiyatlara mal edebilmenin bir \u00f6rne\u011fini olu\u015fturmaktad\u0131r.&lt;br&gt;&lt;\/p&gt;&lt;p&gt;&lt;\/p&gt;&lt;table class=&quot;table table-bordered&quot;&gt;&lt;tbody&gt;&lt;tr&gt;&lt;td colspan=&quot;4&quot; class=&quot;text-center&quot;&gt;&lt;img [&hellip;]<\/p>\n","protected":false},"featured_media":10373,"comment_status":"closed","ping_status":"open","template":"","meta":{"_joinchat":[]},"product_cat":[24,23,22],"product_tag":[],"class_list":{"0":"post-10372","1":"product","2":"type-product","3":"status-publish","4":"has-post-thumbnail","6":"product_cat-cafe-koltuklari","7":"product_cat-loca","8":"product_cat-sedir-koltuk","10":"first","11":"instock","12":"product-type-simple"},"_links":{"self":[{"href":"https:\/\/palmiyesusleme.com\/index.php\/wp-json\/wp\/v2\/product\/10372","targetHints":{"allow":["GET"]}}],"collection":[{"href":"https:\/\/palmiyesusleme.com\/index.php\/wp-json\/wp\/v2\/product"}],"about":[{"href":"https:\/\/palmiyesusleme.com\/index.php\/wp-json\/wp\/v2\/types\/product"}],"replies":[{"embeddable":true,"href":"https:\/\/palmiyesusleme.com\/index.php\/wp-json\/wp\/v2\/comments?post=10372"}],"wp:featuredmedia":[{"embeddable":true,"href":"https:\/\/palmiyesusleme.com\/index.php\/wp-json\/wp\/v2\/media\/10373"}],"wp:attachment":[{"href":"https:\/\/palmiyesusleme.com\/index.php\/wp-json\/wp\/v2\/media?parent=10372"}],"wp:term":[{"taxonomy":"product_cat","embeddable":true,"href":"https:\/\/palmiyesusleme.com\/index.php\/wp-json\/wp\/v2\/product_cat?post=10372"},{"taxonomy":"product_tag","embeddable":true,"href":"https:\/\/palmiyesusleme.com\/index.php\/wp-json\/wp\/v2\/product_tag?post=10372"}],"curies":[{"name":"wp","href":"https:\/\/api.w.org\/{rel}","templated":true}]}}