{"id":10686,"date":"2024-03-07T16:42:47","date_gmt":"2024-03-07T13:42:47","guid":{"rendered":"https:\/\/palmiyesusleme.com\/index.php\/urun\/oymali-sedir-mobilyasi\/"},"modified":"2024-03-07T16:42:59","modified_gmt":"2024-03-07T13:42:59","slug":"oymali-sedir-mobilyasi","status":"publish","type":"product","link":"https:\/\/palmiyesusleme.com\/index.php\/urun\/oymali-sedir-mobilyasi\/","title":{"rendered":"Oymal\u0131 Sedir Mobilyas\u0131"},"content":{"rendered":"<p>Oymal\u0131 Sedir Mobilyas\u0131<\/p>\n","protected":false},"excerpt":{"rendered":"<p>Oymal\u0131 Sedir Mobilyas\u0131<\/p>\n","protected":false},"featured_media":10687,"comment_status":"closed","ping_status":"open","template":"","meta":{"_joinchat":[]},"product_cat":[212],"product_tag":[],"class_list":{"0":"post-10686","1":"product","2":"type-product","3":"status-publish","4":"has-post-thumbnail","6":"product_cat-sedir-sark-kosesi","8":"first","9":"instock","10":"product-type-simple"},"_links":{"self":[{"href":"https:\/\/palmiyesusleme.com\/index.php\/wp-json\/wp\/v2\/product\/10686","targetHints":{"allow":["GET"]}}],"collection":[{"href":"https:\/\/palmiyesusleme.com\/index.php\/wp-json\/wp\/v2\/product"}],"about":[{"href":"https:\/\/palmiyesusleme.com\/index.php\/wp-json\/wp\/v2\/types\/product"}],"replies":[{"embeddable":true,"href":"https:\/\/palmiyesusleme.com\/index.php\/wp-json\/wp\/v2\/comments?post=10686"}],"wp:featuredmedia":[{"embeddable":true,"href":"https:\/\/palmiyesusleme.com\/index.php\/wp-json\/wp\/v2\/media\/10687"}],"wp:attachment":[{"href":"https:\/\/palmiyesusleme.com\/index.php\/wp-json\/wp\/v2\/media?parent=10686"}],"wp:term":[{"taxonomy":"product_cat","embeddable":true,"href":"https:\/\/palmiyesusleme.com\/index.php\/wp-json\/wp\/v2\/product_cat?post=10686"},{"taxonomy":"product_tag","embeddable":true,"href":"https:\/\/palmiyesusleme.com\/index.php\/wp-json\/wp\/v2\/product_tag?post=10686"}],"curies":[{"name":"wp","href":"https:\/\/api.w.org\/{rel}","templated":true}]}}