{"id":10688,"date":"2024-03-07T16:42:47","date_gmt":"2024-03-07T13:42:47","guid":{"rendered":"https:\/\/palmiyesusleme.com\/index.php\/urun\/oymali-sedir-satisi\/"},"modified":"2024-03-07T16:43:01","modified_gmt":"2024-03-07T13:43:01","slug":"oymali-sedir-satisi","status":"publish","type":"product","link":"https:\/\/palmiyesusleme.com\/index.php\/urun\/oymali-sedir-satisi\/","title":{"rendered":"Oymal\u0131 Sedir Sat\u0131\u015f\u0131"},"content":{"rendered":"<p>Oymal\u0131 Sedir Sat\u0131\u015f\u0131<\/p>\n","protected":false},"excerpt":{"rendered":"<p>Oymal\u0131 Sedir Sat\u0131\u015f\u0131<\/p>\n","protected":false},"featured_media":10689,"comment_status":"closed","ping_status":"open","template":"","meta":{"_joinchat":[]},"product_cat":[212],"product_tag":[],"class_list":{"0":"post-10688","1":"product","2":"type-product","3":"status-publish","4":"has-post-thumbnail","6":"product_cat-sedir-sark-kosesi","8":"first","9":"instock","10":"product-type-simple"},"_links":{"self":[{"href":"https:\/\/palmiyesusleme.com\/index.php\/wp-json\/wp\/v2\/product\/10688","targetHints":{"allow":["GET"]}}],"collection":[{"href":"https:\/\/palmiyesusleme.com\/index.php\/wp-json\/wp\/v2\/product"}],"about":[{"href":"https:\/\/palmiyesusleme.com\/index.php\/wp-json\/wp\/v2\/types\/product"}],"replies":[{"embeddable":true,"href":"https:\/\/palmiyesusleme.com\/index.php\/wp-json\/wp\/v2\/comments?post=10688"}],"wp:featuredmedia":[{"embeddable":true,"href":"https:\/\/palmiyesusleme.com\/index.php\/wp-json\/wp\/v2\/media\/10689"}],"wp:attachment":[{"href":"https:\/\/palmiyesusleme.com\/index.php\/wp-json\/wp\/v2\/media?parent=10688"}],"wp:term":[{"taxonomy":"product_cat","embeddable":true,"href":"https:\/\/palmiyesusleme.com\/index.php\/wp-json\/wp\/v2\/product_cat?post=10688"},{"taxonomy":"product_tag","embeddable":true,"href":"https:\/\/palmiyesusleme.com\/index.php\/wp-json\/wp\/v2\/product_tag?post=10688"}],"curies":[{"name":"wp","href":"https:\/\/api.w.org\/{rel}","templated":true}]}}