{"id":10766,"date":"2024-03-07T16:43:45","date_gmt":"2024-03-07T13:43:45","guid":{"rendered":"https:\/\/palmiyesusleme.com\/index.php\/urun\/oymali-sedir-1-sinif-3\/"},"modified":"2024-03-07T16:44:03","modified_gmt":"2024-03-07T13:44:03","slug":"oymali-sedir-1-sinif-3","status":"publish","type":"product","link":"https:\/\/palmiyesusleme.com\/index.php\/urun\/oymali-sedir-1-sinif-3\/","title":{"rendered":"Oymal\u0131 Sedir 1. S\u0131n\u0131f"},"content":{"rendered":"<p>Oymal\u0131 Sedir 1. S\u0131n\u0131f<\/p>\n","protected":false},"excerpt":{"rendered":"<p>Oymal\u0131 Sedir 1. S\u0131n\u0131f<\/p>\n","protected":false},"featured_media":10767,"comment_status":"closed","ping_status":"open","template":"","meta":{"_joinchat":[]},"product_cat":[212],"product_tag":[],"class_list":{"0":"post-10766","1":"product","2":"type-product","3":"status-publish","4":"has-post-thumbnail","6":"product_cat-sedir-sark-kosesi","8":"first","9":"instock","10":"product-type-simple"},"_links":{"self":[{"href":"https:\/\/palmiyesusleme.com\/index.php\/wp-json\/wp\/v2\/product\/10766","targetHints":{"allow":["GET"]}}],"collection":[{"href":"https:\/\/palmiyesusleme.com\/index.php\/wp-json\/wp\/v2\/product"}],"about":[{"href":"https:\/\/palmiyesusleme.com\/index.php\/wp-json\/wp\/v2\/types\/product"}],"replies":[{"embeddable":true,"href":"https:\/\/palmiyesusleme.com\/index.php\/wp-json\/wp\/v2\/comments?post=10766"}],"wp:featuredmedia":[{"embeddable":true,"href":"https:\/\/palmiyesusleme.com\/index.php\/wp-json\/wp\/v2\/media\/10767"}],"wp:attachment":[{"href":"https:\/\/palmiyesusleme.com\/index.php\/wp-json\/wp\/v2\/media?parent=10766"}],"wp:term":[{"taxonomy":"product_cat","embeddable":true,"href":"https:\/\/palmiyesusleme.com\/index.php\/wp-json\/wp\/v2\/product_cat?post=10766"},{"taxonomy":"product_tag","embeddable":true,"href":"https:\/\/palmiyesusleme.com\/index.php\/wp-json\/wp\/v2\/product_tag?post=10766"}],"curies":[{"name":"wp","href":"https:\/\/api.w.org\/{rel}","templated":true}]}}