{"id":10782,"date":"2024-03-07T16:43:45","date_gmt":"2024-03-07T13:43:45","guid":{"rendered":"https:\/\/palmiyesusleme.com\/index.php\/urun\/kus-yuvasi-rattan-salincak\/"},"modified":"2024-03-07T16:44:18","modified_gmt":"2024-03-07T13:44:18","slug":"kus-yuvasi-rattan-salincak","status":"publish","type":"product","link":"https:\/\/palmiyesusleme.com\/index.php\/urun\/kus-yuvasi-rattan-salincak\/","title":{"rendered":"Ku\u015f Yuvas\u0131 Rattan Sal\u0131ncak"},"content":{"rendered":"<p>&lt;p&gt;Ku\u015f Yuvas\u0131 Rattan Sal\u0131ncak&lt;br&gt;&lt;\/p&gt;<\/p>\n","protected":false},"excerpt":{"rendered":"<p>&lt;p&gt;Ku\u015f Yuvas\u0131 Rattan Sal\u0131ncak&lt;br&gt;&lt;\/p&gt;<\/p>\n","protected":false},"featured_media":10783,"comment_status":"closed","ping_status":"open","template":"","meta":{"_joinchat":[]},"product_cat":[216],"product_tag":[],"class_list":{"0":"post-10782","1":"product","2":"type-product","3":"status-publish","4":"has-post-thumbnail","6":"product_cat-salincaklar","8":"first","9":"instock","10":"product-type-simple"},"_links":{"self":[{"href":"https:\/\/palmiyesusleme.com\/index.php\/wp-json\/wp\/v2\/product\/10782","targetHints":{"allow":["GET"]}}],"collection":[{"href":"https:\/\/palmiyesusleme.com\/index.php\/wp-json\/wp\/v2\/product"}],"about":[{"href":"https:\/\/palmiyesusleme.com\/index.php\/wp-json\/wp\/v2\/types\/product"}],"replies":[{"embeddable":true,"href":"https:\/\/palmiyesusleme.com\/index.php\/wp-json\/wp\/v2\/comments?post=10782"}],"wp:featuredmedia":[{"embeddable":true,"href":"https:\/\/palmiyesusleme.com\/index.php\/wp-json\/wp\/v2\/media\/10783"}],"wp:attachment":[{"href":"https:\/\/palmiyesusleme.com\/index.php\/wp-json\/wp\/v2\/media?parent=10782"}],"wp:term":[{"taxonomy":"product_cat","embeddable":true,"href":"https:\/\/palmiyesusleme.com\/index.php\/wp-json\/wp\/v2\/product_cat?post=10782"},{"taxonomy":"product_tag","embeddable":true,"href":"https:\/\/palmiyesusleme.com\/index.php\/wp-json\/wp\/v2\/product_tag?post=10782"}],"curies":[{"name":"wp","href":"https:\/\/api.w.org\/{rel}","templated":true}]}}