{"id":10784,"date":"2024-03-07T16:43:45","date_gmt":"2024-03-07T13:43:45","guid":{"rendered":"https:\/\/palmiyesusleme.com\/index.php\/urun\/plastik-rattan-orgulu-tek-kisilik-aski-salincak\/"},"modified":"2024-03-07T16:44:18","modified_gmt":"2024-03-07T13:44:18","slug":"plastik-rattan-orgulu-tek-kisilik-aski-salincak","status":"publish","type":"product","link":"https:\/\/palmiyesusleme.com\/index.php\/urun\/plastik-rattan-orgulu-tek-kisilik-aski-salincak\/","title":{"rendered":"Plastik Rattan \u00d6rg\u00fcl\u00fc Tek Ki\u015filik Ask\u0131 Sal\u0131ncak"},"content":{"rendered":"<p>&lt;p&gt;&lt;div&gt;Minder Sepet Stant par\u00e7alar\u0131ndan olu\u015fmaktad\u0131r.&lt;\/div&gt;&lt;div&gt;&lt;br&gt;&lt;\/div&gt;&lt;p&gt;Sepet : 80 (e) x 73 (d) x 130 (y) cm&lt;br&gt;&lt;\/p&gt;&lt;\/p&gt;&lt;p&gt;Kurulu y\u00fcksekli\u011fi (y) : 195 cm&lt;\/p&gt;&lt;p&gt;Stant taban \u00e7ap\u0131 : 105 cm&lt;\/p&gt;<\/p>\n","protected":false},"excerpt":{"rendered":"<p>&lt;p&gt;&lt;div&gt;Minder Sepet Stant par\u00e7alar\u0131ndan olu\u015fmaktad\u0131r.&lt;\/div&gt;&lt;div&gt;&lt;br&gt;&lt;\/div&gt;&lt;p&gt;Sepet : 80 (e) x 73 (d) x 130 (y) cm&lt;br&gt;&lt;\/p&gt;&lt;\/p&gt;&lt;p&gt;Kurulu y\u00fcksekli\u011fi (y) : 195 cm&lt;\/p&gt;&lt;p&gt;Stant taban \u00e7ap\u0131 : 105 cm&lt;\/p&gt;<\/p>\n","protected":false},"featured_media":10785,"comment_status":"closed","ping_status":"open","template":"","meta":{"_joinchat":[]},"product_cat":[216],"product_tag":[],"class_list":{"0":"post-10784","1":"product","2":"type-product","3":"status-publish","4":"has-post-thumbnail","6":"product_cat-salincaklar","8":"first","9":"instock","10":"product-type-simple"},"_links":{"self":[{"href":"https:\/\/palmiyesusleme.com\/index.php\/wp-json\/wp\/v2\/product\/10784","targetHints":{"allow":["GET"]}}],"collection":[{"href":"https:\/\/palmiyesusleme.com\/index.php\/wp-json\/wp\/v2\/product"}],"about":[{"href":"https:\/\/palmiyesusleme.com\/index.php\/wp-json\/wp\/v2\/types\/product"}],"replies":[{"embeddable":true,"href":"https:\/\/palmiyesusleme.com\/index.php\/wp-json\/wp\/v2\/comments?post=10784"}],"wp:featuredmedia":[{"embeddable":true,"href":"https:\/\/palmiyesusleme.com\/index.php\/wp-json\/wp\/v2\/media\/10785"}],"wp:attachment":[{"href":"https:\/\/palmiyesusleme.com\/index.php\/wp-json\/wp\/v2\/media?parent=10784"}],"wp:term":[{"taxonomy":"product_cat","embeddable":true,"href":"https:\/\/palmiyesusleme.com\/index.php\/wp-json\/wp\/v2\/product_cat?post=10784"},{"taxonomy":"product_tag","embeddable":true,"href":"https:\/\/palmiyesusleme.com\/index.php\/wp-json\/wp\/v2\/product_tag?post=10784"}],"curies":[{"name":"wp","href":"https:\/\/api.w.org\/{rel}","templated":true}]}}