{"id":10792,"date":"2024-03-07T16:44:23","date_gmt":"2024-03-07T13:44:23","guid":{"rendered":"https:\/\/palmiyesusleme.com\/index.php\/urun\/aluminyum-iskeletli-iroko-ahsap-kolcakli-3-kisilik-salincak\/"},"modified":"2024-03-07T16:44:26","modified_gmt":"2024-03-07T13:44:26","slug":"aluminyum-iskeletli-iroko-ahsap-kolcakli-3-kisilik-salincak","status":"publish","type":"product","link":"https:\/\/palmiyesusleme.com\/index.php\/urun\/aluminyum-iskeletli-iroko-ahsap-kolcakli-3-kisilik-salincak\/","title":{"rendered":"Al\u00fcminyum \u0130skeletli \u0130roko Ah\u015fap Kol\u00e7akl\u0131 3 Ki\u015filik Sal\u0131ncak"},"content":{"rendered":"<p>&lt;p&gt;3 Ki\u015filik Sal\u0131ncak&amp;nbsp;&lt;\/p&gt;&lt;p&gt;\u0130roko Kolcak&lt;\/p&gt;&lt;p&gt;Hafiflik Sa\u011flayan Al\u00fcminyum \u0130skelet&lt;\/p&gt;&lt;p&gt;3 Kademeli S\u0131rt\u0131 Geriye Yatma \u00d6zelli\u011fi&lt;\/p&gt;&lt;p&gt;Yazl\u0131k, Villa ve Bah\u00e7e tarz\u0131 mekanlar\u0131n\u0131z i\u00e7in \u015f\u0131k ve rahat bir \u00fcr\u00fcn&lt;\/p&gt;<\/p>\n","protected":false},"excerpt":{"rendered":"<p>&lt;p&gt;3 Ki\u015filik Sal\u0131ncak&amp;nbsp;&lt;\/p&gt;&lt;p&gt;\u0130roko Kolcak&lt;\/p&gt;&lt;p&gt;Hafiflik Sa\u011flayan Al\u00fcminyum \u0130skelet&lt;\/p&gt;&lt;p&gt;3 Kademeli S\u0131rt\u0131 Geriye Yatma \u00d6zelli\u011fi&lt;\/p&gt;&lt;p&gt;Yazl\u0131k, Villa ve Bah\u00e7e tarz\u0131 mekanlar\u0131n\u0131z i\u00e7in \u015f\u0131k ve rahat bir \u00fcr\u00fcn&lt;\/p&gt;<\/p>\n","protected":false},"featured_media":10793,"comment_status":"closed","ping_status":"open","template":"","meta":{"_joinchat":[]},"product_cat":[216],"product_tag":[],"class_list":{"0":"post-10792","1":"product","2":"type-product","3":"status-publish","4":"has-post-thumbnail","6":"product_cat-salincaklar","8":"first","9":"instock","10":"product-type-simple"},"_links":{"self":[{"href":"https:\/\/palmiyesusleme.com\/index.php\/wp-json\/wp\/v2\/product\/10792","targetHints":{"allow":["GET"]}}],"collection":[{"href":"https:\/\/palmiyesusleme.com\/index.php\/wp-json\/wp\/v2\/product"}],"about":[{"href":"https:\/\/palmiyesusleme.com\/index.php\/wp-json\/wp\/v2\/types\/product"}],"replies":[{"embeddable":true,"href":"https:\/\/palmiyesusleme.com\/index.php\/wp-json\/wp\/v2\/comments?post=10792"}],"wp:featuredmedia":[{"embeddable":true,"href":"https:\/\/palmiyesusleme.com\/index.php\/wp-json\/wp\/v2\/media\/10793"}],"wp:attachment":[{"href":"https:\/\/palmiyesusleme.com\/index.php\/wp-json\/wp\/v2\/media?parent=10792"}],"wp:term":[{"taxonomy":"product_cat","embeddable":true,"href":"https:\/\/palmiyesusleme.com\/index.php\/wp-json\/wp\/v2\/product_cat?post=10792"},{"taxonomy":"product_tag","embeddable":true,"href":"https:\/\/palmiyesusleme.com\/index.php\/wp-json\/wp\/v2\/product_tag?post=10792"}],"curies":[{"name":"wp","href":"https:\/\/api.w.org\/{rel}","templated":true}]}}