{"id":10796,"date":"2024-03-07T16:44:23","date_gmt":"2024-03-07T13:44:23","guid":{"rendered":"https:\/\/palmiyesusleme.com\/index.php\/urun\/dis-mekan-iroko-krem-renkli-kapitoneli-minderli-salincak\/"},"modified":"2024-03-07T16:44:28","modified_gmt":"2024-03-07T13:44:28","slug":"dis-mekan-iroko-krem-renkli-kapitoneli-minderli-salincak","status":"publish","type":"product","link":"https:\/\/palmiyesusleme.com\/index.php\/urun\/dis-mekan-iroko-krem-renkli-kapitoneli-minderli-salincak\/","title":{"rendered":"D\u0131\u015f Mekan \u0130roko Krem Renkli Kapitoneli Minderli Sal\u0131ncak"},"content":{"rendered":"<p>&lt;p&gt;D\u0131\u015f Mekan \u0130roko Krem Renkli Kapitoneli Minderli Sal\u0131ncak&lt;br&gt;&lt;\/p&gt;<\/p>\n","protected":false},"excerpt":{"rendered":"<p>&lt;p&gt;D\u0131\u015f Mekan \u0130roko Krem Renkli Kapitoneli Minderli Sal\u0131ncak&lt;br&gt;&lt;\/p&gt;<\/p>\n","protected":false},"featured_media":10797,"comment_status":"closed","ping_status":"open","template":"","meta":{"_joinchat":[]},"product_cat":[216],"product_tag":[],"class_list":{"0":"post-10796","1":"product","2":"type-product","3":"status-publish","4":"has-post-thumbnail","6":"product_cat-salincaklar","8":"first","9":"instock","10":"product-type-simple"},"_links":{"self":[{"href":"https:\/\/palmiyesusleme.com\/index.php\/wp-json\/wp\/v2\/product\/10796","targetHints":{"allow":["GET"]}}],"collection":[{"href":"https:\/\/palmiyesusleme.com\/index.php\/wp-json\/wp\/v2\/product"}],"about":[{"href":"https:\/\/palmiyesusleme.com\/index.php\/wp-json\/wp\/v2\/types\/product"}],"replies":[{"embeddable":true,"href":"https:\/\/palmiyesusleme.com\/index.php\/wp-json\/wp\/v2\/comments?post=10796"}],"wp:featuredmedia":[{"embeddable":true,"href":"https:\/\/palmiyesusleme.com\/index.php\/wp-json\/wp\/v2\/media\/10797"}],"wp:attachment":[{"href":"https:\/\/palmiyesusleme.com\/index.php\/wp-json\/wp\/v2\/media?parent=10796"}],"wp:term":[{"taxonomy":"product_cat","embeddable":true,"href":"https:\/\/palmiyesusleme.com\/index.php\/wp-json\/wp\/v2\/product_cat?post=10796"},{"taxonomy":"product_tag","embeddable":true,"href":"https:\/\/palmiyesusleme.com\/index.php\/wp-json\/wp\/v2\/product_tag?post=10796"}],"curies":[{"name":"wp","href":"https:\/\/api.w.org\/{rel}","templated":true}]}}