{"id":10812,"date":"2024-03-07T16:44:23","date_gmt":"2024-03-07T13:44:23","guid":{"rendered":"https:\/\/palmiyesusleme.com\/index.php\/urun\/beyaz-lacivert-yastikli-kus-yuvasi-balkon-bahce-yazlik-salincak\/"},"modified":"2024-03-07T16:44:38","modified_gmt":"2024-03-07T13:44:38","slug":"beyaz-lacivert-yastikli-kus-yuvasi-balkon-bahce-yazlik-salincak","status":"publish","type":"product","link":"https:\/\/palmiyesusleme.com\/index.php\/urun\/beyaz-lacivert-yastikli-kus-yuvasi-balkon-bahce-yazlik-salincak\/","title":{"rendered":"Beyaz Lacivert Yast\u0131kl\u0131 Ku\u015f Yuvas\u0131 Balkon Bah\u00e7e Yazl\u0131k Sal\u0131ncak"},"content":{"rendered":"<p>Beyaz Lacivert Yast\u0131kl\u0131 Ku\u015f Yuvas\u0131 Balkon Bah&ccedil;e Yazl\u0131k Sal\u0131ncak<\/p>\n","protected":false},"excerpt":{"rendered":"<p>Beyaz Lacivert Yast\u0131kl\u0131 Ku\u015f Yuvas\u0131 Balkon Bah&ccedil;e Yazl\u0131k Sal\u0131ncak<\/p>\n","protected":false},"featured_media":10813,"comment_status":"closed","ping_status":"open","template":"","meta":{"_joinchat":[]},"product_cat":[216],"product_tag":[],"class_list":{"0":"post-10812","1":"product","2":"type-product","3":"status-publish","4":"has-post-thumbnail","6":"product_cat-salincaklar","8":"first","9":"instock","10":"product-type-simple"},"_links":{"self":[{"href":"https:\/\/palmiyesusleme.com\/index.php\/wp-json\/wp\/v2\/product\/10812","targetHints":{"allow":["GET"]}}],"collection":[{"href":"https:\/\/palmiyesusleme.com\/index.php\/wp-json\/wp\/v2\/product"}],"about":[{"href":"https:\/\/palmiyesusleme.com\/index.php\/wp-json\/wp\/v2\/types\/product"}],"replies":[{"embeddable":true,"href":"https:\/\/palmiyesusleme.com\/index.php\/wp-json\/wp\/v2\/comments?post=10812"}],"wp:featuredmedia":[{"embeddable":true,"href":"https:\/\/palmiyesusleme.com\/index.php\/wp-json\/wp\/v2\/media\/10813"}],"wp:attachment":[{"href":"https:\/\/palmiyesusleme.com\/index.php\/wp-json\/wp\/v2\/media?parent=10812"}],"wp:term":[{"taxonomy":"product_cat","embeddable":true,"href":"https:\/\/palmiyesusleme.com\/index.php\/wp-json\/wp\/v2\/product_cat?post=10812"},{"taxonomy":"product_tag","embeddable":true,"href":"https:\/\/palmiyesusleme.com\/index.php\/wp-json\/wp\/v2\/product_tag?post=10812"}],"curies":[{"name":"wp","href":"https:\/\/api.w.org\/{rel}","templated":true}]}}