{"id":10814,"date":"2024-03-07T16:44:23","date_gmt":"2024-03-07T13:44:23","guid":{"rendered":"https:\/\/palmiyesusleme.com\/index.php\/urun\/beyaz-hasir-orgu-modeli-kus-yuvasi-balkon-bahce-yazlik-villa-salincak-1-kalite\/"},"modified":"2024-03-07T16:44:39","modified_gmt":"2024-03-07T13:44:39","slug":"beyaz-hasir-orgu-modeli-kus-yuvasi-balkon-bahce-yazlik-villa-salincak-1-kalite","status":"publish","type":"product","link":"https:\/\/palmiyesusleme.com\/index.php\/urun\/beyaz-hasir-orgu-modeli-kus-yuvasi-balkon-bahce-yazlik-villa-salincak-1-kalite\/","title":{"rendered":"Beyaz Has\u0131r \u00d6rg\u00fc Modeli Ku\u015f Yuvas\u0131 Balkon Bah\u00e7e Yazl\u0131k Villa Sal\u0131ncak 1. Kalite"},"content":{"rendered":"<p>Beyaz Has\u0131r &Ouml;rg&uuml; Modeli Ku\u015f Yuvas\u0131 Balkon Bah&ccedil;e Yazl\u0131k Villa Sal\u0131ncak 1. Kalite<\/p>\n","protected":false},"excerpt":{"rendered":"<p>Beyaz Has\u0131r &Ouml;rg&uuml; Modeli Ku\u015f Yuvas\u0131 Balkon Bah&ccedil;e Yazl\u0131k Villa Sal\u0131ncak 1. Kalite<\/p>\n","protected":false},"featured_media":10815,"comment_status":"closed","ping_status":"open","template":"","meta":{"_joinchat":[]},"product_cat":[216],"product_tag":[],"class_list":{"0":"post-10814","1":"product","2":"type-product","3":"status-publish","4":"has-post-thumbnail","6":"product_cat-salincaklar","8":"first","9":"instock","10":"product-type-simple"},"_links":{"self":[{"href":"https:\/\/palmiyesusleme.com\/index.php\/wp-json\/wp\/v2\/product\/10814","targetHints":{"allow":["GET"]}}],"collection":[{"href":"https:\/\/palmiyesusleme.com\/index.php\/wp-json\/wp\/v2\/product"}],"about":[{"href":"https:\/\/palmiyesusleme.com\/index.php\/wp-json\/wp\/v2\/types\/product"}],"replies":[{"embeddable":true,"href":"https:\/\/palmiyesusleme.com\/index.php\/wp-json\/wp\/v2\/comments?post=10814"}],"wp:featuredmedia":[{"embeddable":true,"href":"https:\/\/palmiyesusleme.com\/index.php\/wp-json\/wp\/v2\/media\/10815"}],"wp:attachment":[{"href":"https:\/\/palmiyesusleme.com\/index.php\/wp-json\/wp\/v2\/media?parent=10814"}],"wp:term":[{"taxonomy":"product_cat","embeddable":true,"href":"https:\/\/palmiyesusleme.com\/index.php\/wp-json\/wp\/v2\/product_cat?post=10814"},{"taxonomy":"product_tag","embeddable":true,"href":"https:\/\/palmiyesusleme.com\/index.php\/wp-json\/wp\/v2\/product_tag?post=10814"}],"curies":[{"name":"wp","href":"https:\/\/api.w.org\/{rel}","templated":true}]}}