{"id":10816,"date":"2024-03-07T16:44:23","date_gmt":"2024-03-07T13:44:23","guid":{"rendered":"https:\/\/palmiyesusleme.com\/index.php\/urun\/tek-kisilik-el-orgusu-bahce-salincagi\/"},"modified":"2024-03-07T16:44:40","modified_gmt":"2024-03-07T13:44:40","slug":"tek-kisilik-el-orgusu-bahce-salincagi","status":"publish","type":"product","link":"https:\/\/palmiyesusleme.com\/index.php\/urun\/tek-kisilik-el-orgusu-bahce-salincagi\/","title":{"rendered":"Tek Ki\u015filik El \u00d6rg\u00fcs\u00fc Bah\u00e7e Sal\u0131nca\u011f\u0131"},"content":{"rendered":"<p>&lt;div&gt;Doku: Makrome \u0130p&lt;\/div&gt;&lt;div&gt;Ta\u015f\u0131ma kapasitesi: 120 kg&lt;\/div&gt;&lt;div&gt;Y\u00fckseklik: 214 Cm&lt;\/div&gt;&lt;div&gt;Geni\u015flik: 106 Cm&lt;\/div&gt;&lt;div&gt;En: 120 Cm&lt;\/div&gt;&lt;div&gt;Kafes y\u00fcksekli\u011fi: 120 Cm&lt;\/div&gt;&lt;div&gt;Kafes boyu: 78 Cm&lt;\/div&gt;&lt;div&gt;Kafes derinli\u011fi: 80 Cm&lt;\/div&gt;&lt;div&gt;&lt;br&gt;&lt;\/div&gt;&lt;div&gt;Ultraviyole g\u00fcne\u015f \u0131\u015f\u0131nlar\u0131na dayan\u0131kl\u0131d\u0131r.&lt;\/div&gt;&lt;div&gt;T\u00fcm hava ko\u015fullar\u0131nda kullan\u0131labilir. Ha\u015fere ve mantar tutmaz.&lt;\/div&gt;&lt;div&gt;Y\u0131kanabilir. \u00dcr\u00fcnler minderli gelecektir.&lt;\/div&gt;&lt;div&gt;\u00dcr\u00fcnlerimiz demontedir.&lt;\/div&gt;&lt;div&gt;Kurulum m\u00fc\u015fteriye aittir.&lt;\/div&gt;&lt;div&gt;Montaj\u0131 yap\u0131lan \u00fcr\u00fcnlerin iadesi yap\u0131lmamaktad\u0131r.&lt;\/div&gt;&lt;div&gt;Kurulum esnas\u0131nda hasarl\u0131, eksik par\u00e7a \u00e7\u0131kmas\u0131 halinde bizimle ileti\u015fime ge\u00e7ti\u011finizde \u00fccretsiz kargo ile par\u00e7alar taraf\u0131n\u0131za g\u00f6nderilmektedir.&lt;\/div&gt;<\/p>\n","protected":false},"excerpt":{"rendered":"<p>&lt;div&gt;Doku: Makrome \u0130p&lt;\/div&gt;&lt;div&gt;Ta\u015f\u0131ma kapasitesi: 120 kg&lt;\/div&gt;&lt;div&gt;Y\u00fckseklik: 214 Cm&lt;\/div&gt;&lt;div&gt;Geni\u015flik: 106 Cm&lt;\/div&gt;&lt;div&gt;En: 120 Cm&lt;\/div&gt;&lt;div&gt;Kafes y\u00fcksekli\u011fi: 120 Cm&lt;\/div&gt;&lt;div&gt;Kafes boyu: 78 Cm&lt;\/div&gt;&lt;div&gt;Kafes derinli\u011fi: 80 Cm&lt;\/div&gt;&lt;div&gt;&lt;br&gt;&lt;\/div&gt;&lt;div&gt;Ultraviyole g\u00fcne\u015f \u0131\u015f\u0131nlar\u0131na dayan\u0131kl\u0131d\u0131r.&lt;\/div&gt;&lt;div&gt;T\u00fcm hava ko\u015fullar\u0131nda kullan\u0131labilir. Ha\u015fere ve mantar tutmaz.&lt;\/div&gt;&lt;div&gt;Y\u0131kanabilir. \u00dcr\u00fcnler minderli gelecektir.&lt;\/div&gt;&lt;div&gt;\u00dcr\u00fcnlerimiz demontedir.&lt;\/div&gt;&lt;div&gt;Kurulum m\u00fc\u015fteriye aittir.&lt;\/div&gt;&lt;div&gt;Montaj\u0131 yap\u0131lan \u00fcr\u00fcnlerin iadesi yap\u0131lmamaktad\u0131r.&lt;\/div&gt;&lt;div&gt;Kurulum esnas\u0131nda hasarl\u0131, eksik par\u00e7a \u00e7\u0131kmas\u0131 halinde bizimle ileti\u015fime ge\u00e7ti\u011finizde \u00fccretsiz kargo ile par\u00e7alar taraf\u0131n\u0131za [&hellip;]<\/p>\n","protected":false},"featured_media":10817,"comment_status":"closed","ping_status":"open","template":"","meta":{"_joinchat":[]},"product_cat":[216],"product_tag":[],"class_list":{"0":"post-10816","1":"product","2":"type-product","3":"status-publish","4":"has-post-thumbnail","6":"product_cat-salincaklar","8":"first","9":"instock","10":"product-type-simple"},"_links":{"self":[{"href":"https:\/\/palmiyesusleme.com\/index.php\/wp-json\/wp\/v2\/product\/10816","targetHints":{"allow":["GET"]}}],"collection":[{"href":"https:\/\/palmiyesusleme.com\/index.php\/wp-json\/wp\/v2\/product"}],"about":[{"href":"https:\/\/palmiyesusleme.com\/index.php\/wp-json\/wp\/v2\/types\/product"}],"replies":[{"embeddable":true,"href":"https:\/\/palmiyesusleme.com\/index.php\/wp-json\/wp\/v2\/comments?post=10816"}],"wp:featuredmedia":[{"embeddable":true,"href":"https:\/\/palmiyesusleme.com\/index.php\/wp-json\/wp\/v2\/media\/10817"}],"wp:attachment":[{"href":"https:\/\/palmiyesusleme.com\/index.php\/wp-json\/wp\/v2\/media?parent=10816"}],"wp:term":[{"taxonomy":"product_cat","embeddable":true,"href":"https:\/\/palmiyesusleme.com\/index.php\/wp-json\/wp\/v2\/product_cat?post=10816"},{"taxonomy":"product_tag","embeddable":true,"href":"https:\/\/palmiyesusleme.com\/index.php\/wp-json\/wp\/v2\/product_tag?post=10816"}],"curies":[{"name":"wp","href":"https:\/\/api.w.org\/{rel}","templated":true}]}}