{"id":10842,"date":"2024-03-07T16:44:47","date_gmt":"2024-03-07T13:44:47","guid":{"rendered":"https:\/\/palmiyesusleme.com\/index.php\/urun\/ozel-altin-tek-kol-samdan-imalati\/"},"modified":"2024-03-07T16:45:11","modified_gmt":"2024-03-07T13:45:11","slug":"ozel-altin-tek-kol-samdan-imalati","status":"publish","type":"product","link":"https:\/\/palmiyesusleme.com\/index.php\/urun\/ozel-altin-tek-kol-samdan-imalati\/","title":{"rendered":"\u00d6zel Alt\u0131n Tek Kol \u015eamdan \u0130malat\u0131"},"content":{"rendered":"<p>&Ouml;zel Alt\u0131n Tek Kol \u015eamdan \u0130malat\u0131<\/p>\n","protected":false},"excerpt":{"rendered":"<p>&Ouml;zel Alt\u0131n Tek Kol \u015eamdan \u0130malat\u0131<\/p>\n","protected":false},"featured_media":10843,"comment_status":"closed","ping_status":"open","template":"","meta":{"_joinchat":[]},"product_cat":[217],"product_tag":[],"class_list":{"0":"post-10842","1":"product","2":"type-product","3":"status-publish","4":"has-post-thumbnail","6":"product_cat-samdan","8":"first","9":"instock","10":"product-type-simple"},"_links":{"self":[{"href":"https:\/\/palmiyesusleme.com\/index.php\/wp-json\/wp\/v2\/product\/10842","targetHints":{"allow":["GET"]}}],"collection":[{"href":"https:\/\/palmiyesusleme.com\/index.php\/wp-json\/wp\/v2\/product"}],"about":[{"href":"https:\/\/palmiyesusleme.com\/index.php\/wp-json\/wp\/v2\/types\/product"}],"replies":[{"embeddable":true,"href":"https:\/\/palmiyesusleme.com\/index.php\/wp-json\/wp\/v2\/comments?post=10842"}],"wp:featuredmedia":[{"embeddable":true,"href":"https:\/\/palmiyesusleme.com\/index.php\/wp-json\/wp\/v2\/media\/10843"}],"wp:attachment":[{"href":"https:\/\/palmiyesusleme.com\/index.php\/wp-json\/wp\/v2\/media?parent=10842"}],"wp:term":[{"taxonomy":"product_cat","embeddable":true,"href":"https:\/\/palmiyesusleme.com\/index.php\/wp-json\/wp\/v2\/product_cat?post=10842"},{"taxonomy":"product_tag","embeddable":true,"href":"https:\/\/palmiyesusleme.com\/index.php\/wp-json\/wp\/v2\/product_tag?post=10842"}],"curies":[{"name":"wp","href":"https:\/\/api.w.org\/{rel}","templated":true}]}}