{"id":10852,"date":"2024-03-07T16:44:47","date_gmt":"2024-03-07T13:44:47","guid":{"rendered":"https:\/\/palmiyesusleme.com\/index.php\/urun\/uc-ayakli-gri-paslanmaz-metal-dokum-dis-mekan-metal-masa-ayagi-sn-32\/"},"modified":"2024-03-07T16:45:18","modified_gmt":"2024-03-07T13:45:18","slug":"uc-ayakli-gri-paslanmaz-metal-dokum-dis-mekan-metal-masa-ayagi-sn-32","status":"publish","type":"product","link":"https:\/\/palmiyesusleme.com\/index.php\/urun\/uc-ayakli-gri-paslanmaz-metal-dokum-dis-mekan-metal-masa-ayagi-sn-32\/","title":{"rendered":"\u00dc\u00e7 Ayakl\u0131 Gri Paslanmaz Metal D\u00f6k\u00fcm D\u0131\u015f Mekan Metal Masa Aya\u011f\u0131 sn-32"},"content":{"rendered":"<p>&lt;p&gt;Metal Masa Aya\u011f\u0131&lt;br&gt;&lt;\/p&gt;<\/p>\n","protected":false},"excerpt":{"rendered":"<p>&lt;p&gt;Metal Masa Aya\u011f\u0131&lt;br&gt;&lt;\/p&gt;<\/p>\n","protected":false},"featured_media":10853,"comment_status":"closed","ping_status":"open","template":"","meta":{"_joinchat":[]},"product_cat":[73],"product_tag":[],"class_list":{"0":"post-10852","1":"product","2":"type-product","3":"status-publish","4":"has-post-thumbnail","6":"product_cat-metal-masa-ayaklari","8":"first","9":"instock","10":"product-type-simple"},"_links":{"self":[{"href":"https:\/\/palmiyesusleme.com\/index.php\/wp-json\/wp\/v2\/product\/10852","targetHints":{"allow":["GET"]}}],"collection":[{"href":"https:\/\/palmiyesusleme.com\/index.php\/wp-json\/wp\/v2\/product"}],"about":[{"href":"https:\/\/palmiyesusleme.com\/index.php\/wp-json\/wp\/v2\/types\/product"}],"replies":[{"embeddable":true,"href":"https:\/\/palmiyesusleme.com\/index.php\/wp-json\/wp\/v2\/comments?post=10852"}],"wp:featuredmedia":[{"embeddable":true,"href":"https:\/\/palmiyesusleme.com\/index.php\/wp-json\/wp\/v2\/media\/10853"}],"wp:attachment":[{"href":"https:\/\/palmiyesusleme.com\/index.php\/wp-json\/wp\/v2\/media?parent=10852"}],"wp:term":[{"taxonomy":"product_cat","embeddable":true,"href":"https:\/\/palmiyesusleme.com\/index.php\/wp-json\/wp\/v2\/product_cat?post=10852"},{"taxonomy":"product_tag","embeddable":true,"href":"https:\/\/palmiyesusleme.com\/index.php\/wp-json\/wp\/v2\/product_tag?post=10852"}],"curies":[{"name":"wp","href":"https:\/\/api.w.org\/{rel}","templated":true}]}}