{"id":10868,"date":"2024-03-07T16:45:24","date_gmt":"2024-03-07T13:45:24","guid":{"rendered":"https:\/\/palmiyesusleme.com\/index.php\/urun\/kare-tabanli-kare-borulu-siyah-paslanmaz-metal-dokum-dis-mekan-metal-masa-ayagi-sn-bar1\/"},"modified":"2024-03-07T16:45:26","modified_gmt":"2024-03-07T13:45:26","slug":"kare-tabanli-kare-borulu-siyah-paslanmaz-metal-dokum-dis-mekan-metal-masa-ayagi-sn-bar1","status":"publish","type":"product","link":"https:\/\/palmiyesusleme.com\/index.php\/urun\/kare-tabanli-kare-borulu-siyah-paslanmaz-metal-dokum-dis-mekan-metal-masa-ayagi-sn-bar1\/","title":{"rendered":"Kare Tabanl\u0131 Kare Borulu Siyah Paslanmaz Metal D\u00f6k\u00fcm D\u0131\u015f Mekan Metal Masa Aya\u011f\u0131 sn-bar1"},"content":{"rendered":"<p>&lt;p&gt;Metal Masa Aya\u011f\u0131&lt;br&gt;&lt;\/p&gt;<\/p>\n","protected":false},"excerpt":{"rendered":"<p>&lt;p&gt;Metal Masa Aya\u011f\u0131&lt;br&gt;&lt;\/p&gt;<\/p>\n","protected":false},"featured_media":10869,"comment_status":"closed","ping_status":"open","template":"","meta":{"_joinchat":[]},"product_cat":[73],"product_tag":[],"class_list":{"0":"post-10868","1":"product","2":"type-product","3":"status-publish","4":"has-post-thumbnail","6":"product_cat-metal-masa-ayaklari","8":"first","9":"instock","10":"product-type-simple"},"_links":{"self":[{"href":"https:\/\/palmiyesusleme.com\/index.php\/wp-json\/wp\/v2\/product\/10868","targetHints":{"allow":["GET"]}}],"collection":[{"href":"https:\/\/palmiyesusleme.com\/index.php\/wp-json\/wp\/v2\/product"}],"about":[{"href":"https:\/\/palmiyesusleme.com\/index.php\/wp-json\/wp\/v2\/types\/product"}],"replies":[{"embeddable":true,"href":"https:\/\/palmiyesusleme.com\/index.php\/wp-json\/wp\/v2\/comments?post=10868"}],"wp:featuredmedia":[{"embeddable":true,"href":"https:\/\/palmiyesusleme.com\/index.php\/wp-json\/wp\/v2\/media\/10869"}],"wp:attachment":[{"href":"https:\/\/palmiyesusleme.com\/index.php\/wp-json\/wp\/v2\/media?parent=10868"}],"wp:term":[{"taxonomy":"product_cat","embeddable":true,"href":"https:\/\/palmiyesusleme.com\/index.php\/wp-json\/wp\/v2\/product_cat?post=10868"},{"taxonomy":"product_tag","embeddable":true,"href":"https:\/\/palmiyesusleme.com\/index.php\/wp-json\/wp\/v2\/product_tag?post=10868"}],"curies":[{"name":"wp","href":"https:\/\/api.w.org\/{rel}","templated":true}]}}