{"id":10895,"date":"2024-03-07T16:45:24","date_gmt":"2024-03-07T13:45:24","guid":{"rendered":"https:\/\/palmiyesusleme.com\/index.php\/urun\/hilton-sandalye-tasima-arabasi\/"},"modified":"2024-03-07T16:45:42","modified_gmt":"2024-03-07T13:45:42","slug":"hilton-sandalye-tasima-arabasi","status":"publish","type":"product","link":"https:\/\/palmiyesusleme.com\/index.php\/urun\/hilton-sandalye-tasima-arabasi\/","title":{"rendered":"Hilton Sandalye Ta\u015f\u0131ma Arabas\u0131"},"content":{"rendered":"<p>&lt;!&#8211; wp:paragraph &#8211;&gt;<br \/>\n&lt;h2&gt;&lt;a href=&quot;https:\/\/www.palmiyekocak.com\/hilton-sandalye-tasima-arabasi-sta01&quot; target=&quot;_blank&quot;&gt;Hilton Sandalye Ta\u015f\u0131ma Arabas\u0131&lt;\/a&gt;&lt;\/h2&gt;&lt;p&gt;Hilton ve Banket Sandalye Ta\u015f\u0131ma Arabas\u0131: Restoran, Otel ve D\u00fc\u011f\u00fcn Salonlar\u0131 \u0130\u00e7in \u00d6nemli Bir Ara\u00e7&lt;\/p&gt;<br \/>\n&lt;!&#8211; \/wp:paragraph &#8211;&gt;<\/p>\n<p>&lt;!&#8211; wp:paragraph &#8211;&gt;<br \/>\n&lt;p&gt;Restoranlar, oteller ve d\u00fc\u011f\u00fcn salonlar\u0131 gibi mekanlar, s\u0131k s\u0131k b\u00fcy\u00fck gruplar\u0131 a\u011f\u0131rlarlar. Bu t\u00fcr yerlerde genellikle b\u00fcy\u00fck etkinlikler, toplant\u0131lar, seminerler, d\u00fc\u011f\u00fcnler ve di\u011fer organizasyonlar d\u00fczenlenir. Bu etkinlikler i\u00e7in gereken oturma d\u00fczenleri s\u0131k s\u0131k de\u011fi\u015fiklik g\u00f6stermekte ve bu nedenle mekan sahipleri sandalyeyi h\u0131zl\u0131 ve verimli bir \u015fekilde ta\u015f\u0131malar\u0131 gerekmekte. \u0130\u015fte bu noktada Hilton ve banket sandalye ta\u015f\u0131ma arabalar\u0131 devreye girer.&lt;\/p&gt;<br \/>\n&lt;!&#8211; \/wp:paragraph &#8211;&gt;<\/p>\n<p>&lt;!&#8211; wp:heading {&quot;level&quot;:4} &#8211;&gt;<br \/>\n&lt;h4 class=&quot;wp-block-heading&quot;&gt;&lt;a href=&quot;https:\/\/www.sandalye-modelleri.com\/&quot; target=&quot;_blank&quot;&gt;Hilton Sandalye Ta\u015f\u0131ma Arabas\u0131 \u00d6zellikleri;&lt;\/a&gt;&lt;\/h4&gt;<br \/>\n&lt;!&#8211; \/wp:heading &#8211;&gt;<\/p>\n<p>&lt;!&#8211; wp:paragraph &#8211;&gt;<br \/>\n&lt;p&gt;Ta\u015f\u0131ma i\u015flemleri, herhangi bir etkinlik veya organizasyonun olmazsa olmazlar\u0131ndan biridir. \u00d6zellikle b\u00fcy\u00fck otel zincirlerinin ve l\u00fcks mekanlar\u0131n konforlu ve etkileyici bir deneyim sunma hedefleri, bu t\u00fcr ta\u015f\u0131ma ihtiya\u00e7lar\u0131n\u0131n geli\u015fmesine yol a\u00e7m\u0131\u015ft\u0131r. Hilton Sandalye Ta\u015f\u0131ma Arabas\u0131 da, bu gereksinimleri en iyi \u015fekilde kar\u015f\u0131layan ve ayn\u0131 zamanda i\u015flevsel bir \u00e7\u00f6z\u00fcm sunan m\u00fckemmel bir \u00f6rnektir.&lt;\/p&gt;<br \/>\n&lt;!&#8211; \/wp:paragraph &#8211;&gt;<\/p>\n<p>&lt;!&#8211; wp:list {&quot;ordered&quot;:true} &#8211;&gt;<br \/>\n&lt;ul&gt;&lt;!&#8211; wp:list-item &#8211;&gt;<br \/>\n&lt;li&gt;Sandalye Ta\u015f\u0131ma Arabas\u0131 Nedir?&lt;\/li&gt;<br \/>\n&lt;!&#8211; \/wp:list-item &#8211;&gt;&lt;\/ul&gt;<br \/>\n&lt;!&#8211; \/wp:list &#8211;&gt;<\/p>\n<p>&lt;!&#8211; wp:paragraph &#8211;&gt;<br \/>\n&lt;p&gt;Sandalye ta\u015f\u0131ma arabas\u0131, ad\u0131ndan da anla\u015f\u0131laca\u011f\u0131 \u00fczere, sandalyelerin kolayca ta\u015f\u0131nmas\u0131n\u0131 sa\u011flayan bir ara\u00e7t\u0131r. Genellikle metal bir \u00e7er\u00e7eveden yap\u0131lm\u0131\u015f bu arabalar\u0131n \u00fcst\u00fcnde, sandalyelerin yerle\u015ftirilebilece\u011fi \u00f6zel alanlar bulunmakta.&lt;\/p&gt;<br \/>\n&lt;!&#8211; \/wp:paragraph &#8211;&gt;<\/p>\n<p>&lt;!&#8211; wp:list {&quot;ordered&quot;:true,&quot;start&quot;:2} &#8211;&gt;<br \/>\n&lt;ul&gt;&lt;!&#8211; wp:list-item &#8211;&gt;<br \/>\n&lt;li&gt;Hangi Avantajlar\u0131 Vard\u0131r?&lt;\/li&gt;<br \/>\n&lt;!&#8211; \/wp:list-item &#8211;&gt;&lt;\/ul&gt;<br \/>\n&lt;!&#8211; \/wp:list &#8211;&gt;<\/p>\n<p>&lt;!&#8211; wp:paragraph &#8211;&gt;<br \/>\n&lt;p&gt;Verimlilik: Bu t\u00fcr arabalar, tek seferde birden fazla sandalyenin ta\u015f\u0131nmas\u0131n\u0131 sa\u011flar, bu da i\u015f\u00e7ilik maliyetlerini azalt\u0131r ve zamandan tasarruf sa\u011flar.&lt;\/p&gt;<br \/>\n&lt;!&#8211; \/wp:paragraph &#8211;&gt;<\/p>\n<p>&lt;!&#8211; wp:paragraph &#8211;&gt;<br \/>\n&lt;p&gt;G\u00fcvenlik: Sandalyeleri manuel olarak ta\u015f\u0131mak sadece zahmetli de\u011fil, ayn\u0131 zamanda potansiyel olarak tehlikelidir. Sandalye ta\u015f\u0131ma arabalar\u0131 bu riski azalt\u0131r.&lt;\/p&gt;<br \/>\n&lt;!&#8211; \/wp:paragraph &#8211;&gt;<\/p>\n<p>&lt;!&#8211; wp:paragraph &#8211;&gt;<br \/>\n&lt;p&gt;Koruma: Sandalyelerin \u00e7izilmesi veya hasar g\u00f6rmesi riskini azalt\u0131r. Arabalar genellikle yumu\u015fak pedlerle donat\u0131lm\u0131\u015ft\u0131r, bu da sandalyelere zarar verme riskini minimize eder.&lt;\/p&gt;<br \/>\n&lt;!&#8211; \/wp:paragraph &#8211;&gt;<\/p>\n<p>&lt;!&#8211; wp:list {&quot;ordered&quot;:true,&quot;start&quot;:3} &#8211;&gt;<br \/>\n&lt;ul&gt;&lt;!&#8211; wp:list-item &#8211;&gt;<br \/>\n&lt;li&gt;Restoran, Otel ve D\u00fc\u011f\u00fcn Salonlar\u0131 i\u00e7in \u00d6nemi&lt;\/li&gt;<br \/>\n&lt;!&#8211; \/wp:list-item &#8211;&gt;&lt;\/ul&gt;<br \/>\n&lt;!&#8211; \/wp:list &#8211;&gt;<\/p>\n<p>&lt;!&#8211; wp:paragraph &#8211;&gt;<br \/>\n&lt;p&gt;Esneklik: Etkinlikler aras\u0131nda h\u0131zla oturma d\u00fczenini de\u011fi\u015ftirmek i\u00e7in ideal bir \u00e7\u00f6z\u00fcmd\u00fcr.&lt;\/p&gt;<br \/>\n&lt;!&#8211; \/wp:paragraph &#8211;&gt;<\/p>\n<p>&lt;!&#8211; wp:paragraph &#8211;&gt;<br \/>\n&lt;p&gt;Profesyonellik: Sandalye ta\u015f\u0131ma arabalar\u0131 kullan\u0131larak yap\u0131lan h\u0131zl\u0131 de\u011fi\u015fiklikler, i\u015fletmelere profesyonel bir g\u00f6r\u00fcn\u00fcm kazand\u0131r\u0131r.&lt;\/p&gt;<br \/>\n&lt;!&#8211; \/wp:paragraph &#8211;&gt;<\/p>\n<p>&lt;!&#8211; wp:paragraph &#8211;&gt;<br \/>\n&lt;p&gt;Alan Tasarrufu: Sandalyeleri d\u00fczenli bir \u015fekilde istifleyerek depolama alan\u0131ndan tasarruf edilmesini sa\u011flar.&lt;\/p&gt;<br \/>\n&lt;!&#8211; \/wp:paragraph &#8211;&gt;<\/p>\n<p>&lt;!&#8211; wp:heading {&quot;level&quot;:3} &#8211;&gt;<br \/>\n&lt;h3 class=&quot;wp-block-heading&quot;&gt;Sonu\u00e7 Olarak;&lt;\/h3&gt;<br \/>\n&lt;!&#8211; \/wp:heading &#8211;&gt;<\/p>\n<p>&lt;!&#8211; wp:paragraph &#8211;&gt;<br \/>\n&lt;p&gt;Hilton sandalye ta\u015f\u0131ma arabas\u0131, restoran, otel ve d\u00fc\u011f\u00fcn salonlar\u0131 i\u00e7in vazge\u00e7ilmeyen ara\u00e7lardand\u0131r. Bu arabalar sayesinde i\u015fletmeler, etkinlikler aras\u0131ndaki ge\u00e7i\u015f s\u00fcrelerini k\u0131saltmakta, m\u00fc\u015fteri memnuniyetini art\u0131rmakta ve \u00e7al\u0131\u015fanlar\u0131n\u0131n g\u00fcvenli\u011fini sa\u011flamakta. Her i\u015fletme i\u00e7in maliyet-etkin bir yat\u0131r\u0131m olan bu arabalar, uzun vadede hem zaman hem de para tasarrufu&amp;nbsp;sa\u011flar.&lt;\/p&gt;<br \/>\n&lt;!&#8211; \/wp:paragraph &#8211;&gt;<\/p>\n","protected":false},"excerpt":{"rendered":"<p>&lt;!&#8211; wp:paragraph &#8211;&gt; &lt;h2&gt;&lt;a href=&quot;https:\/\/www.palmiyekocak.com\/hilton-sandalye-tasima-arabasi-sta01&quot; target=&quot;_blank&quot;&gt;Hilton Sandalye Ta\u015f\u0131ma Arabas\u0131&lt;\/a&gt;&lt;\/h2&gt;&lt;p&gt;Hilton ve Banket Sandalye Ta\u015f\u0131ma Arabas\u0131: Restoran, Otel ve D\u00fc\u011f\u00fcn Salonlar\u0131 \u0130\u00e7in \u00d6nemli Bir Ara\u00e7&lt;\/p&gt; &lt;!&#8211; \/wp:paragraph &#8211;&gt; &lt;!&#8211; wp:paragraph &#8211;&gt; &lt;p&gt;Restoranlar, oteller ve d\u00fc\u011f\u00fcn salonlar\u0131 gibi mekanlar, s\u0131k s\u0131k b\u00fcy\u00fck gruplar\u0131 a\u011f\u0131rlarlar. Bu t\u00fcr yerlerde genellikle b\u00fcy\u00fck etkinlikler, toplant\u0131lar, seminerler, d\u00fc\u011f\u00fcnler ve di\u011fer organizasyonlar d\u00fczenlenir. Bu [&hellip;]<\/p>\n","protected":false},"featured_media":10896,"comment_status":"closed","ping_status":"open","template":"","meta":{"_joinchat":[]},"product_cat":[143],"product_tag":[],"class_list":{"0":"post-10895","1":"product","2":"type-product","3":"status-publish","4":"has-post-thumbnail","6":"product_cat-salon-hilton-sandalye","8":"first","9":"instock","10":"product-type-simple"},"_links":{"self":[{"href":"https:\/\/palmiyesusleme.com\/index.php\/wp-json\/wp\/v2\/product\/10895","targetHints":{"allow":["GET"]}}],"collection":[{"href":"https:\/\/palmiyesusleme.com\/index.php\/wp-json\/wp\/v2\/product"}],"about":[{"href":"https:\/\/palmiyesusleme.com\/index.php\/wp-json\/wp\/v2\/types\/product"}],"replies":[{"embeddable":true,"href":"https:\/\/palmiyesusleme.com\/index.php\/wp-json\/wp\/v2\/comments?post=10895"}],"wp:featuredmedia":[{"embeddable":true,"href":"https:\/\/palmiyesusleme.com\/index.php\/wp-json\/wp\/v2\/media\/10896"}],"wp:attachment":[{"href":"https:\/\/palmiyesusleme.com\/index.php\/wp-json\/wp\/v2\/media?parent=10895"}],"wp:term":[{"taxonomy":"product_cat","embeddable":true,"href":"https:\/\/palmiyesusleme.com\/index.php\/wp-json\/wp\/v2\/product_cat?post=10895"},{"taxonomy":"product_tag","embeddable":true,"href":"https:\/\/palmiyesusleme.com\/index.php\/wp-json\/wp\/v2\/product_tag?post=10895"}],"curies":[{"name":"wp","href":"https:\/\/api.w.org\/{rel}","templated":true}]}}