{"id":11000,"date":"2024-03-07T16:46:41","date_gmt":"2024-03-07T13:46:41","guid":{"rendered":"https:\/\/palmiyesusleme.com\/index.php\/urun\/bingo-krom-yildiz-ayakli-laboratuvar-imalathane-sandalyesi\/"},"modified":"2024-03-07T16:47:06","modified_gmt":"2024-03-07T13:47:06","slug":"bingo-krom-yildiz-ayakli-laboratuvar-imalathane-sandalyesi","status":"publish","type":"product","link":"https:\/\/palmiyesusleme.com\/index.php\/urun\/bingo-krom-yildiz-ayakli-laboratuvar-imalathane-sandalyesi\/","title":{"rendered":"Bingo Krom Y\u0131ld\u0131z Ayakl\u0131 Laboratuvar \u0130malathane Sandalyesi"},"content":{"rendered":"<p>&lt;ol&gt;&lt;li&gt; Sandalyesi Y\u0131ld\u0131z Krom Ayak Harika tasar\u0131m\u0131 ile g\u00f6z dolduran \u015f\u0131k s\u0131rt dayama olan bar sandalyesi ayak koyma yeri sayesinde rahat bir oturu\u015f sa\u011flamaktad\u0131r. Ho\u015f g\u00f6r\u00fcn\u00fcm\u00fc ve ergonomik yap\u0131s\u0131 ile bulundu\u011fu ortama renk katabilecek bir \u00fcr\u00fcnd\u00fcr. S\u0131rt dayama b\u00f6l\u00fcm\u00fc sayesinde daha rahat oturum sa\u011flamaktad\u0131r. Kol dayama b\u00f6l\u00fcm\u00fc ise hem estetik hem de ho\u015f g\u00f6r\u00fcn\u00fcme sahiptir. Organik ve \u015f\u0131k tasar\u0131m\u0131 mekanlarda g\u00f6z doldurmaktad\u0131r. Harika tasar\u0131m\u0131 ile g\u00f6z dolduran bar sandalyesi modeli krom ayak koyma yeri sayesinde rahat bir oturu\u015f sa\u011flamaktad\u0131r. Farkl\u0131 renk kombinleri yap\u0131labilir.&amp;nbsp; Sipari\u015f sonras\u0131 ortalama \u00fcretim s\u00fcresi 7-10 i\u015f g\u00fcn\u00fcd\u00fcr. Farkl\u0131 ayaklardaki ve farkl\u0131 renklerde bulunur.&amp;nbsp;&lt;\/li&gt;&lt;\/ol&gt;&lt;p&gt;&lt;br&gt;&lt;\/p&gt;<\/p>\n<p>&lt;img src=&quot;https:\/\/www.palmiyekocak.com\/image\/catalog\/urun-detay-resimleri\/poliuretan-bingo-ayakli-amortisorlu-bar-sandalyesi-tcs28.jpg&quot; style=&quot;width: 750px;&quot;&gt;<\/p>\n","protected":false},"excerpt":{"rendered":"<p>&lt;ol&gt;&lt;li&gt; Sandalyesi Y\u0131ld\u0131z Krom Ayak Harika tasar\u0131m\u0131 ile g\u00f6z dolduran \u015f\u0131k s\u0131rt dayama olan bar sandalyesi ayak koyma yeri sayesinde rahat bir oturu\u015f sa\u011flamaktad\u0131r. Ho\u015f g\u00f6r\u00fcn\u00fcm\u00fc ve ergonomik yap\u0131s\u0131 ile bulundu\u011fu ortama renk katabilecek bir \u00fcr\u00fcnd\u00fcr. S\u0131rt dayama b\u00f6l\u00fcm\u00fc sayesinde daha rahat oturum sa\u011flamaktad\u0131r. Kol dayama b\u00f6l\u00fcm\u00fc ise hem estetik hem de ho\u015f g\u00f6r\u00fcn\u00fcme sahiptir. [&hellip;]<\/p>\n","protected":false},"featured_media":11001,"comment_status":"closed","ping_status":"open","template":"","meta":{"_joinchat":[]},"product_cat":[35,180,50],"product_tag":[],"class_list":{"0":"post-11000","1":"product","2":"type-product","3":"status-publish","4":"has-post-thumbnail","6":"product_cat-bar-sandalye","7":"product_cat-krom-metal-bar-sandalye","8":"product_cat-metal-bar-sandalyeleri","10":"first","11":"instock","12":"product-type-simple"},"_links":{"self":[{"href":"https:\/\/palmiyesusleme.com\/index.php\/wp-json\/wp\/v2\/product\/11000","targetHints":{"allow":["GET"]}}],"collection":[{"href":"https:\/\/palmiyesusleme.com\/index.php\/wp-json\/wp\/v2\/product"}],"about":[{"href":"https:\/\/palmiyesusleme.com\/index.php\/wp-json\/wp\/v2\/types\/product"}],"replies":[{"embeddable":true,"href":"https:\/\/palmiyesusleme.com\/index.php\/wp-json\/wp\/v2\/comments?post=11000"}],"wp:featuredmedia":[{"embeddable":true,"href":"https:\/\/palmiyesusleme.com\/index.php\/wp-json\/wp\/v2\/media\/11001"}],"wp:attachment":[{"href":"https:\/\/palmiyesusleme.com\/index.php\/wp-json\/wp\/v2\/media?parent=11000"}],"wp:term":[{"taxonomy":"product_cat","embeddable":true,"href":"https:\/\/palmiyesusleme.com\/index.php\/wp-json\/wp\/v2\/product_cat?post=11000"},{"taxonomy":"product_tag","embeddable":true,"href":"https:\/\/palmiyesusleme.com\/index.php\/wp-json\/wp\/v2\/product_tag?post=11000"}],"curies":[{"name":"wp","href":"https:\/\/api.w.org\/{rel}","templated":true}]}}