{"id":11004,"date":"2024-03-07T16:46:41","date_gmt":"2024-03-07T13:46:41","guid":{"rendered":"https:\/\/palmiyesusleme.com\/index.php\/urun\/organizasyon-seffaf-dugun-salonu-sandalyesi\/"},"modified":"2024-03-07T16:47:12","modified_gmt":"2024-03-07T13:47:12","slug":"organizasyon-seffaf-dugun-salonu-sandalyesi","status":"publish","type":"product","link":"https:\/\/palmiyesusleme.com\/index.php\/urun\/organizasyon-seffaf-dugun-salonu-sandalyesi\/","title":{"rendered":"Organizasyon \u015eeffaf D\u00fc\u011f\u00fcn Salonu Sandalyesi"},"content":{"rendered":"<p>&lt;h2&gt;&lt;a href=&quot;https:\/\/www.palmiyekocak.com\/dugun-salonu-sandalyesi\/organizasyon-seffaf-dugun-salonu-sandalyesi-tfs3000&quot; target=&quot;_blank&quot;&gt;Organizasyon \u015eeffaf D\u00fc\u011f\u00fcn Salonu Sandalyesi&lt;\/a&gt;&lt;\/h2&gt;&lt;p&gt;Organizasyon \u015eeffaf D\u00fc\u011f\u00fcn Salonu Sandalyesi ile D\u00fc\u011f\u00fcnler, hayat\u0131m\u0131z\u0131n en \u00f6zel anlar\u0131ndan birini kutlamak i\u00e7in harika bir f\u0131rsatt\u0131r. Her \u015feyin kusursuz olmas\u0131 i\u00e7in detayl\u0131 bir planlama gerektirir. Bu detaylar aras\u0131nda, d\u00fc\u011f\u00fcn salonunun dekorasyonu da olduk\u00e7a \u00f6nemli bir rol oynar. D\u00fc\u011f\u00fcn mekan\u0131n\u0131z\u0131n ambiyans\u0131, misafirlerinizi etkileyen ve \u00f6zel g\u00fcn\u00fcn\u00fcz\u00fcn unutulmayan olmas\u0131n\u0131 sa\u011flayan unsurlardan biridir. Bu nedenle, d\u00fc\u011f\u00fcn salonu dekorasyonunda kullan\u0131lacak sandalyeler, g\u00f6z ard\u0131 edilmemesi gereken \u00f6nemli bir detayd\u0131r.&lt;\/p&gt;&lt;h3 class=&quot;wp-block-heading&quot;&gt;&lt;a href=&quot;https:\/\/www.aluminyumsandalye.com\/&quot; target=&quot;_blank&quot;&gt;Organizasyon \u015eeffaf D\u00fc\u011f\u00fcn Salonu Sandalyesi \u00d6zellikleri;&lt;\/a&gt;&lt;\/h3&gt;&lt;p&gt;Son y\u0131llarda d\u00fc\u011f\u00fcn dekorasyonunda dikkat \u00e7eken ve pop\u00fcler hale gelen bir sandalye t\u00fcr\u00fc var: Organizasyon \u015eeffaf D\u00fc\u011f\u00fcn Salonu Sandalyesi. \u015eeffaf sandalyeler, modern bir dokunu\u015fla geleneksel d\u00fc\u011f\u00fcn dekorasyonunu birle\u015ftiren \u015f\u0131k ve zarif bir se\u00e7enektir. Bu makalede, organizasyon \u015feffaf d\u00fc\u011f\u00fcn salonu sandalyeleri ile ilgili neden tercih edildiklerini, avantajlar\u0131n\u0131 ve kullan\u0131m \u00f6nerilerini ele alaca\u011f\u0131z.&lt;\/p&gt;&lt;p&gt;&lt;strong&gt;Neden \u015eeffaf Sandalyeler?&lt;\/strong&gt;&lt;\/p&gt;&lt;ol&gt;&lt;!&#8211; wp:list-item &#8211;&gt;<br \/>\n&lt;li&gt;&lt;strong&gt;Estetik \u015e\u0131kl\u0131k:&lt;\/strong&gt; \u015eeffaf sandalyeler, minimalist bir tasar\u0131mla geleneksel sandalyelerin zarafetini birle\u015ftirir. Bu sandalyeler, d\u00fc\u011f\u00fcn mekan\u0131n\u0131za modern ve \u015f\u0131k bir hava katar.&lt;\/li&gt;<br \/>\n&lt;!&#8211; \/wp:list-item &#8211;&gt;<\/p>\n<p>&lt;!&#8211; wp:list-item &#8211;&gt;<br \/>\n&lt;li&gt;&lt;strong&gt;Renk Uyumu:&lt;\/strong&gt; \u015eeffaf sandalyeler, herhangi bir renk tema veya dekorasyonla uyum sa\u011flar. Di\u011fer dekoratif unsurlarla m\u00fckemmel bir uyum yakalayabilirsiniz.&lt;\/li&gt;<br \/>\n&lt;!&#8211; \/wp:list-item &#8211;&gt;<\/p>\n<p>&lt;!&#8211; wp:list-item &#8211;&gt;<br \/>\n&lt;li&gt;&lt;strong&gt;G\u00f6rsel Ferahl\u0131k:&lt;\/strong&gt; \u015eeffaf sandalyeler, mekan\u0131n daha geni\u015f ve ferah g\u00f6r\u00fcnmesini sa\u011flar. D\u00fc\u011f\u00fcn mekan\u0131n\u0131z\u0131n daha b\u00fcy\u00fck ve a\u00e7\u0131k bir atmosfere sahip olmas\u0131n\u0131 istiyorsan\u0131z, \u015feffaf sandalyeler m\u00fckemmel bir tercih olmakta.&lt;\/li&gt;<br \/>\n&lt;!&#8211; \/wp:list-item &#8211;&gt;<\/p>\n<p>&lt;!&#8211; wp:list-item &#8211;&gt;<br \/>\n&lt;li&gt;&lt;strong&gt;Fotojeniklik:&lt;\/strong&gt; \u015eeffaf sandalyeler, foto\u011fraflarda harika g\u00f6r\u00fcn\u00fcr. \u00d6zellikle d\u0131\u015f mekan d\u00fc\u011f\u00fcnlerinde g\u00fczel manzaralar\u0131 engellemezler.&lt;\/li&gt;<br \/>\n&lt;!&#8211; \/wp:list-item &#8211;&gt;&lt;\/ol&gt;&lt;p&gt;&lt;strong&gt;\u015eeffaf Sandalyelerin Avantajlar\u0131:&lt;\/strong&gt;&lt;\/p&gt;&lt;ol&gt;&lt;!&#8211; wp:list-item &#8211;&gt;<br \/>\n&lt;li&gt;&lt;strong&gt;Kolay Temizlik:&lt;\/strong&gt; \u015eeffaf sandalyeler, temizlemesi kolayd\u0131r. Sadece bir bezle silerek lekesiz bir g\u00f6r\u00fcn\u00fcm elde edebilirsiniz.&lt;\/li&gt;<br \/>\n&lt;!&#8211; \/wp:list-item &#8211;&gt;<\/p>\n<p>&lt;!&#8211; wp:list-item &#8211;&gt;<br \/>\n&lt;li&gt;&lt;strong&gt;Dayan\u0131kl\u0131l\u0131k:&lt;\/strong&gt; Genellikle y\u00fcksek kaliteli polikarbonat malzemeden \u00fcretilirler, bu da uzun \u00f6m\u00fcrl\u00fc ve dayan\u0131kl\u0131 olduklar\u0131 anlam\u0131na gelir.&lt;\/li&gt;<br \/>\n&lt;!&#8211; \/wp:list-item &#8211;&gt;<\/p>\n<p>&lt;!&#8211; wp:list-item &#8211;&gt;<br \/>\n&lt;li&gt;&lt;strong&gt;Ta\u015f\u0131nabilirlik:&lt;\/strong&gt; Hafif olduklar\u0131 i\u00e7in ta\u015f\u0131nmalar\u0131 kolayd\u0131r, b\u00f6ylece d\u00fc\u011f\u00fcn mekan\u0131n\u0131z\u0131n d\u00fczenini istedi\u011finiz gibi de\u011fi\u015ftirebilirsiniz.&lt;\/li&gt;<br \/>\n&lt;!&#8211; \/wp:list-item &#8211;&gt;<\/p>\n<p>&lt;!&#8211; wp:list-item &#8211;&gt;<br \/>\n&lt;li&gt;&lt;strong&gt;\u00c7e\u015fitlilik:&lt;\/strong&gt; Farkl\u0131 tasar\u0131mlar\u0131 ve stilleri bulunur, b\u00f6ylece d\u00fc\u011f\u00fcn tema ve tarz\u0131n\u0131za uygun bir se\u00e7enek bulabilirsiniz.&lt;\/li&gt;<br \/>\n&lt;!&#8211; \/wp:list-item &#8211;&gt;&lt;\/ol&gt;&lt;p&gt;&lt;strong&gt;Kullan\u0131m \u00d6nerileri:&lt;\/strong&gt;&lt;\/p&gt;&lt;ul&gt;&lt;!&#8211; wp:list-item &#8211;&gt;<br \/>\n&lt;li&gt;&lt;strong&gt;Renk Se\u00e7imi:&lt;\/strong&gt; \u015eeffaf sandalyeler, her renk tema ile uyumlu olmakta, ancak beyaz veya alt\u0131n aksesuarlarla m\u00fckemmel bir \u015fekilde e\u015fle\u015ftirilmekte.&lt;\/li&gt;<br \/>\n&lt;!&#8211; \/wp:list-item &#8211;&gt;<\/p>\n<p>&lt;!&#8211; wp:list-item &#8211;&gt;<br \/>\n&lt;li&gt;&lt;strong&gt;Dekorasyon:&lt;\/strong&gt; \u015eeffaf sandalyeleri \u00e7i\u00e7ekler, kurdeleler veya \u015feritlerle s\u00fcsleyerek \u00f6zg\u00fcn bir g\u00f6r\u00fcn\u00fcm elde edebilirsiniz.&lt;\/li&gt;<br \/>\n&lt;!&#8211; \/wp:list-item &#8211;&gt;<\/p>\n<p>&lt;!&#8211; wp:list-item &#8211;&gt;<br \/>\n&lt;li&gt;&lt;strong&gt;Masa D\u00fczeni:&lt;\/strong&gt; D\u00fc\u011f\u00fcn salonunuzdaki masalarla uyumlu sandalyeler se\u00e7erek bir b\u00fct\u00fcnl\u00fck sa\u011flayabilirsiniz.&lt;\/li&gt;<br \/>\n&lt;!&#8211; \/wp:list-item &#8211;&gt;&lt;\/ul&gt;&lt;h4 class=&quot;wp-block-heading&quot;&gt;Sonu\u00e7 Olarak;&lt;\/h4&gt;&lt;p&gt;&lt;!&#8211; wp:paragraph &#8211;&gt;<\/p>\n<p>&lt;!&#8211; \/wp:paragraph &#8211;&gt;<\/p>\n<p>&lt;!&#8211; wp:heading {&quot;level&quot;:3} &#8211;&gt;<\/p>\n<p>&lt;!&#8211; \/wp:heading &#8211;&gt;<\/p>\n<p>&lt;!&#8211; wp:paragraph &#8211;&gt;<\/p>\n<p>&lt;!&#8211; \/wp:paragraph &#8211;&gt;<\/p>\n<p>&lt;!&#8211; wp:paragraph &#8211;&gt;<\/p>\n<p>&lt;!&#8211; \/wp:paragraph &#8211;&gt;<\/p>\n<p>&lt;!&#8211; wp:list {&quot;ordered&quot;:true} &#8211;&gt;<\/p>\n<p>&lt;!&#8211; \/wp:list &#8211;&gt;<\/p>\n<p>&lt;!&#8211; wp:paragraph &#8211;&gt;<\/p>\n<p>&lt;!&#8211; \/wp:paragraph &#8211;&gt;<\/p>\n<p>&lt;!&#8211; wp:list {&quot;ordered&quot;:true} &#8211;&gt;<\/p>\n<p>&lt;!&#8211; \/wp:list &#8211;&gt;<\/p>\n<p>&lt;!&#8211; wp:paragraph &#8211;&gt;<\/p>\n<p>&lt;!&#8211; \/wp:paragraph &#8211;&gt;<\/p>\n<p>&lt;!&#8211; wp:list &#8211;&gt;<\/p>\n<p>&lt;!&#8211; \/wp:list &#8211;&gt;<\/p>\n<p>&lt;!&#8211; wp:heading {&quot;level&quot;:4} &#8211;&gt;<\/p>\n<p>&lt;!&#8211; \/wp:heading &#8211;&gt;<\/p>\n<p>&lt;!&#8211; wp:paragraph &#8211;&gt;<\/p>\n<p>&lt;!&#8211; \/wp:paragraph &#8211;&gt;&lt;\/p&gt;&lt;p&gt;\u015eeffaf sandalyeler, d\u00fc\u011f\u00fcn mekan\u0131n\u0131za modern bir dokunu\u015f katarak unutulmayan bir atmosfer yaratman\u0131za yard\u0131mc\u0131 olmakta. Zarif ve estetik bir se\u00e7enek olmalar\u0131, d\u00fc\u011f\u00fcn\u00fcn\u00fcz\u00fc unutulmayan olmalar\u0131 i\u00e7in m\u00fckemmel bir yol sunar. Her ne kadar ba\u015flang\u0131\u00e7ta basit gibi g\u00f6r\u00fcnse de, \u015feffaf sandalyeler d\u00fc\u011f\u00fcn dekorasyonunuzun \u00f6nemli bir par\u00e7as\u0131 olabilir ve davetlilerinizin g\u00f6zlerini kama\u015ft\u0131rabilir.&lt;\/p&gt;<\/p>\n","protected":false},"excerpt":{"rendered":"<p>&lt;h2&gt;&lt;a href=&quot;https:\/\/www.palmiyekocak.com\/dugun-salonu-sandalyesi\/organizasyon-seffaf-dugun-salonu-sandalyesi-tfs3000&quot; target=&quot;_blank&quot;&gt;Organizasyon \u015eeffaf D\u00fc\u011f\u00fcn Salonu Sandalyesi&lt;\/a&gt;&lt;\/h2&gt;&lt;p&gt;Organizasyon \u015eeffaf D\u00fc\u011f\u00fcn Salonu Sandalyesi ile D\u00fc\u011f\u00fcnler, hayat\u0131m\u0131z\u0131n en \u00f6zel anlar\u0131ndan birini kutlamak i\u00e7in harika bir f\u0131rsatt\u0131r. Her \u015feyin kusursuz olmas\u0131 i\u00e7in detayl\u0131 bir planlama gerektirir. Bu detaylar aras\u0131nda, d\u00fc\u011f\u00fcn salonunun dekorasyonu da olduk\u00e7a \u00f6nemli bir rol oynar. D\u00fc\u011f\u00fcn mekan\u0131n\u0131z\u0131n ambiyans\u0131, misafirlerinizi etkileyen ve \u00f6zel g\u00fcn\u00fcn\u00fcz\u00fcn unutulmayan olmas\u0131n\u0131 sa\u011flayan [&hellip;]<\/p>\n","protected":false},"featured_media":11005,"comment_status":"closed","ping_status":"open","template":"","meta":{"_joinchat":[]},"product_cat":[133,132,221],"product_tag":[],"class_list":{"0":"post-11004","1":"product","2":"type-product","3":"status-publish","4":"has-post-thumbnail","6":"product_cat-dugun-davet-organizasyon-sandalyesi","7":"product_cat-dugun-salonu-sandalyesi","8":"product_cat-tiffany-sandalye","10":"first","11":"instock","12":"product-type-simple"},"_links":{"self":[{"href":"https:\/\/palmiyesusleme.com\/index.php\/wp-json\/wp\/v2\/product\/11004","targetHints":{"allow":["GET"]}}],"collection":[{"href":"https:\/\/palmiyesusleme.com\/index.php\/wp-json\/wp\/v2\/product"}],"about":[{"href":"https:\/\/palmiyesusleme.com\/index.php\/wp-json\/wp\/v2\/types\/product"}],"replies":[{"embeddable":true,"href":"https:\/\/palmiyesusleme.com\/index.php\/wp-json\/wp\/v2\/comments?post=11004"}],"wp:featuredmedia":[{"embeddable":true,"href":"https:\/\/palmiyesusleme.com\/index.php\/wp-json\/wp\/v2\/media\/11005"}],"wp:attachment":[{"href":"https:\/\/palmiyesusleme.com\/index.php\/wp-json\/wp\/v2\/media?parent=11004"}],"wp:term":[{"taxonomy":"product_cat","embeddable":true,"href":"https:\/\/palmiyesusleme.com\/index.php\/wp-json\/wp\/v2\/product_cat?post=11004"},{"taxonomy":"product_tag","embeddable":true,"href":"https:\/\/palmiyesusleme.com\/index.php\/wp-json\/wp\/v2\/product_tag?post=11004"}],"curies":[{"name":"wp","href":"https:\/\/api.w.org\/{rel}","templated":true}]}}