{"id":11062,"date":"2024-03-07T16:49:03","date_gmt":"2024-03-07T13:49:03","guid":{"rendered":"https:\/\/palmiyesusleme.com\/index.php\/urun\/gold-napolyon-sandalye\/"},"modified":"2024-03-07T16:49:08","modified_gmt":"2024-03-07T13:49:08","slug":"gold-napolyon-sandalye","status":"publish","type":"product","link":"https:\/\/palmiyesusleme.com\/index.php\/urun\/gold-napolyon-sandalye\/","title":{"rendered":"Gold Napolyon Sandalye"},"content":{"rendered":"<p>&lt;p&gt;2021 Gold Napolyon Sandalye&lt;\/p&gt;&lt;p&gt;D\u00fc\u011f\u00fcn ve Davet salonlar\u0131 i\u00e7in \u00f6zel olarak tasarlanm\u0131\u015ft\u0131r.&lt;\/p&gt;&lt;p&gt;%100 Polipropilen hammadde kullan\u0131larak \u00fcretilen sandalyelerimiz dayan\u0131kl\u0131 ve \u00e7ok uzun \u00f6m\u00fcrl\u00fcd\u00fcr.&lt;\/p&gt;&lt;p&gt;\u00c7izilme ve solma yapmamas\u0131 i\u00e7in \u00f6zel olarak i\u015flemden ge\u00e7irilmi\u015ftir.&lt;\/p&gt;&lt;p&gt;D\u0131\u015f mekanlarda ve k\u0131r d\u00fc\u011f\u00fcn\u00fcnde kullan\u0131lmaktad\u0131r.&amp;nbsp;&lt;\/p&gt;&lt;p&gt;G\u00fcne\u015f \u0131\u015f\u0131nlar\u0131na kar\u015f\u0131 dayan\u0131kl\u0131d\u0131r.&lt;\/p&gt;&lt;p&gt;\u0130\u00e7 \u0130\u00e7e ge\u00e7ebilir ve y\u0131kanabilir.&lt;\/p&gt;<\/p>\n","protected":false},"excerpt":{"rendered":"<p>&lt;p&gt;2021 Gold Napolyon Sandalye&lt;\/p&gt;&lt;p&gt;D\u00fc\u011f\u00fcn ve Davet salonlar\u0131 i\u00e7in \u00f6zel olarak tasarlanm\u0131\u015ft\u0131r.&lt;\/p&gt;&lt;p&gt;%100 Polipropilen hammadde kullan\u0131larak \u00fcretilen sandalyelerimiz dayan\u0131kl\u0131 ve \u00e7ok uzun \u00f6m\u00fcrl\u00fcd\u00fcr.&lt;\/p&gt;&lt;p&gt;\u00c7izilme ve solma yapmamas\u0131 i\u00e7in \u00f6zel olarak i\u015flemden ge\u00e7irilmi\u015ftir.&lt;\/p&gt;&lt;p&gt;D\u0131\u015f mekanlarda ve k\u0131r d\u00fc\u011f\u00fcn\u00fcnde kullan\u0131lmaktad\u0131r.&amp;nbsp;&lt;\/p&gt;&lt;p&gt;G\u00fcne\u015f \u0131\u015f\u0131nlar\u0131na kar\u015f\u0131 dayan\u0131kl\u0131d\u0131r.&lt;\/p&gt;&lt;p&gt;\u0130\u00e7 \u0130\u00e7e ge\u00e7ebilir ve y\u0131kanabilir.&lt;\/p&gt;<\/p>\n","protected":false},"featured_media":11063,"comment_status":"closed","ping_status":"open","template":"","meta":{"_joinchat":[]},"product_cat":[133,132,26],"product_tag":[],"class_list":{"0":"post-11062","1":"product","2":"type-product","3":"status-publish","4":"has-post-thumbnail","6":"product_cat-dugun-davet-organizasyon-sandalyesi","7":"product_cat-dugun-salonu-sandalyesi","8":"product_cat-napolyon-sandalye","10":"first","11":"instock","12":"product-type-simple"},"_links":{"self":[{"href":"https:\/\/palmiyesusleme.com\/index.php\/wp-json\/wp\/v2\/product\/11062","targetHints":{"allow":["GET"]}}],"collection":[{"href":"https:\/\/palmiyesusleme.com\/index.php\/wp-json\/wp\/v2\/product"}],"about":[{"href":"https:\/\/palmiyesusleme.com\/index.php\/wp-json\/wp\/v2\/types\/product"}],"replies":[{"embeddable":true,"href":"https:\/\/palmiyesusleme.com\/index.php\/wp-json\/wp\/v2\/comments?post=11062"}],"wp:featuredmedia":[{"embeddable":true,"href":"https:\/\/palmiyesusleme.com\/index.php\/wp-json\/wp\/v2\/media\/11063"}],"wp:attachment":[{"href":"https:\/\/palmiyesusleme.com\/index.php\/wp-json\/wp\/v2\/media?parent=11062"}],"wp:term":[{"taxonomy":"product_cat","embeddable":true,"href":"https:\/\/palmiyesusleme.com\/index.php\/wp-json\/wp\/v2\/product_cat?post=11062"},{"taxonomy":"product_tag","embeddable":true,"href":"https:\/\/palmiyesusleme.com\/index.php\/wp-json\/wp\/v2\/product_tag?post=11062"}],"curies":[{"name":"wp","href":"https:\/\/api.w.org\/{rel}","templated":true}]}}