{"id":11066,"date":"2024-03-07T16:49:03","date_gmt":"2024-03-07T13:49:03","guid":{"rendered":"https:\/\/palmiyesusleme.com\/index.php\/urun\/polikarbon-hafif-seffaf-istiflenebilir-sandalye\/"},"modified":"2024-03-07T16:49:13","modified_gmt":"2024-03-07T13:49:13","slug":"polikarbon-hafif-seffaf-istiflenebilir-sandalye","status":"publish","type":"product","link":"https:\/\/palmiyesusleme.com\/index.php\/urun\/polikarbon-hafif-seffaf-istiflenebilir-sandalye\/","title":{"rendered":"Polikarbon Hafif \u015eeffaf \u0130stiflenebilir Sandalye"},"content":{"rendered":"<p>&lt;p&gt;Polikarbon Hafif \u0130stiflenebilir \u015eeffaf \u0130stiflenebilir Sandalye&lt;\/p&gt;&lt;ul&gt;&lt;li&gt;\u0130stiflenebilir&lt;\/li&gt;&lt;li&gt;Pratik ve Hafif&lt;\/li&gt;&lt;li&gt;Rustik bir g\u00f6r\u00fcn\u00fcm.&lt;\/li&gt;&lt;li&gt;Catas test sertifikal\u0131&lt;\/li&gt;&lt;li&gt;Fiberglass takviyeli&lt;\/li&gt;&lt;li&gt;D\u0131\u015f mekan uyumlu&lt;\/li&gt;&lt;li&gt;Kolay temizlenebilir.&lt;\/li&gt;&lt;li&gt;Minder Opsiyonlu&lt;\/li&gt;&lt;\/ul&gt;&lt;p&gt;38x41x94h CM \/ 5.4&lt;\/p&gt;&lt;p&gt;LOJ\u0130ST\u0130K &#8211; \u0130ST\u0130F&lt;\/p&gt;&lt;p&gt;20&#039; DC : 424&lt;\/p&gt;&lt;p&gt;40&#039; DC : 864&lt;\/p&gt;&lt;p&gt;40&#039; HC : 1080&lt;\/p&gt;&lt;p&gt;TIR : 1300&lt;\/p&gt;<\/p>\n","protected":false},"excerpt":{"rendered":"<p>&lt;p&gt;Polikarbon Hafif \u0130stiflenebilir \u015eeffaf \u0130stiflenebilir Sandalye&lt;\/p&gt;&lt;ul&gt;&lt;li&gt;\u0130stiflenebilir&lt;\/li&gt;&lt;li&gt;Pratik ve Hafif&lt;\/li&gt;&lt;li&gt;Rustik bir g\u00f6r\u00fcn\u00fcm.&lt;\/li&gt;&lt;li&gt;Catas test sertifikal\u0131&lt;\/li&gt;&lt;li&gt;Fiberglass takviyeli&lt;\/li&gt;&lt;li&gt;D\u0131\u015f mekan uyumlu&lt;\/li&gt;&lt;li&gt;Kolay temizlenebilir.&lt;\/li&gt;&lt;li&gt;Minder Opsiyonlu&lt;\/li&gt;&lt;\/ul&gt;&lt;p&gt;38x41x94h CM \/ 5.4&lt;\/p&gt;&lt;p&gt;LOJ\u0130ST\u0130K &#8211; \u0130ST\u0130F&lt;\/p&gt;&lt;p&gt;20&#039; DC : 424&lt;\/p&gt;&lt;p&gt;40&#039; DC : 864&lt;\/p&gt;&lt;p&gt;40&#039; HC : 1080&lt;\/p&gt;&lt;p&gt;TIR : 1300&lt;\/p&gt;<\/p>\n","protected":false},"featured_media":11067,"comment_status":"closed","ping_status":"open","template":"","meta":{"_joinchat":[]},"product_cat":[133,132,26],"product_tag":[],"class_list":{"0":"post-11066","1":"product","2":"type-product","3":"status-publish","4":"has-post-thumbnail","6":"product_cat-dugun-davet-organizasyon-sandalyesi","7":"product_cat-dugun-salonu-sandalyesi","8":"product_cat-napolyon-sandalye","10":"first","11":"instock","12":"product-type-simple"},"_links":{"self":[{"href":"https:\/\/palmiyesusleme.com\/index.php\/wp-json\/wp\/v2\/product\/11066","targetHints":{"allow":["GET"]}}],"collection":[{"href":"https:\/\/palmiyesusleme.com\/index.php\/wp-json\/wp\/v2\/product"}],"about":[{"href":"https:\/\/palmiyesusleme.com\/index.php\/wp-json\/wp\/v2\/types\/product"}],"replies":[{"embeddable":true,"href":"https:\/\/palmiyesusleme.com\/index.php\/wp-json\/wp\/v2\/comments?post=11066"}],"wp:featuredmedia":[{"embeddable":true,"href":"https:\/\/palmiyesusleme.com\/index.php\/wp-json\/wp\/v2\/media\/11067"}],"wp:attachment":[{"href":"https:\/\/palmiyesusleme.com\/index.php\/wp-json\/wp\/v2\/media?parent=11066"}],"wp:term":[{"taxonomy":"product_cat","embeddable":true,"href":"https:\/\/palmiyesusleme.com\/index.php\/wp-json\/wp\/v2\/product_cat?post=11066"},{"taxonomy":"product_tag","embeddable":true,"href":"https:\/\/palmiyesusleme.com\/index.php\/wp-json\/wp\/v2\/product_tag?post=11066"}],"curies":[{"name":"wp","href":"https:\/\/api.w.org\/{rel}","templated":true}]}}