{"id":11068,"date":"2024-03-07T16:49:03","date_gmt":"2024-03-07T13:49:03","guid":{"rendered":"https:\/\/palmiyesusleme.com\/index.php\/urun\/barok-stili-seffaf-dugun-organizasyon-sandalyesi\/"},"modified":"2024-03-07T16:49:17","modified_gmt":"2024-03-07T13:49:17","slug":"barok-stili-seffaf-dugun-organizasyon-sandalyesi","status":"publish","type":"product","link":"https:\/\/palmiyesusleme.com\/index.php\/urun\/barok-stili-seffaf-dugun-organizasyon-sandalyesi\/","title":{"rendered":"Barok Stili \u015eeffaf D\u00fc\u011f\u00fcn Organizasyon Sandalyesi"},"content":{"rendered":"<p>&lt;p&gt;Barok Stili \u015eeffaf D\u00fc\u011f\u00fcn Organizasyon Sandalyesi&lt;\/p&gt;&lt;p&gt;Catas Sertifikal\u0131&lt;\/p&gt;&lt;p&gt;Fiberglass Takviyeli&lt;\/p&gt;&lt;p&gt;Kolay Temizlenir&lt;\/p&gt;&lt;p&gt;\u0130stiflenebilir.&lt;\/p&gt;&lt;p&gt;Minder Opsiyonlu&lt;\/p&gt;&lt;p&gt;38x42x93h CM \/ 5.4&lt;\/p&gt;&lt;p&gt;LOJ\u0130ST\u0130K &#8211; \u0130ST\u0130F&lt;br&gt;&lt;\/p&gt;&lt;p&gt;20&#039; DC : 424&lt;\/p&gt;&lt;p&gt;40&#039; DC : 864&lt;\/p&gt;&lt;p&gt;40&#039; HC : 1080&lt;\/p&gt;&lt;p&gt;TIR : 1300&lt;\/p&gt;&lt;p&gt;&lt;br&gt;&lt;\/p&gt;<\/p>\n","protected":false},"excerpt":{"rendered":"<p>&lt;p&gt;Barok Stili \u015eeffaf D\u00fc\u011f\u00fcn Organizasyon Sandalyesi&lt;\/p&gt;&lt;p&gt;Catas Sertifikal\u0131&lt;\/p&gt;&lt;p&gt;Fiberglass Takviyeli&lt;\/p&gt;&lt;p&gt;Kolay Temizlenir&lt;\/p&gt;&lt;p&gt;\u0130stiflenebilir.&lt;\/p&gt;&lt;p&gt;Minder Opsiyonlu&lt;\/p&gt;&lt;p&gt;38x42x93h CM \/ 5.4&lt;\/p&gt;&lt;p&gt;LOJ\u0130ST\u0130K &#8211; \u0130ST\u0130F&lt;br&gt;&lt;\/p&gt;&lt;p&gt;20&#039; DC : 424&lt;\/p&gt;&lt;p&gt;40&#039; DC : 864&lt;\/p&gt;&lt;p&gt;40&#039; HC : 1080&lt;\/p&gt;&lt;p&gt;TIR : 1300&lt;\/p&gt;&lt;p&gt;&lt;br&gt;&lt;\/p&gt;<\/p>\n","protected":false},"featured_media":11069,"comment_status":"closed","ping_status":"open","template":"","meta":{"_joinchat":[]},"product_cat":[133,132,26],"product_tag":[],"class_list":{"0":"post-11068","1":"product","2":"type-product","3":"status-publish","4":"has-post-thumbnail","6":"product_cat-dugun-davet-organizasyon-sandalyesi","7":"product_cat-dugun-salonu-sandalyesi","8":"product_cat-napolyon-sandalye","10":"first","11":"instock","12":"product-type-simple"},"_links":{"self":[{"href":"https:\/\/palmiyesusleme.com\/index.php\/wp-json\/wp\/v2\/product\/11068","targetHints":{"allow":["GET"]}}],"collection":[{"href":"https:\/\/palmiyesusleme.com\/index.php\/wp-json\/wp\/v2\/product"}],"about":[{"href":"https:\/\/palmiyesusleme.com\/index.php\/wp-json\/wp\/v2\/types\/product"}],"replies":[{"embeddable":true,"href":"https:\/\/palmiyesusleme.com\/index.php\/wp-json\/wp\/v2\/comments?post=11068"}],"wp:featuredmedia":[{"embeddable":true,"href":"https:\/\/palmiyesusleme.com\/index.php\/wp-json\/wp\/v2\/media\/11069"}],"wp:attachment":[{"href":"https:\/\/palmiyesusleme.com\/index.php\/wp-json\/wp\/v2\/media?parent=11068"}],"wp:term":[{"taxonomy":"product_cat","embeddable":true,"href":"https:\/\/palmiyesusleme.com\/index.php\/wp-json\/wp\/v2\/product_cat?post=11068"},{"taxonomy":"product_tag","embeddable":true,"href":"https:\/\/palmiyesusleme.com\/index.php\/wp-json\/wp\/v2\/product_tag?post=11068"}],"curies":[{"name":"wp","href":"https:\/\/api.w.org\/{rel}","templated":true}]}}