{"id":11070,"date":"2024-03-07T16:49:03","date_gmt":"2024-03-07T13:49:03","guid":{"rendered":"https:\/\/palmiyesusleme.com\/index.php\/urun\/dugun-salonu-polikarbon-istiflenebilir-ic-ve-dis-mekan-seffaf-sandalye\/"},"modified":"2024-03-07T16:49:21","modified_gmt":"2024-03-07T13:49:21","slug":"dugun-salonu-polikarbon-istiflenebilir-ic-ve-dis-mekan-seffaf-sandalye","status":"publish","type":"product","link":"https:\/\/palmiyesusleme.com\/index.php\/urun\/dugun-salonu-polikarbon-istiflenebilir-ic-ve-dis-mekan-seffaf-sandalye\/","title":{"rendered":"D\u00fc\u011f\u00fcn Salonu Polikarbon \u0130stiflenebilir \u0130\u00e7 ve D\u0131\u015f Mekan \u015eeffaf Sandalye"},"content":{"rendered":"<p>&lt;p&gt;D\u00fc\u011f\u00fcn salonlar\u0131, y\u00fczme havuzlar\u0131, a\u00e7\u0131k hava d\u00fc\u011f\u00fcn organizasyonlar\u0131 i\u00e7in harika bir se\u00e7im.&lt;\/p&gt;&lt;p&gt;Yuvarlak kalp g\u00f6r\u00fcn\u00fcml\u00fc s\u0131rt, 10 adete kadar istiflenebilme ile hem i\u00e7 ve d\u0131\u015f mekanda etkinlikler i\u00e7in kullan\u0131labilir.&lt;\/p&gt;&lt;p&gt;Kolay silinir, fiberglass takviyesi ile kolay k\u0131r\u0131lmaz, minder opsiyonlu bir \u00fcr\u00fcnd\u00fcr.&lt;\/p&gt;<\/p>\n","protected":false},"excerpt":{"rendered":"<p>&lt;p&gt;D\u00fc\u011f\u00fcn salonlar\u0131, y\u00fczme havuzlar\u0131, a\u00e7\u0131k hava d\u00fc\u011f\u00fcn organizasyonlar\u0131 i\u00e7in harika bir se\u00e7im.&lt;\/p&gt;&lt;p&gt;Yuvarlak kalp g\u00f6r\u00fcn\u00fcml\u00fc s\u0131rt, 10 adete kadar istiflenebilme ile hem i\u00e7 ve d\u0131\u015f mekanda etkinlikler i\u00e7in kullan\u0131labilir.&lt;\/p&gt;&lt;p&gt;Kolay silinir, fiberglass takviyesi ile kolay k\u0131r\u0131lmaz, minder opsiyonlu bir \u00fcr\u00fcnd\u00fcr.&lt;\/p&gt;<\/p>\n","protected":false},"featured_media":11071,"comment_status":"closed","ping_status":"open","template":"","meta":{"_joinchat":[]},"product_cat":[133,132,154,153],"product_tag":[],"class_list":{"0":"post-11070","1":"product","2":"type-product","3":"status-publish","4":"has-post-thumbnail","6":"product_cat-dugun-davet-organizasyon-sandalyesi","7":"product_cat-dugun-salonu-sandalyesi","8":"product_cat-ic-mekan-plastik-sandalye","9":"product_cat-plastik-sandalye","11":"first","12":"instock","13":"product-type-simple"},"_links":{"self":[{"href":"https:\/\/palmiyesusleme.com\/index.php\/wp-json\/wp\/v2\/product\/11070","targetHints":{"allow":["GET"]}}],"collection":[{"href":"https:\/\/palmiyesusleme.com\/index.php\/wp-json\/wp\/v2\/product"}],"about":[{"href":"https:\/\/palmiyesusleme.com\/index.php\/wp-json\/wp\/v2\/types\/product"}],"replies":[{"embeddable":true,"href":"https:\/\/palmiyesusleme.com\/index.php\/wp-json\/wp\/v2\/comments?post=11070"}],"wp:featuredmedia":[{"embeddable":true,"href":"https:\/\/palmiyesusleme.com\/index.php\/wp-json\/wp\/v2\/media\/11071"}],"wp:attachment":[{"href":"https:\/\/palmiyesusleme.com\/index.php\/wp-json\/wp\/v2\/media?parent=11070"}],"wp:term":[{"taxonomy":"product_cat","embeddable":true,"href":"https:\/\/palmiyesusleme.com\/index.php\/wp-json\/wp\/v2\/product_cat?post=11070"},{"taxonomy":"product_tag","embeddable":true,"href":"https:\/\/palmiyesusleme.com\/index.php\/wp-json\/wp\/v2\/product_tag?post=11070"}],"curies":[{"name":"wp","href":"https:\/\/api.w.org\/{rel}","templated":true}]}}