{"id":11072,"date":"2024-03-07T16:49:03","date_gmt":"2024-03-07T13:49:03","guid":{"rendered":"https:\/\/palmiyesusleme.com\/index.php\/urun\/hafif-seffaf-dugun-salonu-sandalyesi\/"},"modified":"2024-03-07T16:49:23","modified_gmt":"2024-03-07T13:49:23","slug":"hafif-seffaf-dugun-salonu-sandalyesi","status":"publish","type":"product","link":"https:\/\/palmiyesusleme.com\/index.php\/urun\/hafif-seffaf-dugun-salonu-sandalyesi\/","title":{"rendered":"Hafif \u015eeffaf D\u00fc\u011f\u00fcn Salonu Sandalyesi"},"content":{"rendered":"<p>&lt;p&gt;%100 Polikarbonat&lt;\/p&gt;&lt;p&gt;D\u00fc\u011f\u00fcn salonlar\u0131, organizasyon alanlar\u0131 i\u00e7in idealdir.&lt;\/p&gt;&lt;p&gt;\u0130\u00e7 ve D\u0131\u015f mekan kullan\u0131ma uygundur.&lt;\/p&gt;&lt;p&gt;10 adete kadar istiflebilir.&lt;\/p&gt;&lt;p&gt;K\u0131r\u0131lmaya kar\u015f\u0131 dayan\u0131kl\u0131 ve esnektir.&lt;\/p&gt;&lt;p&gt;Kolay silinebilir.&lt;\/p&gt;&lt;p&gt;38x42x93h CM \/ 5.5&lt;br&gt;&lt;\/p&gt;&lt;p&gt;LOJ\u0130ST\u0130K &#8211; \u0130ST\u0130F&lt;br&gt;&lt;\/p&gt;&lt;p&gt;20&#039; DC : 424&lt;\/p&gt;&lt;p&gt;40&#039; DC : 864&lt;\/p&gt;&lt;p&gt;40&#039; HC : 1080&lt;\/p&gt;&lt;p&gt;TIR : 1300&lt;\/p&gt;&lt;p&gt;&lt;br&gt;&lt;\/p&gt;&lt;p&gt;&lt;br&gt;&lt;\/p&gt;<\/p>\n","protected":false},"excerpt":{"rendered":"<p>&lt;p&gt;%100 Polikarbonat&lt;\/p&gt;&lt;p&gt;D\u00fc\u011f\u00fcn salonlar\u0131, organizasyon alanlar\u0131 i\u00e7in idealdir.&lt;\/p&gt;&lt;p&gt;\u0130\u00e7 ve D\u0131\u015f mekan kullan\u0131ma uygundur.&lt;\/p&gt;&lt;p&gt;10 adete kadar istiflebilir.&lt;\/p&gt;&lt;p&gt;K\u0131r\u0131lmaya kar\u015f\u0131 dayan\u0131kl\u0131 ve esnektir.&lt;\/p&gt;&lt;p&gt;Kolay silinebilir.&lt;\/p&gt;&lt;p&gt;38x42x93h CM \/ 5.5&lt;br&gt;&lt;\/p&gt;&lt;p&gt;LOJ\u0130ST\u0130K &#8211; \u0130ST\u0130F&lt;br&gt;&lt;\/p&gt;&lt;p&gt;20&#039; DC : 424&lt;\/p&gt;&lt;p&gt;40&#039; DC : 864&lt;\/p&gt;&lt;p&gt;40&#039; HC : 1080&lt;\/p&gt;&lt;p&gt;TIR : 1300&lt;\/p&gt;&lt;p&gt;&lt;br&gt;&lt;\/p&gt;&lt;p&gt;&lt;br&gt;&lt;\/p&gt;<\/p>\n","protected":false},"featured_media":11073,"comment_status":"closed","ping_status":"open","template":"","meta":{"_joinchat":[]},"product_cat":[133,132,154],"product_tag":[],"class_list":{"0":"post-11072","1":"product","2":"type-product","3":"status-publish","4":"has-post-thumbnail","6":"product_cat-dugun-davet-organizasyon-sandalyesi","7":"product_cat-dugun-salonu-sandalyesi","8":"product_cat-ic-mekan-plastik-sandalye","10":"first","11":"instock","12":"product-type-simple"},"_links":{"self":[{"href":"https:\/\/palmiyesusleme.com\/index.php\/wp-json\/wp\/v2\/product\/11072","targetHints":{"allow":["GET"]}}],"collection":[{"href":"https:\/\/palmiyesusleme.com\/index.php\/wp-json\/wp\/v2\/product"}],"about":[{"href":"https:\/\/palmiyesusleme.com\/index.php\/wp-json\/wp\/v2\/types\/product"}],"replies":[{"embeddable":true,"href":"https:\/\/palmiyesusleme.com\/index.php\/wp-json\/wp\/v2\/comments?post=11072"}],"wp:featuredmedia":[{"embeddable":true,"href":"https:\/\/palmiyesusleme.com\/index.php\/wp-json\/wp\/v2\/media\/11073"}],"wp:attachment":[{"href":"https:\/\/palmiyesusleme.com\/index.php\/wp-json\/wp\/v2\/media?parent=11072"}],"wp:term":[{"taxonomy":"product_cat","embeddable":true,"href":"https:\/\/palmiyesusleme.com\/index.php\/wp-json\/wp\/v2\/product_cat?post=11072"},{"taxonomy":"product_tag","embeddable":true,"href":"https:\/\/palmiyesusleme.com\/index.php\/wp-json\/wp\/v2\/product_tag?post=11072"}],"curies":[{"name":"wp","href":"https:\/\/api.w.org\/{rel}","templated":true}]}}