{"id":11213,"date":"2024-03-07T16:51:26","date_gmt":"2024-03-07T13:51:26","guid":{"rendered":"https:\/\/palmiyesusleme.com\/index.php\/urun\/kirmizi-boyali-tornali-sandalye\/"},"modified":"2024-03-07T16:51:43","modified_gmt":"2024-03-07T13:51:43","slug":"kirmizi-boyali-tornali-sandalye","status":"publish","type":"product","link":"https:\/\/palmiyesusleme.com\/index.php\/urun\/kirmizi-boyali-tornali-sandalye\/","title":{"rendered":"K\u0131rm\u0131z\u0131 Boyal\u0131 Tornal\u0131 Sandalye"},"content":{"rendered":"<p>K\u0131rm\u0131z\u0131 Boyal\u0131 Tornal\u0131 Sandalyemiz, k\u0131rm\u0131z\u0131 boyas\u0131 ile g&ouml;z kama\u015ft\u0131r\u0131yor.Showrooma bekliyoruz.&lt;hr&gt;&lt;b&gt;Ah\u015fap sandalyeler&lt;\/b&gt;, bak\u0131m\u0131 kolay mobilyalar aras\u0131ndad\u0131r. E\u011fer bir \u015feyler lekelenmi\u015fse, nemli bir bezle silebilirsiniz. &Ouml;zellikle  nemli bez h\u0131zl\u0131 bir \u015fekilde lekeleri temizler. Bu nedenle bir yemek sandalyesinde, &ouml;zellikle daha dayan\u0131kl\u0131 ve kolayca temizlenebilen boyal\u0131 ve cilal\u0131 modeller tercih edilebilir. Bir ah\u015fap sandalyenin uzun s&uuml;re keyfini s&uuml;rmek i&ccedil;in, &ouml;zel bir ah\u015fap cilas\u0131yla d&uuml;zenli bak\u0131m yapman\u0131z\u0131 &ouml;neririz bu cila kire kar\u015f\u0131 korurken ayn\u0131 zamanda ah\u015faba parlakl\u0131k verir.&lt;hr&gt;&lt;p&gt;&lt;img src=&quot;\/image\/urun-olculeri\/ahsap-modern-kollu-sandalye-olculeri.png&quot; alt=&quot;K\u0131rm\u0131z\u0131 Boyal\u0131 Tornal\u0131 Sandalye &Ouml;l&ccedil;&uuml;s&uuml;&quot; title=&quot;K\u0131rm\u0131z\u0131 Boyal\u0131 Tornal\u0131 Sandalye &Ouml;l&ccedil;&uuml;s&uuml;&quot;&gt;&lt;\/p&gt;&lt;table class=&quot;table table-bordered&quot;&gt;&lt;tbody&gt;&lt;tr&gt;&lt;td&gt;Geni\u015flik&lt;\/td&gt;&lt;td&gt;43 cm&lt;\/td&gt;&lt;\/tr&gt;&lt;tr&gt;&lt;td&gt;Oturum Y&uuml;ksekli\u011fi&lt;\/td&gt;&lt;td&gt;46 cm&lt;\/td&gt;&lt;\/tr&gt;&lt;tr&gt;&lt;td&gt;Derinlik&lt;\/td&gt;&lt;td&gt;45 cm&lt;\/td&gt;&lt;\/tr&gt;&lt;tr&gt;&lt;td&gt;Y&uuml;kseklik&lt;\/td&gt;&lt;td&gt;84 cm&lt;\/td&gt;&lt;\/tr&gt;&lt;tr&gt;&lt;td&gt;Kol Y&uuml;ksekli\u011fi&lt;\/td&gt;&lt;td&gt;&lt;br&gt;&lt;\/td&gt;&lt;\/tr&gt;&lt;\/tbody&gt;&lt;\/table&gt;&lt;p&gt;\u0130ste\u011fe &ouml;zel olarak malzeme cinsinde (ah\u015fap,boya,kuma\u015f,deri) ve &uuml;r&uuml;n &ouml;l&ccedil;&uuml;lerinde de\u011fi\u015fiklik yap\u0131labilir.&lt;\/p&gt;&lt;table class=&quot;table table-bordered&quot;&gt;<br \/>\n&lt;tbody&gt;<br \/>\n&lt;tr&gt;<br \/>\n&lt;td colspan=&quot;4&quot; class=&quot;text-center&quot; style=&quot;vertical-align:middle&quot;&gt;&lt;img src=&quot;\/image\/urun-olculeri\/ahsap-klasik-kollu-sandalye-olculer.png&quot; alt=&quot;&Ouml;l&ccedil;&uuml;&quot;&gt;&lt;\/td&gt;<br \/>\n&lt;\/tr&gt;<br \/>\n&lt;tr&gt;<br \/>\n&lt;td class=&quot;text-center&quot; style=&quot;vertical-align:middle&quot;&gt;&lt;span class=&quot;text-center&quot; style=&quot;vertical-align:middle&quot;&gt;&lt;strong&gt;Geni\u015flik&lt;\/strong&gt;&lt;\/span&gt;&lt;\/td&gt;<br \/>\n&lt;td class=&quot;text-center&quot; style=&quot;vertical-align:middle&quot;&gt;&lt;span class=&quot;text-center&quot; style=&quot;vertical-align:middle&quot;&gt;&lt;strong&gt;Oturum Y&uuml;ksekli\u011fi&lt;\/strong&gt;&lt;\/span&gt;&lt;\/td&gt;<br \/>\n&lt;td class=&quot;text-center&quot; style=&quot;vertical-align:middle&quot;&gt;&lt;span class=&quot;text-center&quot; style=&quot;vertical-align:middle&quot;&gt;&lt;strong&gt;Derinlik&lt;\/strong&gt;&lt;\/span&gt;&lt;\/td&gt;<br \/>\n&lt;td class=&quot;text-center&quot; style=&quot;vertical-align:middle&quot;&gt;&lt;span class=&quot;text-center&quot; style=&quot;vertical-align:middle&quot;&gt;&lt;strong&gt;Y&uuml;kseklik&lt;\/strong&gt;&lt;\/span&gt;&lt;\/td&gt;<br \/>\n&lt;\/tr&gt;<br \/>\n&lt;tr&gt;<br \/>\n&lt;td class=&quot;text-center&quot; style=&quot;vertical-align:middle&quot;&gt;&nbsp;43&lt;\/td&gt;<br \/>\n&lt;td class=&quot;text-center&quot; style=&quot;vertical-align:middle&quot;&gt;46&nbsp;&lt;\/td&gt;<br \/>\n&lt;td class=&quot;text-center&quot; style=&quot;vertical-align:middle&quot;&gt;45&nbsp;&lt;\/td&gt;<br \/>\n&lt;td class=&quot;text-center&quot; style=&quot;vertical-align:middle&quot;&gt;84&nbsp;&lt;\/td&gt;<br \/>\n&lt;\/tr&gt;<br \/>\n&lt;tr&gt;<br \/>\n&lt;td class=&quot;text-center&quot; style=&quot;vertical-align:middle&quot; colspan=&quot;4&quot;&gt;\u0130ste\u011fe &ouml;zel olarak malzeme cinsinde (ah\u015fap,boya,kuma\u015f,deri) ve &uuml;r&uuml;n &ouml;l&ccedil;&uuml;lerinde de\u011fi\u015fiklik yap\u0131labilir.&lt;\/td&gt;<br \/>\n&lt;\/tr&gt;<br \/>\n&lt;\/tbody&gt;<br \/>\n&lt;\/table&gt;<br \/>\n&lt;hr&gt;<\/p>\n","protected":false},"excerpt":{"rendered":"<p>K\u0131rm\u0131z\u0131 Boyal\u0131 Tornal\u0131 Sandalyemiz, k\u0131rm\u0131z\u0131 boyas\u0131 ile g&ouml;z kama\u015ft\u0131r\u0131yor.Showrooma bekliyoruz.&lt;hr&gt;&lt;b&gt;Ah\u015fap sandalyeler&lt;\/b&gt;, bak\u0131m\u0131 kolay mobilyalar aras\u0131ndad\u0131r. E\u011fer bir \u015feyler lekelenmi\u015fse, nemli bir bezle silebilirsiniz. &Ouml;zellikle nemli bez h\u0131zl\u0131 bir \u015fekilde lekeleri temizler. Bu nedenle bir yemek sandalyesinde, &ouml;zellikle daha dayan\u0131kl\u0131 ve kolayca temizlenebilen boyal\u0131 ve cilal\u0131 modeller tercih edilebilir. Bir ah\u015fap sandalyenin uzun s&uuml;re keyfini s&uuml;rmek [&hellip;]<\/p>\n","protected":false},"featured_media":11214,"comment_status":"closed","ping_status":"open","template":"","meta":{"_joinchat":[]},"product_cat":[129,79,38],"product_tag":[],"class_list":{"0":"post-11213","1":"product","2":"type-product","3":"status-publish","4":"has-post-thumbnail","6":"product_cat-ahsap-mutfak-sandalyesi","7":"product_cat-ahsap-sandalye","8":"product_cat-ahsap-tonet-sandalye","10":"first","11":"instock","12":"product-type-simple"},"_links":{"self":[{"href":"https:\/\/palmiyesusleme.com\/index.php\/wp-json\/wp\/v2\/product\/11213","targetHints":{"allow":["GET"]}}],"collection":[{"href":"https:\/\/palmiyesusleme.com\/index.php\/wp-json\/wp\/v2\/product"}],"about":[{"href":"https:\/\/palmiyesusleme.com\/index.php\/wp-json\/wp\/v2\/types\/product"}],"replies":[{"embeddable":true,"href":"https:\/\/palmiyesusleme.com\/index.php\/wp-json\/wp\/v2\/comments?post=11213"}],"wp:featuredmedia":[{"embeddable":true,"href":"https:\/\/palmiyesusleme.com\/index.php\/wp-json\/wp\/v2\/media\/11214"}],"wp:attachment":[{"href":"https:\/\/palmiyesusleme.com\/index.php\/wp-json\/wp\/v2\/media?parent=11213"}],"wp:term":[{"taxonomy":"product_cat","embeddable":true,"href":"https:\/\/palmiyesusleme.com\/index.php\/wp-json\/wp\/v2\/product_cat?post=11213"},{"taxonomy":"product_tag","embeddable":true,"href":"https:\/\/palmiyesusleme.com\/index.php\/wp-json\/wp\/v2\/product_tag?post=11213"}],"curies":[{"name":"wp","href":"https:\/\/api.w.org\/{rel}","templated":true}]}}