{"id":11295,"date":"2024-03-07T16:52:03","date_gmt":"2024-03-07T13:52:03","guid":{"rendered":"https:\/\/palmiyesusleme.com\/index.php\/urun\/ahsap-sezlong-modeli\/"},"modified":"2024-03-07T16:52:20","modified_gmt":"2024-03-07T13:52:20","slug":"ahsap-sezlong-modeli","status":"publish","type":"product","link":"https:\/\/palmiyesusleme.com\/index.php\/urun\/ahsap-sezlong-modeli\/","title":{"rendered":"Ah\u015fap \u015eezlong Modeli"},"content":{"rendered":"<p>Ah\u015fap \u015eezlong Modeli<\/p>\n","protected":false},"excerpt":{"rendered":"<p>Ah\u015fap \u015eezlong Modeli<\/p>\n","protected":false},"featured_media":11296,"comment_status":"closed","ping_status":"open","template":"","meta":{"_joinchat":[]},"product_cat":[219],"product_tag":[],"class_list":{"0":"post-11295","1":"product","2":"type-product","3":"status-publish","4":"has-post-thumbnail","6":"product_cat-sezlong","8":"first","9":"instock","10":"product-type-simple"},"_links":{"self":[{"href":"https:\/\/palmiyesusleme.com\/index.php\/wp-json\/wp\/v2\/product\/11295","targetHints":{"allow":["GET"]}}],"collection":[{"href":"https:\/\/palmiyesusleme.com\/index.php\/wp-json\/wp\/v2\/product"}],"about":[{"href":"https:\/\/palmiyesusleme.com\/index.php\/wp-json\/wp\/v2\/types\/product"}],"replies":[{"embeddable":true,"href":"https:\/\/palmiyesusleme.com\/index.php\/wp-json\/wp\/v2\/comments?post=11295"}],"wp:featuredmedia":[{"embeddable":true,"href":"https:\/\/palmiyesusleme.com\/index.php\/wp-json\/wp\/v2\/media\/11296"}],"wp:attachment":[{"href":"https:\/\/palmiyesusleme.com\/index.php\/wp-json\/wp\/v2\/media?parent=11295"}],"wp:term":[{"taxonomy":"product_cat","embeddable":true,"href":"https:\/\/palmiyesusleme.com\/index.php\/wp-json\/wp\/v2\/product_cat?post=11295"},{"taxonomy":"product_tag","embeddable":true,"href":"https:\/\/palmiyesusleme.com\/index.php\/wp-json\/wp\/v2\/product_tag?post=11295"}],"curies":[{"name":"wp","href":"https:\/\/api.w.org\/{rel}","templated":true}]}}