{"id":11303,"date":"2024-03-07T16:52:22","date_gmt":"2024-03-07T13:52:22","guid":{"rendered":"https:\/\/palmiyesusleme.com\/index.php\/urun\/ahsap-sezlong-cesiti\/"},"modified":"2024-03-07T16:52:24","modified_gmt":"2024-03-07T13:52:24","slug":"ahsap-sezlong-cesiti","status":"publish","type":"product","link":"https:\/\/palmiyesusleme.com\/index.php\/urun\/ahsap-sezlong-cesiti\/","title":{"rendered":"Ah\u015fap \u015eezlong \u00c7e\u015fiti"},"content":{"rendered":"<p>Ah\u015fap \u015eezlong &Ccedil;e\u015fiti<\/p>\n","protected":false},"excerpt":{"rendered":"<p>Ah\u015fap \u015eezlong &Ccedil;e\u015fiti<\/p>\n","protected":false},"featured_media":11304,"comment_status":"closed","ping_status":"open","template":"","meta":{"_joinchat":[]},"product_cat":[219],"product_tag":[],"class_list":{"0":"post-11303","1":"product","2":"type-product","3":"status-publish","4":"has-post-thumbnail","6":"product_cat-sezlong","8":"first","9":"instock","10":"product-type-simple"},"_links":{"self":[{"href":"https:\/\/palmiyesusleme.com\/index.php\/wp-json\/wp\/v2\/product\/11303","targetHints":{"allow":["GET"]}}],"collection":[{"href":"https:\/\/palmiyesusleme.com\/index.php\/wp-json\/wp\/v2\/product"}],"about":[{"href":"https:\/\/palmiyesusleme.com\/index.php\/wp-json\/wp\/v2\/types\/product"}],"replies":[{"embeddable":true,"href":"https:\/\/palmiyesusleme.com\/index.php\/wp-json\/wp\/v2\/comments?post=11303"}],"wp:featuredmedia":[{"embeddable":true,"href":"https:\/\/palmiyesusleme.com\/index.php\/wp-json\/wp\/v2\/media\/11304"}],"wp:attachment":[{"href":"https:\/\/palmiyesusleme.com\/index.php\/wp-json\/wp\/v2\/media?parent=11303"}],"wp:term":[{"taxonomy":"product_cat","embeddable":true,"href":"https:\/\/palmiyesusleme.com\/index.php\/wp-json\/wp\/v2\/product_cat?post=11303"},{"taxonomy":"product_tag","embeddable":true,"href":"https:\/\/palmiyesusleme.com\/index.php\/wp-json\/wp\/v2\/product_tag?post=11303"}],"curies":[{"name":"wp","href":"https:\/\/api.w.org\/{rel}","templated":true}]}}