{"id":11354,"date":"2024-03-07T16:52:43","date_gmt":"2024-03-07T13:52:43","guid":{"rendered":"https:\/\/palmiyesusleme.com\/index.php\/urun\/ahsap-ayakli-deri-oturma-yuzeyli-tel-metal-sandalye-modeli\/"},"modified":"2024-03-07T16:52:49","modified_gmt":"2024-03-07T13:52:49","slug":"ahsap-ayakli-deri-oturma-yuzeyli-tel-metal-sandalye-modeli","status":"publish","type":"product","link":"https:\/\/palmiyesusleme.com\/index.php\/urun\/ahsap-ayakli-deri-oturma-yuzeyli-tel-metal-sandalye-modeli\/","title":{"rendered":"Ah\u015fap Ayakl\u0131 Deri Oturma Y\u00fczeyli Tel Metal Sandalye Modeli"},"content":{"rendered":"<p>Ah\u015fap Ayakl\u0131 Deri Oturma Y\u00fczeyli Tel Metal Sandalye Modeli<\/p>\n","protected":false},"excerpt":{"rendered":"<p>Ah\u015fap Ayakl\u0131 Deri Oturma Y\u00fczeyli Tel Metal Sandalye Modeli<\/p>\n","protected":false},"featured_media":11355,"comment_status":"closed","ping_status":"open","template":"","meta":{"_joinchat":[]},"product_cat":[192],"product_tag":[],"class_list":{"0":"post-11354","1":"product","2":"type-product","3":"status-publish","4":"has-post-thumbnail","6":"product_cat-telli-metal-sandalye","8":"first","9":"instock","10":"product-type-simple"},"_links":{"self":[{"href":"https:\/\/palmiyesusleme.com\/index.php\/wp-json\/wp\/v2\/product\/11354","targetHints":{"allow":["GET"]}}],"collection":[{"href":"https:\/\/palmiyesusleme.com\/index.php\/wp-json\/wp\/v2\/product"}],"about":[{"href":"https:\/\/palmiyesusleme.com\/index.php\/wp-json\/wp\/v2\/types\/product"}],"replies":[{"embeddable":true,"href":"https:\/\/palmiyesusleme.com\/index.php\/wp-json\/wp\/v2\/comments?post=11354"}],"wp:featuredmedia":[{"embeddable":true,"href":"https:\/\/palmiyesusleme.com\/index.php\/wp-json\/wp\/v2\/media\/11355"}],"wp:attachment":[{"href":"https:\/\/palmiyesusleme.com\/index.php\/wp-json\/wp\/v2\/media?parent=11354"}],"wp:term":[{"taxonomy":"product_cat","embeddable":true,"href":"https:\/\/palmiyesusleme.com\/index.php\/wp-json\/wp\/v2\/product_cat?post=11354"},{"taxonomy":"product_tag","embeddable":true,"href":"https:\/\/palmiyesusleme.com\/index.php\/wp-json\/wp\/v2\/product_tag?post=11354"}],"curies":[{"name":"wp","href":"https:\/\/api.w.org\/{rel}","templated":true}]}}