{"id":11366,"date":"2024-03-07T16:52:43","date_gmt":"2024-03-07T13:52:43","guid":{"rendered":"https:\/\/palmiyesusleme.com\/index.php\/urun\/suni-deri-dosemeli-ahsap-kolcakli-metal-sandalye\/"},"modified":"2024-03-07T16:52:56","modified_gmt":"2024-03-07T13:52:56","slug":"suni-deri-dosemeli-ahsap-kolcakli-metal-sandalye","status":"publish","type":"product","link":"https:\/\/palmiyesusleme.com\/index.php\/urun\/suni-deri-dosemeli-ahsap-kolcakli-metal-sandalye\/","title":{"rendered":"Suni Deri D\u00f6\u015femeli Ah\u015fap Kol\u00e7akl\u0131 Metal Sandalye"},"content":{"rendered":"<p>&lt;p&gt;Suni Deri D\u00f6\u015femeli Ah\u015fap Kol\u00e7akl\u0131 Metal Sandalye&lt;br&gt;&lt;\/p&gt;<\/p>\n","protected":false},"excerpt":{"rendered":"<p>&lt;p&gt;Suni Deri D\u00f6\u015femeli Ah\u015fap Kol\u00e7akl\u0131 Metal Sandalye&lt;br&gt;&lt;\/p&gt;<\/p>\n","protected":false},"featured_media":11367,"comment_status":"closed","ping_status":"open","template":"","meta":{"_joinchat":[]},"product_cat":[192],"product_tag":[],"class_list":{"0":"post-11366","1":"product","2":"type-product","3":"status-publish","4":"has-post-thumbnail","6":"product_cat-telli-metal-sandalye","8":"first","9":"instock","10":"product-type-simple"},"_links":{"self":[{"href":"https:\/\/palmiyesusleme.com\/index.php\/wp-json\/wp\/v2\/product\/11366","targetHints":{"allow":["GET"]}}],"collection":[{"href":"https:\/\/palmiyesusleme.com\/index.php\/wp-json\/wp\/v2\/product"}],"about":[{"href":"https:\/\/palmiyesusleme.com\/index.php\/wp-json\/wp\/v2\/types\/product"}],"replies":[{"embeddable":true,"href":"https:\/\/palmiyesusleme.com\/index.php\/wp-json\/wp\/v2\/comments?post=11366"}],"wp:featuredmedia":[{"embeddable":true,"href":"https:\/\/palmiyesusleme.com\/index.php\/wp-json\/wp\/v2\/media\/11367"}],"wp:attachment":[{"href":"https:\/\/palmiyesusleme.com\/index.php\/wp-json\/wp\/v2\/media?parent=11366"}],"wp:term":[{"taxonomy":"product_cat","embeddable":true,"href":"https:\/\/palmiyesusleme.com\/index.php\/wp-json\/wp\/v2\/product_cat?post=11366"},{"taxonomy":"product_tag","embeddable":true,"href":"https:\/\/palmiyesusleme.com\/index.php\/wp-json\/wp\/v2\/product_tag?post=11366"}],"curies":[{"name":"wp","href":"https:\/\/api.w.org\/{rel}","templated":true}]}}