{"id":11368,"date":"2024-03-07T16:52:43","date_gmt":"2024-03-07T13:52:43","guid":{"rendered":"https:\/\/palmiyesusleme.com\/index.php\/urun\/bakir-iskeletli-tel-sandalye\/"},"modified":"2024-03-07T16:52:56","modified_gmt":"2024-03-07T13:52:56","slug":"bakir-iskeletli-tel-sandalye","status":"publish","type":"product","link":"https:\/\/palmiyesusleme.com\/index.php\/urun\/bakir-iskeletli-tel-sandalye\/","title":{"rendered":"Bak\u0131r \u0130skeletli Tel Sandalye"},"content":{"rendered":"<p>&lt;p&gt;Bak\u0131r \u0130skelet&lt;\/p&gt;&lt;p&gt;Telli Metal Sandalye&lt;\/p&gt;<\/p>\n","protected":false},"excerpt":{"rendered":"<p>&lt;p&gt;Bak\u0131r \u0130skelet&lt;\/p&gt;&lt;p&gt;Telli Metal Sandalye&lt;\/p&gt;<\/p>\n","protected":false},"featured_media":11369,"comment_status":"closed","ping_status":"open","template":"","meta":{"_joinchat":[]},"product_cat":[192],"product_tag":[],"class_list":{"0":"post-11368","1":"product","2":"type-product","3":"status-publish","4":"has-post-thumbnail","6":"product_cat-telli-metal-sandalye","8":"first","9":"instock","10":"product-type-simple"},"_links":{"self":[{"href":"https:\/\/palmiyesusleme.com\/index.php\/wp-json\/wp\/v2\/product\/11368","targetHints":{"allow":["GET"]}}],"collection":[{"href":"https:\/\/palmiyesusleme.com\/index.php\/wp-json\/wp\/v2\/product"}],"about":[{"href":"https:\/\/palmiyesusleme.com\/index.php\/wp-json\/wp\/v2\/types\/product"}],"replies":[{"embeddable":true,"href":"https:\/\/palmiyesusleme.com\/index.php\/wp-json\/wp\/v2\/comments?post=11368"}],"wp:featuredmedia":[{"embeddable":true,"href":"https:\/\/palmiyesusleme.com\/index.php\/wp-json\/wp\/v2\/media\/11369"}],"wp:attachment":[{"href":"https:\/\/palmiyesusleme.com\/index.php\/wp-json\/wp\/v2\/media?parent=11368"}],"wp:term":[{"taxonomy":"product_cat","embeddable":true,"href":"https:\/\/palmiyesusleme.com\/index.php\/wp-json\/wp\/v2\/product_cat?post=11368"},{"taxonomy":"product_tag","embeddable":true,"href":"https:\/\/palmiyesusleme.com\/index.php\/wp-json\/wp\/v2\/product_tag?post=11368"}],"curies":[{"name":"wp","href":"https:\/\/api.w.org\/{rel}","templated":true}]}}