{"id":11370,"date":"2024-03-07T16:52:43","date_gmt":"2024-03-07T13:52:43","guid":{"rendered":"https:\/\/palmiyesusleme.com\/index.php\/urun\/ahsap-oturma-yuzeyi-ahsap-sirtli-tel-metal-sandalye\/"},"modified":"2024-03-07T16:52:57","modified_gmt":"2024-03-07T13:52:57","slug":"ahsap-oturma-yuzeyi-ahsap-sirtli-tel-metal-sandalye","status":"publish","type":"product","link":"https:\/\/palmiyesusleme.com\/index.php\/urun\/ahsap-oturma-yuzeyi-ahsap-sirtli-tel-metal-sandalye\/","title":{"rendered":"Ah\u015fap Oturma Y\u00fczeyi Ah\u015fap S\u0131rtl\u0131 Tel Metal Sandalye"},"content":{"rendered":"<p>&lt;p&gt;Ah\u015fap Oturma Y\u00fczeyi Ah\u015fap S\u0131rtl\u0131 Tel Metal Sandalye&lt;br&gt;&lt;\/p&gt;<\/p>\n","protected":false},"excerpt":{"rendered":"<p>&lt;p&gt;Ah\u015fap Oturma Y\u00fczeyi Ah\u015fap S\u0131rtl\u0131 Tel Metal Sandalye&lt;br&gt;&lt;\/p&gt;<\/p>\n","protected":false},"featured_media":11371,"comment_status":"closed","ping_status":"open","template":"","meta":{"_joinchat":[]},"product_cat":[192],"product_tag":[],"class_list":{"0":"post-11370","1":"product","2":"type-product","3":"status-publish","4":"has-post-thumbnail","6":"product_cat-telli-metal-sandalye","8":"first","9":"instock","10":"product-type-simple"},"_links":{"self":[{"href":"https:\/\/palmiyesusleme.com\/index.php\/wp-json\/wp\/v2\/product\/11370","targetHints":{"allow":["GET"]}}],"collection":[{"href":"https:\/\/palmiyesusleme.com\/index.php\/wp-json\/wp\/v2\/product"}],"about":[{"href":"https:\/\/palmiyesusleme.com\/index.php\/wp-json\/wp\/v2\/types\/product"}],"replies":[{"embeddable":true,"href":"https:\/\/palmiyesusleme.com\/index.php\/wp-json\/wp\/v2\/comments?post=11370"}],"wp:featuredmedia":[{"embeddable":true,"href":"https:\/\/palmiyesusleme.com\/index.php\/wp-json\/wp\/v2\/media\/11371"}],"wp:attachment":[{"href":"https:\/\/palmiyesusleme.com\/index.php\/wp-json\/wp\/v2\/media?parent=11370"}],"wp:term":[{"taxonomy":"product_cat","embeddable":true,"href":"https:\/\/palmiyesusleme.com\/index.php\/wp-json\/wp\/v2\/product_cat?post=11370"},{"taxonomy":"product_tag","embeddable":true,"href":"https:\/\/palmiyesusleme.com\/index.php\/wp-json\/wp\/v2\/product_tag?post=11370"}],"curies":[{"name":"wp","href":"https:\/\/api.w.org\/{rel}","templated":true}]}}