{"id":11499,"date":"2024-03-07T16:53:55","date_gmt":"2024-03-07T13:53:55","guid":{"rendered":"https:\/\/palmiyesusleme.com\/index.php\/urun\/beyaz-polipropilen-camli-plastik-enjeksiyon-rattan-gorunumlu-masa-sandalye-takimi\/"},"modified":"2024-03-07T16:53:58","modified_gmt":"2024-03-07T13:53:58","slug":"beyaz-polipropilen-camli-plastik-enjeksiyon-rattan-gorunumlu-masa-sandalye-takimi","status":"publish","type":"product","link":"https:\/\/palmiyesusleme.com\/index.php\/urun\/beyaz-polipropilen-camli-plastik-enjeksiyon-rattan-gorunumlu-masa-sandalye-takimi\/","title":{"rendered":"Beyaz Polipropilen Caml\u0131 Plastik Enjeksiyon Rattan G\u00f6r\u00fcn\u00fcml\u00fc Masa Sandalye Tak\u0131m\u0131"},"content":{"rendered":"<p>&lt;p&gt;Beyaz Polipropilen Caml\u0131 Plastik Enjeksiyon Rattan Oturma Tak\u0131m&lt;\/p&gt;&lt;p&gt;90 x 150 &Ouml;l&ccedil;&uuml;lerinde Masa&lt;\/p&gt;&lt;p&gt;6 Sandalye&lt;\/p&gt;<\/p>\n","protected":false},"excerpt":{"rendered":"<p>&lt;p&gt;Beyaz Polipropilen Caml\u0131 Plastik Enjeksiyon Rattan Oturma Tak\u0131m&lt;\/p&gt;&lt;p&gt;90 x 150 &Ouml;l&ccedil;&uuml;lerinde Masa&lt;\/p&gt;&lt;p&gt;6 Sandalye&lt;\/p&gt;<\/p>\n","protected":false},"featured_media":11500,"comment_status":"closed","ping_status":"open","template":"","meta":{"_joinchat":[]},"product_cat":[155,21],"product_tag":[],"class_list":{"0":"post-11499","1":"product","2":"type-product","3":"status-publish","4":"has-post-thumbnail","6":"product_cat-plastik-bahce-sandalyesi","7":"product_cat-rattan-enjeksiyon-sandalye","9":"first","10":"instock","11":"product-type-simple"},"_links":{"self":[{"href":"https:\/\/palmiyesusleme.com\/index.php\/wp-json\/wp\/v2\/product\/11499","targetHints":{"allow":["GET"]}}],"collection":[{"href":"https:\/\/palmiyesusleme.com\/index.php\/wp-json\/wp\/v2\/product"}],"about":[{"href":"https:\/\/palmiyesusleme.com\/index.php\/wp-json\/wp\/v2\/types\/product"}],"replies":[{"embeddable":true,"href":"https:\/\/palmiyesusleme.com\/index.php\/wp-json\/wp\/v2\/comments?post=11499"}],"wp:featuredmedia":[{"embeddable":true,"href":"https:\/\/palmiyesusleme.com\/index.php\/wp-json\/wp\/v2\/media\/11500"}],"wp:attachment":[{"href":"https:\/\/palmiyesusleme.com\/index.php\/wp-json\/wp\/v2\/media?parent=11499"}],"wp:term":[{"taxonomy":"product_cat","embeddable":true,"href":"https:\/\/palmiyesusleme.com\/index.php\/wp-json\/wp\/v2\/product_cat?post=11499"},{"taxonomy":"product_tag","embeddable":true,"href":"https:\/\/palmiyesusleme.com\/index.php\/wp-json\/wp\/v2\/product_tag?post=11499"}],"curies":[{"name":"wp","href":"https:\/\/api.w.org\/{rel}","templated":true}]}}