{"id":11501,"date":"2024-03-07T16:53:55","date_gmt":"2024-03-07T13:53:55","guid":{"rendered":"https:\/\/palmiyesusleme.com\/index.php\/urun\/camli-plastik-enjeksiyon-rattan-gorunumlu-ekonomik-bahce-takimlari\/"},"modified":"2024-03-07T16:53:58","modified_gmt":"2024-03-07T13:53:58","slug":"camli-plastik-enjeksiyon-rattan-gorunumlu-ekonomik-bahce-takimlari","status":"publish","type":"product","link":"https:\/\/palmiyesusleme.com\/index.php\/urun\/camli-plastik-enjeksiyon-rattan-gorunumlu-ekonomik-bahce-takimlari\/","title":{"rendered":"Caml\u0131 Plastik Enjeksiyon Rattan G\u00f6r\u00fcn\u00fcml\u00fc Ekonomik Bah\u00e7e Tak\u0131mlar\u0131"},"content":{"rendered":"<p>&lt;p style=&quot;margin-bottom: 10px; color: rgb(46, 48, 57); font-family: sans-serif; font-size: 16px; outline: none !important;&quot;&gt;Polipropilen Caml\u0131 Plastik Enjeksiyon Rattan Oturma Tak\u0131m&lt;\/p&gt;&lt;p style=&quot;margin-bottom: 10px; color: rgb(46, 48, 57); font-family: sans-serif; font-size: 16px; outline: none !important;&quot;&gt;90 x 150 &Ouml;l&ccedil;&uuml;lerinde Masa&lt;\/p&gt;&lt;p style=&quot;margin-bottom: 10px; color: rgb(46, 48, 57); font-family: sans-serif; font-size: 16px; outline: none !important;&quot;&gt;6 Sandalye&lt;\/p&gt;<\/p>\n","protected":false},"excerpt":{"rendered":"<p>&lt;p style=&quot;margin-bottom: 10px; color: rgb(46, 48, 57); font-family: sans-serif; font-size: 16px; outline: none !important;&quot;&gt;Polipropilen Caml\u0131 Plastik Enjeksiyon Rattan Oturma Tak\u0131m&lt;\/p&gt;&lt;p style=&quot;margin-bottom: 10px; color: rgb(46, 48, 57); font-family: sans-serif; font-size: 16px; outline: none !important;&quot;&gt;90 x 150 &Ouml;l&ccedil;&uuml;lerinde Masa&lt;\/p&gt;&lt;p style=&quot;margin-bottom: 10px; color: rgb(46, 48, 57); font-family: sans-serif; font-size: 16px; outline: none !important;&quot;&gt;6 Sandalye&lt;\/p&gt;<\/p>\n","protected":false},"featured_media":11502,"comment_status":"closed","ping_status":"open","template":"","meta":{"_joinchat":[]},"product_cat":[155,21],"product_tag":[],"class_list":{"0":"post-11501","1":"product","2":"type-product","3":"status-publish","4":"has-post-thumbnail","6":"product_cat-plastik-bahce-sandalyesi","7":"product_cat-rattan-enjeksiyon-sandalye","9":"first","10":"instock","11":"product-type-simple"},"_links":{"self":[{"href":"https:\/\/palmiyesusleme.com\/index.php\/wp-json\/wp\/v2\/product\/11501","targetHints":{"allow":["GET"]}}],"collection":[{"href":"https:\/\/palmiyesusleme.com\/index.php\/wp-json\/wp\/v2\/product"}],"about":[{"href":"https:\/\/palmiyesusleme.com\/index.php\/wp-json\/wp\/v2\/types\/product"}],"replies":[{"embeddable":true,"href":"https:\/\/palmiyesusleme.com\/index.php\/wp-json\/wp\/v2\/comments?post=11501"}],"wp:featuredmedia":[{"embeddable":true,"href":"https:\/\/palmiyesusleme.com\/index.php\/wp-json\/wp\/v2\/media\/11502"}],"wp:attachment":[{"href":"https:\/\/palmiyesusleme.com\/index.php\/wp-json\/wp\/v2\/media?parent=11501"}],"wp:term":[{"taxonomy":"product_cat","embeddable":true,"href":"https:\/\/palmiyesusleme.com\/index.php\/wp-json\/wp\/v2\/product_cat?post=11501"},{"taxonomy":"product_tag","embeddable":true,"href":"https:\/\/palmiyesusleme.com\/index.php\/wp-json\/wp\/v2\/product_tag?post=11501"}],"curies":[{"name":"wp","href":"https:\/\/api.w.org\/{rel}","templated":true}]}}