{"id":11531,"date":"2024-03-07T16:53:55","date_gmt":"2024-03-07T13:53:55","guid":{"rendered":"https:\/\/palmiyesusleme.com\/index.php\/urun\/kahve-renkli-rattan-enjeksiyon-balkon-sandalyesi\/"},"modified":"2024-03-07T16:54:09","modified_gmt":"2024-03-07T13:54:09","slug":"kahve-renkli-rattan-enjeksiyon-balkon-sandalyesi","status":"publish","type":"product","link":"https:\/\/palmiyesusleme.com\/index.php\/urun\/kahve-renkli-rattan-enjeksiyon-balkon-sandalyesi\/","title":{"rendered":"Kahve Renkli Rattan Enjeksiyon Balkon Sandalyesi"},"content":{"rendered":"<p>&lt;p&gt;Kahve Renkli Rattan Enjeksiyon Balkon Sandalyemiz, evinizin balkonu i\u00e7in ekonomik bir se\u00e7im. 6 katl\u0131 ma\u011fazam\u0131zda bu \u00fcr\u00fcn\u00fc ve di\u011fer \u00fcr\u00fcnlerimizi g\u00f6rebilirsiniz.&lt;\/p&gt;&lt;p&gt;Her t\u00fcrl\u00fc balkonda kullan\u0131labilecek model ve \u00f6l\u00e7\u00fclerde balkon sandalyesi fiyatlar\u0131.&lt;\/p&gt;&lt;p&gt;Bah\u00e7e ve balkonlarda kullan\u0131labilecek en ucuz &lt;b&gt;plastik masa ve sandalye&lt;\/b&gt; fiyatlar\u0131na sitemizden ula\u015fabilirsiniz.&lt;br&gt;&lt;\/p&gt;&lt;hr&gt;&lt;table class=&quot;table table-bordered table-condensed table-striped&quot;&gt;<br \/>\n&lt;caption class=&quot;text-center&quot;&gt;&lt;img src=&quot;image\/catalog\/olcuresimsablon\/klasik-sandalye-olcu-resim-yeni.png&quot; alt=&quot;Sandalye \u00d6l\u00e7\u00fc&quot;&gt;&lt;\/caption&gt;<br \/>\n&lt;tbody&gt;<br \/>\n&lt;tr&gt;<br \/>\n&lt;td class=&quot;text-center&quot;&gt;&lt;span class=&quot;text-center&quot; style=&quot;vertical-align: middle;&quot;&gt;&lt;strong&gt;Geni\u015flik&lt;\/strong&gt;&lt;\/span&gt;&lt;\/td&gt;<br \/>\n&lt;td class=&quot;text-center&quot;&gt;&lt;span class=&quot;text-center&quot; style=&quot;vertical-align: middle;&quot;&gt;&lt;strong&gt;Oturum Y\u00fcksekli\u011fi&lt;\/strong&gt;&lt;\/span&gt;&lt;\/td&gt;<br \/>\n&lt;td class=&quot;text-center&quot;&gt;&lt;span class=&quot;text-center&quot; style=&quot;vertical-align: middle;&quot;&gt;&lt;strong&gt;Derinlik&lt;\/strong&gt;&lt;\/span&gt;&lt;\/td&gt;<br \/>\n&lt;td class=&quot;text-center&quot;&gt;&lt;span class=&quot;text-center&quot; style=&quot;vertical-align: middle;&quot;&gt;&lt;strong&gt;Y\u00fckseklik&lt;\/strong&gt;&lt;\/span&gt;&lt;\/td&gt;<br \/>\n&lt;\/tr&gt;<br \/>\n&lt;tr&gt;<br \/>\n&lt;td class=&quot;text-center&quot;&gt;Sorunuz&lt;\/td&gt;<br \/>\n&lt;td class=&quot;text-center&quot;&gt;Sorunuz&lt;\/td&gt;<br \/>\n&lt;td class=&quot;text-center&quot;&gt;Sorunuz&lt;\/td&gt;<br \/>\n&lt;td class=&quot;text-center&quot;&gt;Sorunuz&lt;\/td&gt;<br \/>\n&lt;\/tr&gt;<br \/>\n&lt;tr&gt;<br \/>\n&lt;td class=&quot;text-center&quot; colspan=&quot;4&quot;&gt;\u0130ste\u011fe \u00f6zel olarak malzeme cinsinde (ah\u015fap,boya,kuma\u015f,deri) ve \u00fcr\u00fcn \u00f6l\u00e7\u00fclerinde de\u011fi\u015fiklik yap\u0131labilir.&lt;br&gt;&lt;\/td&gt;<br \/>\n&lt;\/tr&gt;<br \/>\n&lt;\/tbody&gt;<br \/>\n&lt;\/table&gt;&lt;p&gt;&lt;\/p&gt;<\/p>\n","protected":false},"excerpt":{"rendered":"<p>&lt;p&gt;Kahve Renkli Rattan Enjeksiyon Balkon Sandalyemiz, evinizin balkonu i\u00e7in ekonomik bir se\u00e7im. 6 katl\u0131 ma\u011fazam\u0131zda bu \u00fcr\u00fcn\u00fc ve di\u011fer \u00fcr\u00fcnlerimizi g\u00f6rebilirsiniz.&lt;\/p&gt;&lt;p&gt;Her t\u00fcrl\u00fc balkonda kullan\u0131labilecek model ve \u00f6l\u00e7\u00fclerde balkon sandalyesi fiyatlar\u0131.&lt;\/p&gt;&lt;p&gt;Bah\u00e7e ve balkonlarda kullan\u0131labilecek en ucuz &lt;b&gt;plastik masa ve sandalye&lt;\/b&gt; fiyatlar\u0131na sitemizden ula\u015fabilirsiniz.&lt;br&gt;&lt;\/p&gt;&lt;hr&gt;&lt;table class=&quot;table table-bordered table-condensed table-striped&quot;&gt; &lt;caption class=&quot;text-center&quot;&gt;&lt;img src=&quot;image\/catalog\/olcuresimsablon\/klasik-sandalye-olcu-resim-yeni.png&quot; alt=&quot;Sandalye \u00d6l\u00e7\u00fc&quot;&gt;&lt;\/caption&gt; &lt;tbody&gt; &lt;tr&gt; &lt;td class=&quot;text-center&quot;&gt;&lt;span [&hellip;]<\/p>\n","protected":false},"featured_media":11532,"comment_status":"closed","ping_status":"open","template":"","meta":{"_joinchat":[]},"product_cat":[207,20,48,19],"product_tag":[],"class_list":{"0":"post-11531","1":"product","2":"type-product","3":"status-publish","4":"has-post-thumbnail","6":"product_cat-bahce-rattan-kollu-sandalye","7":"product_cat-bahce-rattan-sandalyeleri","8":"product_cat-bahce-sandalyeleri","9":"product_cat-rattan-sandalyeler","11":"first","12":"instock","13":"product-type-simple"},"_links":{"self":[{"href":"https:\/\/palmiyesusleme.com\/index.php\/wp-json\/wp\/v2\/product\/11531","targetHints":{"allow":["GET"]}}],"collection":[{"href":"https:\/\/palmiyesusleme.com\/index.php\/wp-json\/wp\/v2\/product"}],"about":[{"href":"https:\/\/palmiyesusleme.com\/index.php\/wp-json\/wp\/v2\/types\/product"}],"replies":[{"embeddable":true,"href":"https:\/\/palmiyesusleme.com\/index.php\/wp-json\/wp\/v2\/comments?post=11531"}],"wp:featuredmedia":[{"embeddable":true,"href":"https:\/\/palmiyesusleme.com\/index.php\/wp-json\/wp\/v2\/media\/11532"}],"wp:attachment":[{"href":"https:\/\/palmiyesusleme.com\/index.php\/wp-json\/wp\/v2\/media?parent=11531"}],"wp:term":[{"taxonomy":"product_cat","embeddable":true,"href":"https:\/\/palmiyesusleme.com\/index.php\/wp-json\/wp\/v2\/product_cat?post=11531"},{"taxonomy":"product_tag","embeddable":true,"href":"https:\/\/palmiyesusleme.com\/index.php\/wp-json\/wp\/v2\/product_tag?post=11531"}],"curies":[{"name":"wp","href":"https:\/\/api.w.org\/{rel}","templated":true}]}}