{"id":11549,"date":"2024-03-07T16:54:11","date_gmt":"2024-03-07T13:54:11","guid":{"rendered":"https:\/\/palmiyesusleme.com\/index.php\/urun\/capuccino-rattan-gorunumlu-plastik-enjeksiyon-bahce-koltugu\/"},"modified":"2024-03-07T16:54:19","modified_gmt":"2024-03-07T13:54:19","slug":"capuccino-rattan-gorunumlu-plastik-enjeksiyon-bahce-koltugu","status":"publish","type":"product","link":"https:\/\/palmiyesusleme.com\/index.php\/urun\/capuccino-rattan-gorunumlu-plastik-enjeksiyon-bahce-koltugu\/","title":{"rendered":"Capuccino Rattan G\u00f6r\u00fcn\u00fcml\u00fc Plastik Enjeksiyon Bah\u00e7e Koltu\u011fu"},"content":{"rendered":"<p>&lt;p&gt;&lt;b&gt;Rattan&lt;\/b&gt; G\u00f6r\u00fcn\u00fcml\u00fc&lt;\/p&gt;&lt;p&gt;Enjeksiyon Bask\u0131&lt;\/p&gt;<\/p>\n","protected":false},"excerpt":{"rendered":"<p>&lt;p&gt;&lt;b&gt;Rattan&lt;\/b&gt; G\u00f6r\u00fcn\u00fcml\u00fc&lt;\/p&gt;&lt;p&gt;Enjeksiyon Bask\u0131&lt;\/p&gt;<\/p>\n","protected":false},"featured_media":11550,"comment_status":"closed","ping_status":"open","template":"","meta":{"_joinchat":[]},"product_cat":[207,211],"product_tag":[],"class_list":{"0":"post-11549","1":"product","2":"type-product","3":"status-publish","4":"has-post-thumbnail","6":"product_cat-bahce-rattan-kollu-sandalye","7":"product_cat-rattan-enjeksiyon-koltuk","9":"first","10":"instock","11":"product-type-simple"},"_links":{"self":[{"href":"https:\/\/palmiyesusleme.com\/index.php\/wp-json\/wp\/v2\/product\/11549","targetHints":{"allow":["GET"]}}],"collection":[{"href":"https:\/\/palmiyesusleme.com\/index.php\/wp-json\/wp\/v2\/product"}],"about":[{"href":"https:\/\/palmiyesusleme.com\/index.php\/wp-json\/wp\/v2\/types\/product"}],"replies":[{"embeddable":true,"href":"https:\/\/palmiyesusleme.com\/index.php\/wp-json\/wp\/v2\/comments?post=11549"}],"wp:featuredmedia":[{"embeddable":true,"href":"https:\/\/palmiyesusleme.com\/index.php\/wp-json\/wp\/v2\/media\/11550"}],"wp:attachment":[{"href":"https:\/\/palmiyesusleme.com\/index.php\/wp-json\/wp\/v2\/media?parent=11549"}],"wp:term":[{"taxonomy":"product_cat","embeddable":true,"href":"https:\/\/palmiyesusleme.com\/index.php\/wp-json\/wp\/v2\/product_cat?post=11549"},{"taxonomy":"product_tag","embeddable":true,"href":"https:\/\/palmiyesusleme.com\/index.php\/wp-json\/wp\/v2\/product_tag?post=11549"}],"curies":[{"name":"wp","href":"https:\/\/api.w.org\/{rel}","templated":true}]}}