{"id":11551,"date":"2024-03-07T16:54:11","date_gmt":"2024-03-07T13:54:11","guid":{"rendered":"https:\/\/palmiyesusleme.com\/index.php\/urun\/rattan-gorunumlu-siyah-plastik-enjeksiyon-sandalye\/"},"modified":"2024-03-07T16:54:19","modified_gmt":"2024-03-07T13:54:19","slug":"rattan-gorunumlu-siyah-plastik-enjeksiyon-sandalye","status":"publish","type":"product","link":"https:\/\/palmiyesusleme.com\/index.php\/urun\/rattan-gorunumlu-siyah-plastik-enjeksiyon-sandalye\/","title":{"rendered":"Rattan G\u00f6r\u00fcn\u00fcml\u00fc Siyah Plastik Enjeksiyon Sandalye"},"content":{"rendered":"<p>&lt;div class=&quot;row&quot;&gt;<br \/>\n&lt;div class=&quot;col-lg-6&quot;&gt;<br \/>\n&lt;p&gt;Rattan G\u00f6r\u00fcn\u00fcml\u00fc Siyah Plastik Enjeksiyon Koltu\u011fu&lt;\/p&gt;&lt;p&gt;\u00c7izikleri gizleme \u00f6zelli\u011fine sahiptir.&lt;\/p&gt;&lt;p&gt;6 adede kadar istiflenebilir&lt;\/p&gt;&lt;p&gt;S\u0131rt ve Koltuk Rattan G\u00f6r\u00fcn\u00fcml\u00fc&lt;\/p&gt;&lt;p&gt;Tek Par\u00e7a&lt;\/p&gt;&lt;p&gt;Plastik Enjeksiyon Sandalye&lt;\/p&gt;&lt;p&gt;Havuz Kenar\u0131, Cafe, Plaj, Yazl\u0131k, Bah\u00e7e tarz\u0131 mekanlarda rahatl\u0131kla kullanabilirsiniz.&lt;\/p&gt;&lt;p&gt;43x53x83 CM \/ 5.2 KG&lt;\/p&gt;&lt;p&gt;LOJ\u0130ST\u0130K &#8211; KOL\u0130&lt;br&gt;&lt;\/p&gt;&lt;p&gt;20&#039; DC : 200&lt;\/p&gt;&lt;p&gt;40&#039; DC : 400&lt;\/p&gt;&lt;p&gt;40&#039; HC : 480&lt;\/p&gt;&lt;p&gt;TIR : 600&lt;\/p&gt;&lt;p&gt;LOJ\u0130ST\u0130K &#8211; \u0130ST\u0130F&lt;\/p&gt;&lt;p&gt;20&#039; DC : 336&lt;\/p&gt;&lt;p&gt;40&#039; DC : 742&lt;\/p&gt;&lt;p&gt;40&#039; HC : 848&lt;\/p&gt;&lt;p&gt;TIR : 1020&lt;\/p&gt;<br \/>\n&lt;\/div&gt;<br \/>\n&lt;\/div&gt;<br \/>\n&lt;br&gt;<br \/>\n&lt;div class=&quot;col-lg-12&quot;&gt;<br \/>\n&lt;img src=&quot;https:\/\/www.palmiyekocak.com\/image\/catalog\/urun-detay-resimleri\/beyaz-plastik-sandalye-set-tps9912.jpg&quot; class=&quot;img-responsive center-block&quot;&gt;<br \/>\n&lt;\/div&gt;<br \/>\n&lt;div class=&quot;col-lg-12&quot;&gt;<br \/>\n&lt;img src=&quot;https:\/\/www.palmiyekocak.com\/image\/catalog\/urun-detay-resimleri\/beyaz-plastik-sandalye-tps9912.jpg&quot; class=&quot;img-responsive center-block&quot;&gt;<br \/>\n&lt;\/div&gt;<br \/>\n&lt;div class=&quot;col-lg-12&quot;&gt;<br \/>\n&lt;img src=&quot;https:\/\/www.palmiyekocak.com\/image\/catalog\/urun-detay-resimleri\/beyaz-plastik-yuvarlak-tablali-sandalye-set-tps9912.jpg&quot; class=&quot;img-responsive center-block&quot;&gt;<br \/>\n&lt;\/div&gt;<br \/>\n&lt;div class=&quot;col-lg-12&quot;&gt;<br \/>\n &lt;img src=&quot;https:\/\/www.palmiyekocak.com\/image\/catalog\/urun-detay-resimleri\/krem-plastik-sandalye-tps9912.jpg&quot; class=&quot;img-responsive center-block&quot;&gt;<br \/>\n&lt;\/div&gt;<br \/>\n&lt;div class=&quot;col-lg-12&quot;&gt;<br \/>\n &lt;img src=&quot;https:\/\/www.palmiyekocak.com\/image\/catalog\/urun-detay-resimleri\/kum-beji-plastik-sandalye-tps9912.jpg&quot; class=&quot;img-responsive center-block&quot;&gt;<br \/>\n&lt;\/div&gt;<br \/>\n&lt;div class=&quot;col-lg-12&quot;&gt;<br \/>\n &lt;img src=&quot;https:\/\/www.palmiyekocak.com\/image\/catalog\/urun-detay-resimleri\/venge-plastik-yuvarlak-tablali-sandalye-set-tps9912.jpg&quot; class=&quot;img-responsive center-block&quot;&gt;<br \/>\n&lt;\/div&gt;<\/p>\n","protected":false},"excerpt":{"rendered":"<p>&lt;div class=&quot;row&quot;&gt; &lt;div class=&quot;col-lg-6&quot;&gt; &lt;p&gt;Rattan G\u00f6r\u00fcn\u00fcml\u00fc Siyah Plastik Enjeksiyon Koltu\u011fu&lt;\/p&gt;&lt;p&gt;\u00c7izikleri gizleme \u00f6zelli\u011fine sahiptir.&lt;\/p&gt;&lt;p&gt;6 adede kadar istiflenebilir&lt;\/p&gt;&lt;p&gt;S\u0131rt ve Koltuk Rattan G\u00f6r\u00fcn\u00fcml\u00fc&lt;\/p&gt;&lt;p&gt;Tek Par\u00e7a&lt;\/p&gt;&lt;p&gt;Plastik Enjeksiyon Sandalye&lt;\/p&gt;&lt;p&gt;Havuz Kenar\u0131, Cafe, Plaj, Yazl\u0131k, Bah\u00e7e tarz\u0131 mekanlarda rahatl\u0131kla kullanabilirsiniz.&lt;\/p&gt;&lt;p&gt;43x53x83 CM \/ 5.2 KG&lt;\/p&gt;&lt;p&gt;LOJ\u0130ST\u0130K &#8211; KOL\u0130&lt;br&gt;&lt;\/p&gt;&lt;p&gt;20&#039; DC : 200&lt;\/p&gt;&lt;p&gt;40&#039; DC : 400&lt;\/p&gt;&lt;p&gt;40&#039; HC : 480&lt;\/p&gt;&lt;p&gt;TIR : 600&lt;\/p&gt;&lt;p&gt;LOJ\u0130ST\u0130K &#8211; \u0130ST\u0130F&lt;\/p&gt;&lt;p&gt;20&#039; DC : 336&lt;\/p&gt;&lt;p&gt;40&#039; DC [&hellip;]<\/p>\n","protected":false},"featured_media":11552,"comment_status":"closed","ping_status":"open","template":"","meta":{"_joinchat":[]},"product_cat":[154,155,153],"product_tag":[],"class_list":{"0":"post-11551","1":"product","2":"type-product","3":"status-publish","4":"has-post-thumbnail","6":"product_cat-ic-mekan-plastik-sandalye","7":"product_cat-plastik-bahce-sandalyesi","8":"product_cat-plastik-sandalye","10":"first","11":"instock","12":"product-type-simple"},"_links":{"self":[{"href":"https:\/\/palmiyesusleme.com\/index.php\/wp-json\/wp\/v2\/product\/11551","targetHints":{"allow":["GET"]}}],"collection":[{"href":"https:\/\/palmiyesusleme.com\/index.php\/wp-json\/wp\/v2\/product"}],"about":[{"href":"https:\/\/palmiyesusleme.com\/index.php\/wp-json\/wp\/v2\/types\/product"}],"replies":[{"embeddable":true,"href":"https:\/\/palmiyesusleme.com\/index.php\/wp-json\/wp\/v2\/comments?post=11551"}],"wp:featuredmedia":[{"embeddable":true,"href":"https:\/\/palmiyesusleme.com\/index.php\/wp-json\/wp\/v2\/media\/11552"}],"wp:attachment":[{"href":"https:\/\/palmiyesusleme.com\/index.php\/wp-json\/wp\/v2\/media?parent=11551"}],"wp:term":[{"taxonomy":"product_cat","embeddable":true,"href":"https:\/\/palmiyesusleme.com\/index.php\/wp-json\/wp\/v2\/product_cat?post=11551"},{"taxonomy":"product_tag","embeddable":true,"href":"https:\/\/palmiyesusleme.com\/index.php\/wp-json\/wp\/v2\/product_tag?post=11551"}],"curies":[{"name":"wp","href":"https:\/\/api.w.org\/{rel}","templated":true}]}}