{"id":11553,"date":"2024-03-07T16:54:11","date_gmt":"2024-03-07T13:54:11","guid":{"rendered":"https:\/\/palmiyesusleme.com\/index.php\/urun\/trend-fiberglass-ile-guclendirilmis-plastik-enjeksiyon-sandalye\/"},"modified":"2024-03-07T16:54:20","modified_gmt":"2024-03-07T13:54:20","slug":"trend-fiberglass-ile-guclendirilmis-plastik-enjeksiyon-sandalye","status":"publish","type":"product","link":"https:\/\/palmiyesusleme.com\/index.php\/urun\/trend-fiberglass-ile-guclendirilmis-plastik-enjeksiyon-sandalye\/","title":{"rendered":"Trend Fiberglass \u0130le G\u00fc\u00e7lendirilmi\u015f Plastik Enjeksiyon Sandalye"},"content":{"rendered":"<p>&lt;p&gt;Fiberglass \u0130le G\u00fc\u00e7lendirilmi\u015f \u00d6zel Tasar\u0131m Plastik Enjeksiyon Sandalyedir.&lt;\/p&gt;&lt;p&gt;Deniz kabu\u011fundan ilham al\u0131narak modellenmi\u015ftir.&lt;\/p&gt;&lt;p&gt;D\u0131\u015f ve \u0130\u00e7 mekan Uyumludur.&lt;\/p&gt;&lt;p&gt;Kolay Temizlenebilir.&lt;\/p&gt;&lt;p&gt;Montaj Gerektirir.&lt;\/p&gt;&lt;p&gt;Fiberglass ile g\u00fc\u00e7lendirilmi\u015ftir.&lt;\/p&gt;&lt;p&gt;\u00d6l\u00e7\u00fcleri : 49x49x80h cm&lt;\/p&gt;&lt;p&gt;&lt;img src=&quot;https:\/\/www.palmiyekocak.com\/image\/catalog\/urun-detay-resimleri\/siyah-cafe-restoran-yazlik-plastik-enjeksiyon-sandalye-detay-tps9913.jpg&quot; style=&quot;width: 600px;&quot;&gt;&lt;\/p&gt;&lt;p&gt;&lt;br&gt;&lt;\/p&gt;<\/p>\n","protected":false},"excerpt":{"rendered":"<p>&lt;p&gt;Fiberglass \u0130le G\u00fc\u00e7lendirilmi\u015f \u00d6zel Tasar\u0131m Plastik Enjeksiyon Sandalyedir.&lt;\/p&gt;&lt;p&gt;Deniz kabu\u011fundan ilham al\u0131narak modellenmi\u015ftir.&lt;\/p&gt;&lt;p&gt;D\u0131\u015f ve \u0130\u00e7 mekan Uyumludur.&lt;\/p&gt;&lt;p&gt;Kolay Temizlenebilir.&lt;\/p&gt;&lt;p&gt;Montaj Gerektirir.&lt;\/p&gt;&lt;p&gt;Fiberglass ile g\u00fc\u00e7lendirilmi\u015ftir.&lt;\/p&gt;&lt;p&gt;\u00d6l\u00e7\u00fcleri : 49x49x80h cm&lt;\/p&gt;&lt;p&gt;&lt;img src=&quot;https:\/\/www.palmiyekocak.com\/image\/catalog\/urun-detay-resimleri\/siyah-cafe-restoran-yazlik-plastik-enjeksiyon-sandalye-detay-tps9913.jpg&quot; style=&quot;width: 600px;&quot;&gt;&lt;\/p&gt;&lt;p&gt;&lt;br&gt;&lt;\/p&gt;<\/p>\n","protected":false},"featured_media":11554,"comment_status":"closed","ping_status":"open","template":"","meta":{"_joinchat":[]},"product_cat":[154,155,153],"product_tag":[],"class_list":{"0":"post-11553","1":"product","2":"type-product","3":"status-publish","4":"has-post-thumbnail","6":"product_cat-ic-mekan-plastik-sandalye","7":"product_cat-plastik-bahce-sandalyesi","8":"product_cat-plastik-sandalye","10":"first","11":"instock","12":"product-type-simple"},"_links":{"self":[{"href":"https:\/\/palmiyesusleme.com\/index.php\/wp-json\/wp\/v2\/product\/11553","targetHints":{"allow":["GET"]}}],"collection":[{"href":"https:\/\/palmiyesusleme.com\/index.php\/wp-json\/wp\/v2\/product"}],"about":[{"href":"https:\/\/palmiyesusleme.com\/index.php\/wp-json\/wp\/v2\/types\/product"}],"replies":[{"embeddable":true,"href":"https:\/\/palmiyesusleme.com\/index.php\/wp-json\/wp\/v2\/comments?post=11553"}],"wp:featuredmedia":[{"embeddable":true,"href":"https:\/\/palmiyesusleme.com\/index.php\/wp-json\/wp\/v2\/media\/11554"}],"wp:attachment":[{"href":"https:\/\/palmiyesusleme.com\/index.php\/wp-json\/wp\/v2\/media?parent=11553"}],"wp:term":[{"taxonomy":"product_cat","embeddable":true,"href":"https:\/\/palmiyesusleme.com\/index.php\/wp-json\/wp\/v2\/product_cat?post=11553"},{"taxonomy":"product_tag","embeddable":true,"href":"https:\/\/palmiyesusleme.com\/index.php\/wp-json\/wp\/v2\/product_tag?post=11553"}],"curies":[{"name":"wp","href":"https:\/\/api.w.org\/{rel}","templated":true}]}}