{"id":11555,"date":"2024-03-07T16:54:11","date_gmt":"2024-03-07T13:54:11","guid":{"rendered":"https:\/\/palmiyesusleme.com\/index.php\/urun\/fileli-ic-ice-gecebilen-plastik-enjeksiyon-cafe-restoran-havuz-villa-sandalyesi\/"},"modified":"2024-03-07T16:54:21","modified_gmt":"2024-03-07T13:54:21","slug":"fileli-ic-ice-gecebilen-plastik-enjeksiyon-cafe-restoran-havuz-villa-sandalyesi","status":"publish","type":"product","link":"https:\/\/palmiyesusleme.com\/index.php\/urun\/fileli-ic-ice-gecebilen-plastik-enjeksiyon-cafe-restoran-havuz-villa-sandalyesi\/","title":{"rendered":"Fileli \u0130\u00e7 \u0130\u00e7e Ge\u00e7ebilen Plastik Enjeksiyon Cafe Restoran Havuz Villa Sandalyesi"},"content":{"rendered":"<p>&lt;p&gt;\u0130\u00e7 \u0130\u00e7e Ge\u00e7ebilir.&lt;\/p&gt;&lt;p&gt;Hafif Pratik ve \u0130stiflenebilir.&lt;\/p&gt;&lt;p&gt;A\u00e7\u0131k havada kullan\u0131labilir.&lt;\/p&gt;&lt;p&gt;Cafe ve Restoran i\u00e7in idealdir.&lt;\/p&gt;&lt;p&gt;Plastik \u0130skeleti 6 Renk (Ah\u015fap, Kum Beji, Krem, Venge, Beyaz, Siyah)&lt;\/p&gt;&lt;p&gt;Filesi 13 Renk se\u00e7ilebilir. (Bej, Bej + S\u00fctl\u00fc Kahve, Bej + Sar\u0131, Gri Keten, Gold + Siyah , Siyah , Duman, Sar\u0131, K\u0131rm\u0131z\u0131, Mavi, Saks Mavi, Ye\u015fil, G\u00fcm\u00fc\u015f + Siyah )&lt;\/p&gt;<br \/>\n&lt;p class=&quot;text-center&quot;&gt;&lt;img src=&quot;https:\/\/www.palmiyekocak.com\/image\/catalog\/renk-kartelasi\/file-renkleri-tps9914.jpg&quot;&gt;&lt;\/p&gt;<br \/>\n&lt;p class=&quot;text-center&quot;&gt;&lt;img src=&quot;https:\/\/www.palmiyekocak.com\/image\/catalog\/urun-detay-resimleri\/mavi-koltuk-sirtligi-textilen-file-kapli-istiflenebilen-venge-dis-mekan-plastik-enjeksiyon-sandalye-tps9914.jpg&quot; style=&quot;width: 1200px;&quot;&gt;&lt;\/p&gt;<br \/>\n&lt;p class=&quot;text-center&quot;&gt;&lt;img src=&quot;https:\/\/www.palmiyekocak.com\/image\/catalog\/urun-detay-resimleri\/gri-fileli-ic-ice-gecebilen-siyah-dis-mekan-plastik-enjeksiyon-sandalye-tps9914.jpg&quot; style=&quot;width: 1200px;&quot;&gt;&lt;\/p&gt;<\/p>\n","protected":false},"excerpt":{"rendered":"<p>&lt;p&gt;\u0130\u00e7 \u0130\u00e7e Ge\u00e7ebilir.&lt;\/p&gt;&lt;p&gt;Hafif Pratik ve \u0130stiflenebilir.&lt;\/p&gt;&lt;p&gt;A\u00e7\u0131k havada kullan\u0131labilir.&lt;\/p&gt;&lt;p&gt;Cafe ve Restoran i\u00e7in idealdir.&lt;\/p&gt;&lt;p&gt;Plastik \u0130skeleti 6 Renk (Ah\u015fap, Kum Beji, Krem, Venge, Beyaz, Siyah)&lt;\/p&gt;&lt;p&gt;Filesi 13 Renk se\u00e7ilebilir. (Bej, Bej + S\u00fctl\u00fc Kahve, Bej + Sar\u0131, Gri Keten, Gold + Siyah , Siyah , Duman, Sar\u0131, K\u0131rm\u0131z\u0131, Mavi, Saks Mavi, Ye\u015fil, G\u00fcm\u00fc\u015f + Siyah )&lt;\/p&gt; &lt;p class=&quot;text-center&quot;&gt;&lt;img src=&quot;https:\/\/www.palmiyekocak.com\/image\/catalog\/renk-kartelasi\/file-renkleri-tps9914.jpg&quot;&gt;&lt;\/p&gt; [&hellip;]<\/p>\n","protected":false},"featured_media":11556,"comment_status":"closed","ping_status":"open","template":"","meta":{"_joinchat":[]},"product_cat":[154,155,153],"product_tag":[],"class_list":{"0":"post-11555","1":"product","2":"type-product","3":"status-publish","4":"has-post-thumbnail","6":"product_cat-ic-mekan-plastik-sandalye","7":"product_cat-plastik-bahce-sandalyesi","8":"product_cat-plastik-sandalye","10":"first","11":"instock","12":"product-type-simple"},"_links":{"self":[{"href":"https:\/\/palmiyesusleme.com\/index.php\/wp-json\/wp\/v2\/product\/11555","targetHints":{"allow":["GET"]}}],"collection":[{"href":"https:\/\/palmiyesusleme.com\/index.php\/wp-json\/wp\/v2\/product"}],"about":[{"href":"https:\/\/palmiyesusleme.com\/index.php\/wp-json\/wp\/v2\/types\/product"}],"replies":[{"embeddable":true,"href":"https:\/\/palmiyesusleme.com\/index.php\/wp-json\/wp\/v2\/comments?post=11555"}],"wp:featuredmedia":[{"embeddable":true,"href":"https:\/\/palmiyesusleme.com\/index.php\/wp-json\/wp\/v2\/media\/11556"}],"wp:attachment":[{"href":"https:\/\/palmiyesusleme.com\/index.php\/wp-json\/wp\/v2\/media?parent=11555"}],"wp:term":[{"taxonomy":"product_cat","embeddable":true,"href":"https:\/\/palmiyesusleme.com\/index.php\/wp-json\/wp\/v2\/product_cat?post=11555"},{"taxonomy":"product_tag","embeddable":true,"href":"https:\/\/palmiyesusleme.com\/index.php\/wp-json\/wp\/v2\/product_tag?post=11555"}],"curies":[{"name":"wp","href":"https:\/\/api.w.org\/{rel}","templated":true}]}}