{"id":11557,"date":"2024-03-07T16:54:11","date_gmt":"2024-03-07T13:54:11","guid":{"rendered":"https:\/\/palmiyesusleme.com\/index.php\/urun\/metal-ayakli-ic-ve-dis-mekan-siyah-otel-restoran-cafe-ev-plastik-enjeksiyon-sandalye\/"},"modified":"2024-03-07T16:54:22","modified_gmt":"2024-03-07T13:54:22","slug":"metal-ayakli-ic-ve-dis-mekan-siyah-otel-restoran-cafe-ev-plastik-enjeksiyon-sandalye","status":"publish","type":"product","link":"https:\/\/palmiyesusleme.com\/index.php\/urun\/metal-ayakli-ic-ve-dis-mekan-siyah-otel-restoran-cafe-ev-plastik-enjeksiyon-sandalye\/","title":{"rendered":"Metal Ayakl\u0131 \u0130\u00e7 ve D\u0131\u015f Mekan Siyah Otel Restoran Cafe Ev Plastik Enjeksiyon Sandalye"},"content":{"rendered":"<p>&lt;p&gt;Krem, k\u0131rm\u0131z\u0131, gri, a\u00e7\u0131k ye\u015fil, beyaz, sar\u0131, siyah, mavi ve turuncu renkleri mevcuttur.&amp;nbsp;&lt;\/p&gt;&lt;p&gt;Metal ayaklar\u0131 ve poli\u00fcretan g\u00f6vdesiyle i\u00e7 ve d\u0131\u015f mekan kullan\u0131ma uygundur.&lt;\/p&gt;&lt;p&gt;\u0130\u00e7 i\u00e7e ge\u00e7ebilir.&lt;\/p&gt;&lt;p&gt;\u00d6l\u00e7\u00fcleri 58x43x83cm&lt;\/p&gt;&lt;p&gt;A\u011f\u0131rl\u0131k : 3.9Kg&lt;\/p&gt;&lt;p&gt;Lojistik : 20&#039; DC : 220&lt;\/p&gt;&lt;p&gt;40&#039; DC : 440&lt;\/p&gt;&lt;p&gt;40&#039; HC : 516&lt;\/p&gt;&lt;p&gt;TIR : 592&lt;\/p&gt;<\/p>\n","protected":false},"excerpt":{"rendered":"<p>&lt;p&gt;Krem, k\u0131rm\u0131z\u0131, gri, a\u00e7\u0131k ye\u015fil, beyaz, sar\u0131, siyah, mavi ve turuncu renkleri mevcuttur.&amp;nbsp;&lt;\/p&gt;&lt;p&gt;Metal ayaklar\u0131 ve poli\u00fcretan g\u00f6vdesiyle i\u00e7 ve d\u0131\u015f mekan kullan\u0131ma uygundur.&lt;\/p&gt;&lt;p&gt;\u0130\u00e7 i\u00e7e ge\u00e7ebilir.&lt;\/p&gt;&lt;p&gt;\u00d6l\u00e7\u00fcleri 58x43x83cm&lt;\/p&gt;&lt;p&gt;A\u011f\u0131rl\u0131k : 3.9Kg&lt;\/p&gt;&lt;p&gt;Lojistik : 20&#039; DC : 220&lt;\/p&gt;&lt;p&gt;40&#039; DC : 440&lt;\/p&gt;&lt;p&gt;40&#039; HC : 516&lt;\/p&gt;&lt;p&gt;TIR : 592&lt;\/p&gt;<\/p>\n","protected":false},"featured_media":11558,"comment_status":"closed","ping_status":"open","template":"","meta":{"_joinchat":[]},"product_cat":[154,155,153],"product_tag":[],"class_list":{"0":"post-11557","1":"product","2":"type-product","3":"status-publish","4":"has-post-thumbnail","6":"product_cat-ic-mekan-plastik-sandalye","7":"product_cat-plastik-bahce-sandalyesi","8":"product_cat-plastik-sandalye","10":"first","11":"instock","12":"product-type-simple"},"_links":{"self":[{"href":"https:\/\/palmiyesusleme.com\/index.php\/wp-json\/wp\/v2\/product\/11557","targetHints":{"allow":["GET"]}}],"collection":[{"href":"https:\/\/palmiyesusleme.com\/index.php\/wp-json\/wp\/v2\/product"}],"about":[{"href":"https:\/\/palmiyesusleme.com\/index.php\/wp-json\/wp\/v2\/types\/product"}],"replies":[{"embeddable":true,"href":"https:\/\/palmiyesusleme.com\/index.php\/wp-json\/wp\/v2\/comments?post=11557"}],"wp:featuredmedia":[{"embeddable":true,"href":"https:\/\/palmiyesusleme.com\/index.php\/wp-json\/wp\/v2\/media\/11558"}],"wp:attachment":[{"href":"https:\/\/palmiyesusleme.com\/index.php\/wp-json\/wp\/v2\/media?parent=11557"}],"wp:term":[{"taxonomy":"product_cat","embeddable":true,"href":"https:\/\/palmiyesusleme.com\/index.php\/wp-json\/wp\/v2\/product_cat?post=11557"},{"taxonomy":"product_tag","embeddable":true,"href":"https:\/\/palmiyesusleme.com\/index.php\/wp-json\/wp\/v2\/product_tag?post=11557"}],"curies":[{"name":"wp","href":"https:\/\/api.w.org\/{rel}","templated":true}]}}